{"id":9235,"date":"2024-09-17T14:31:37","date_gmt":"2024-09-17T12:31:37","guid":{"rendered":"https:\/\/antcube.shop\/en\/product\/ameisenarena-abdeckung-20x10\/"},"modified":"2026-04-15T18:35:09","modified_gmt":"2026-04-15T16:35:09","slug":"cobertura-ant-arena-20x10","status":"publish","type":"product","link":"https:\/\/antcube.shop\/pt\/produto\/cobertura-ant-arena-20x10\/","title":{"rendered":"Cobertura da arena de formigas 20\u00d710"},"content":{"rendered":"<p><strong>Dimens\u00f5es (CxLxA):<\/strong> 20x10x0,4 cm<\/p>\n<p><strong>Material:<\/strong> vidro flotado<\/p>\n<p><strong>Cor:<\/strong> cristalino \/ transparente<\/p>\n<p><strong>Conte\u00fado:<\/strong><br \/>\n1x cobertura de arena de formigas<br \/>\n1x pontos de fixa\u00e7\u00e3o \u00e0 4 pcs.<\/p>\n<p><strong>Descri\u00e7\u00e3o:<\/strong><br \/>\nCobertura de vidro para o formigueiro como prote\u00e7\u00e3o contra a fuga<\/p>\n<p><strong>Aplica\u00e7\u00e3o:<\/strong><br \/>\nA cobertura de vidro para formigueiros \u00e9 colocada num formigueiro e \u00e9 tamb\u00e9m utilizada para regular o clima.<br \/>\nV\u00e1rios m\u00f3dulos para controlo clim\u00e1tico podem ser inseridos nas aberturas de 50mm, por exemplo, grelhas de ventila\u00e7\u00e3o, ilumina\u00e7\u00e3o ou humidifica\u00e7\u00e3o.<br \/>\nPara evitar a fuga de formigas atrav\u00e9s das aberturas, deve ser aplicada uma protec\u00e7\u00e3o de fuga (\u00f3leo, p\u00f3 ou verniz) na parte inferior \u00e0 volta dos orif\u00edcios.<\/p>\n<p><strong>Nota:<\/strong><br \/>\nUma vez que o artigo \u00e9 feito de vidro e, por conseguinte, \u00e9 fr\u00e1gil, deve ser manuseado com muito cuidado.<\/p>","protected":false},"excerpt":{"rendered":"<p>Dimens\u00f5es (CxLxA): 20x10x0,4 cm Material: vidro flotado Cor: cristalina \/ transparente Conte\u00fado: 1x tampa da arena de formigas 1x pontos de fixa\u00e7\u00e3o \u00e0 4 pcs. Descri\u00e7\u00e3o: Cobertura de vidro para o formigueiro como prote\u00e7\u00e3o contra a fuga Aplica\u00e7\u00e3o: A cobertura de vidro para o formigueiro \u00e9 colocada num formigueiro e tamb\u00e9m \u00e9 utilizada para a regula\u00e7\u00e3o do clima. V\u00e1rios tipos de controlo clim\u00e1tico","protected":false},"featured_media":9568,"comment_status":"open","ping_status":"closed","template":"","meta":{"_acf_changed":false,"content-type":"","_monsterinsights_skip_tracking":false,"_monsterinsights_sitenote_active":false,"_monsterinsights_sitenote_note":"","_monsterinsights_sitenote_category":0},"product_brand":[],"product_cat":[91,92],"product_tag":[],"class_list":{"0":"post-9235","1":"product","2":"type-product","3":"status-publish","4":"has-post-thumbnail","6":"product_cat-formicarium-modules","7":"product_cat-arena-cover","9":"first","10":"instock","11":"taxable","12":"shipping-taxable","13":"purchasable","14":"product-type-simple"},"acf":[],"aioseo_notices":[],"jetpack_sharing_enabled":true,"_links":{"self":[{"href":"https:\/\/antcube.shop\/pt\/wp-json\/wp\/v2\/product\/9235","targetHints":{"allow":["GET"]}}],"collection":[{"href":"https:\/\/antcube.shop\/pt\/wp-json\/wp\/v2\/product"}],"about":[{"href":"https:\/\/antcube.shop\/pt\/wp-json\/wp\/v2\/types\/product"}],"replies":[{"embeddable":true,"href":"https:\/\/antcube.shop\/pt\/wp-json\/wp\/v2\/comments?post=9235"}],"wp:featuredmedia":[{"embeddable":true,"href":"https:\/\/antcube.shop\/pt\/wp-json\/wp\/v2\/media\/9568"}],"wp:attachment":[{"href":"https:\/\/antcube.shop\/pt\/wp-json\/wp\/v2\/media?parent=9235"}],"wp:term":[{"taxonomy":"product_brand","embeddable":true,"href":"https:\/\/antcube.shop\/pt\/wp-json\/wp\/v2\/product_brand?post=9235"},{"taxonomy":"product_cat","embeddable":true,"href":"https:\/\/antcube.shop\/pt\/wp-json\/wp\/v2\/product_cat?post=9235"},{"taxonomy":"product_tag","embeddable":true,"href":"https:\/\/antcube.shop\/pt\/wp-json\/wp\/v2\/product_tag?post=9235"}],"curies":[{"name":"wp","href":"https:\/\/api.w.org\/{rel}","templated":true}]}}