{"id":9234,"date":"2024-09-17T14:31:14","date_gmt":"2024-09-17T12:31:14","guid":{"rendered":"https:\/\/antcube.shop\/en\/product\/ameisenarena-lufter-50mm\/"},"modified":"2026-04-05T17:10:30","modified_gmt":"2026-04-05T15:10:30","slug":"ventoinha-ant-arena-50mm","status":"publish","type":"product","link":"https:\/\/antcube.shop\/pt\/produto\/ventoinha-ant-arena-50mm\/","title":{"rendered":"Ant Arena - ventilador 50mm"},"content":{"rendered":"<p><span data-text-color=\"alert\"><strong>Envio apenas poss\u00edvel na Alemanha!<\/strong><\/span><\/p>\n<p><strong>Conte\u00fado:<\/strong><br \/>\n- Ventoinha 42mm<br \/>\n- Grelha de inser\u00e7\u00e3o 50 mm - transparente<br \/>\n- Ficha \/ conetor<\/p>\n<p><strong>Especifica\u00e7\u00f5es t\u00e9cnicas:<\/strong><br \/>\nPot\u00eancia: 1W<br \/>\nTens\u00e3o: 12V<br \/>\nComprimento do cabo: 10 cm<br \/>\nGama de temperaturas -10 - +60 \u00b0C<br \/>\nVida \u00fatil 50 000 h<br \/>\nCaudal de ar 10 m\u00b3\/h (com grelha de fixa\u00e7\u00e3o, o caudal \u00e9 reduzido em fun\u00e7\u00e3o do tamanho da abertura)<\/p>\n<p><strong>Material:<\/strong> pl\u00e1stico<\/p>\n<p><strong>Cor:<\/strong> branco \/ transparente<\/p>\n<p><strong>Descri\u00e7\u00e3o:<\/strong><br \/>\nPara ventilar um formigueiro, esta ventoinha pode ser ligada diretamente \u00e0 cobertura do formigueiro.<\/p>\n<p><strong>Informa\u00e7\u00e3o ambiental:<\/strong><br \/>\nPode ser necess\u00e1ria uma elimina\u00e7\u00e3o especial. Contactar as autoridades locais.<br \/>\nMais informa\u00e7\u00f5es:<\/p>\n<blockquote class=\"wp-embedded-content\" data-secret=\"E5wsFkHgL8\"><p><a href=\"https:\/\/antcube.shop\/en\/electrical-devices-act\/\">Lei dos Dispositivos El\u00e9ctricos<\/a><\/p><\/blockquote>\n<p><iframe loading=\"lazy\" class=\"wp-embedded-content\" sandbox=\"allow-scripts\" security=\"restricted\" style=\"position: absolute; visibility: hidden;\" title=\"&quot;Lei dos Dispositivos El\u00e9ctricos&quot; - ANTCUBE\" src=\"https:\/\/antcube.shop\/en\/electrical-devices-act\/embed\/#?secret=BvHuHVTyVI#?secret=E5wsFkHgL8\" data-secret=\"E5wsFkHgL8\" width=\"600\" height=\"338\" frameborder=\"0\" marginwidth=\"0\" marginheight=\"0\" scrolling=\"no\"><\/iframe><\/p>\n<p>&nbsp;<\/p>\n<p>Este artigo est\u00e1 registado ao abrigo do WEEE-Reg. DE 54590387.<\/p>\n<p>&nbsp;<\/p>","protected":false},"excerpt":{"rendered":"<p>Envio apenas poss\u00edvel na Alemanha! Conte\u00fado: - Ventilador 42mm - Grelha 50 mm - transparente - Ficha \/ conetor Especifica\u00e7\u00f5es t\u00e9cnicas: Pot\u00eancia: 1W Tens\u00e3o: 12V Comprimento do cabo: 10 cm Faixa de temperatura -10 - +60 \u00b0C Vida \u00fatil 50 000 h Caudal de ar 10 m\u00b3\/h (com grelha, o caudal \u00e9 reduzido dependendo [...]","protected":false},"featured_media":9512,"comment_status":"open","ping_status":"closed","template":"","meta":{"_acf_changed":false,"content-type":"","_monsterinsights_skip_tracking":false,"_monsterinsights_sitenote_active":false,"_monsterinsights_sitenote_note":"","_monsterinsights_sitenote_category":0},"product_brand":[],"product_cat":[359,119],"product_tag":[],"class_list":{"0":"post-9234","1":"product","2":"type-product","3":"status-publish","4":"has-post-thumbnail","6":"product_cat-light-heat-humidity","7":"product_cat-formicarium-components","9":"first","10":"instock","11":"taxable","12":"shipping-taxable","13":"purchasable","14":"product-type-simple"},"acf":[],"aioseo_notices":[],"jetpack_sharing_enabled":true,"_links":{"self":[{"href":"https:\/\/antcube.shop\/pt\/wp-json\/wp\/v2\/product\/9234","targetHints":{"allow":["GET"]}}],"collection":[{"href":"https:\/\/antcube.shop\/pt\/wp-json\/wp\/v2\/product"}],"about":[{"href":"https:\/\/antcube.shop\/pt\/wp-json\/wp\/v2\/types\/product"}],"replies":[{"embeddable":true,"href":"https:\/\/antcube.shop\/pt\/wp-json\/wp\/v2\/comments?post=9234"}],"wp:featuredmedia":[{"embeddable":true,"href":"https:\/\/antcube.shop\/pt\/wp-json\/wp\/v2\/media\/9512"}],"wp:attachment":[{"href":"https:\/\/antcube.shop\/pt\/wp-json\/wp\/v2\/media?parent=9234"}],"wp:term":[{"taxonomy":"product_brand","embeddable":true,"href":"https:\/\/antcube.shop\/pt\/wp-json\/wp\/v2\/product_brand?post=9234"},{"taxonomy":"product_cat","embeddable":true,"href":"https:\/\/antcube.shop\/pt\/wp-json\/wp\/v2\/product_cat?post=9234"},{"taxonomy":"product_tag","embeddable":true,"href":"https:\/\/antcube.shop\/pt\/wp-json\/wp\/v2\/product_tag?post=9234"}],"curies":[{"name":"wp","href":"https:\/\/api.w.org\/{rel}","templated":true}]}}