{"id":9233,"date":"2024-09-17T14:30:50","date_gmt":"2024-09-17T12:30:50","guid":{"rendered":"https:\/\/antcube.shop\/en\/product\/ameisenarena-lufter-set-50mm-mit-netzgerat\/"},"modified":"2026-04-02T18:12:07","modified_gmt":"2026-04-02T16:12:07","slug":"conjunto-de-ventoinhas-ant-arena-de-50-mm-com-fonte-de-alimentacao","status":"publish","type":"product","link":"https:\/\/antcube.shop\/pt\/produto\/conjunto-de-ventoinhas-ant-arena-de-50-mm-com-fonte-de-alimentacao\/","title":{"rendered":"Ant Arena - conjunto de ventoinhas de 50 mm com fonte de alimenta\u00e7\u00e3o"},"content":{"rendered":"<p><span data-text-color=\"alert\"><strong>Envio apenas poss\u00edvel na Alemanha!<\/strong><\/span><\/p>\n<p><strong>Conte\u00fado:<\/strong><br \/>\n- Ventoinha 42mm<br \/>\n- na inser\u00e7\u00e3o da grelha 50mm - transparente<br \/>\n- Unidade de alimenta\u00e7\u00e3o el\u00e9ctrica<br \/>\n- Ficha \/ conetor<\/p>\n<p><strong>Especifica\u00e7\u00f5es t\u00e9cnicas:<\/strong><br \/>\nSa\u00edda da unidade de alimenta\u00e7\u00e3o el\u00e9ctrica: 2,5 A (12W)<br \/>\nEntrada de tens\u00e3o: 100V-240V<br \/>\nSa\u00edda de tens\u00e3o: 5V<br \/>\nComprimento do cabo: 10 cm (ventilador)<br \/>\nComprimento do cabo: 90 cm (unidade de alimenta\u00e7\u00e3o el\u00e9ctrica)<br \/>\nVentoinha de alimenta\u00e7\u00e3o 1 W<br \/>\nGama de temperaturas -10 - +60 \u00b0C<br \/>\nVida \u00fatil 50 000 h<br \/>\nCaudal de ar 10 m\u00b3\/h (com grelha de fixa\u00e7\u00e3o, o caudal \u00e9 reduzido em fun\u00e7\u00e3o do tamanho da abertura)<\/p>\n<p><strong>Dimens\u00f5es:<\/strong> 5 x 5 x 1 cm (leque)<\/p>\n<p><strong>Material:<\/strong> pl\u00e1stico<\/p>\n<p><strong>Cor:<\/strong> transparente, transl\u00facido (ventilador); preto (fonte de alimenta\u00e7\u00e3o)<\/p>\n<p><strong>Descri\u00e7\u00e3o:<\/strong><br \/>\nA ventila\u00e7\u00e3o \u00e9 particularmente importante para conseguir um clima o mais natural poss\u00edvel num formic\u00e1rio e para evitar o desenvolvimento de bolores. O ventilador pode ser montado com as quatro aberturas para parafusos ou deve ser fixado com silicone ou um adesivo pl\u00e1stico. O motor funciona quase silenciosamente e sem vibra\u00e7\u00f5es.<\/p>\n<p><strong>Informa\u00e7\u00e3o ambiental:<\/strong><br \/>\nPode ser necess\u00e1ria uma elimina\u00e7\u00e3o especial. Contactar as autoridades locais.<br \/>\nMais informa\u00e7\u00f5es:<\/p>\n<blockquote class=\"wp-embedded-content\" data-secret=\"jOGF5OPQCF\"><p><a href=\"https:\/\/antcube.shop\/en\/electrical-devices-act\/\">Lei dos Dispositivos El\u00e9ctricos<\/a><\/p><\/blockquote>\n<p><iframe loading=\"lazy\" class=\"wp-embedded-content\" sandbox=\"allow-scripts\" security=\"restricted\" style=\"position: absolute; visibility: hidden;\" title=\"&quot;Lei dos Dispositivos El\u00e9ctricos&quot; - ANTCUBE\" src=\"https:\/\/antcube.shop\/en\/electrical-devices-act\/embed\/#?secret=NfRYQNwKWB#?secret=jOGF5OPQCF\" data-secret=\"jOGF5OPQCF\" width=\"600\" height=\"338\" frameborder=\"0\" marginwidth=\"0\" marginheight=\"0\" scrolling=\"no\"><\/iframe><\/p>","protected":false},"excerpt":{"rendered":"<p>Shipping only possible in Germany! Contents: &#8211; Fan 42mm &#8211; on grille insert 50mm &#8211; transparent &#8211; Power supply unit &#8211; Plug \/ connector Technical specifications: Power supply unit output: 2.5 A (12W) Voltage input: 100V-240V Voltage output: 5V Cable length: 10 cm (fan) Cable length: 90 cm (power supply unit) Power fan 1 W [&#8230;]","protected":false},"featured_media":9507,"comment_status":"open","ping_status":"closed","template":"","meta":{"_acf_changed":false,"content-type":"","_monsterinsights_skip_tracking":false,"_monsterinsights_sitenote_active":false,"_monsterinsights_sitenote_note":"","_monsterinsights_sitenote_category":0},"product_brand":[],"product_cat":[359,119],"product_tag":[],"class_list":{"0":"post-9233","1":"product","2":"type-product","3":"status-publish","4":"has-post-thumbnail","6":"product_cat-light-heat-humidity","7":"product_cat-formicarium-components","9":"first","10":"outofstock","11":"taxable","12":"shipping-taxable","13":"purchasable","14":"product-type-simple"},"acf":[],"aioseo_notices":[],"jetpack_sharing_enabled":true,"_links":{"self":[{"href":"https:\/\/antcube.shop\/pt\/wp-json\/wp\/v2\/product\/9233","targetHints":{"allow":["GET"]}}],"collection":[{"href":"https:\/\/antcube.shop\/pt\/wp-json\/wp\/v2\/product"}],"about":[{"href":"https:\/\/antcube.shop\/pt\/wp-json\/wp\/v2\/types\/product"}],"replies":[{"embeddable":true,"href":"https:\/\/antcube.shop\/pt\/wp-json\/wp\/v2\/comments?post=9233"}],"wp:featuredmedia":[{"embeddable":true,"href":"https:\/\/antcube.shop\/pt\/wp-json\/wp\/v2\/media\/9507"}],"wp:attachment":[{"href":"https:\/\/antcube.shop\/pt\/wp-json\/wp\/v2\/media?parent=9233"}],"wp:term":[{"taxonomy":"product_brand","embeddable":true,"href":"https:\/\/antcube.shop\/pt\/wp-json\/wp\/v2\/product_brand?post=9233"},{"taxonomy":"product_cat","embeddable":true,"href":"https:\/\/antcube.shop\/pt\/wp-json\/wp\/v2\/product_cat?post=9233"},{"taxonomy":"product_tag","embeddable":true,"href":"https:\/\/antcube.shop\/pt\/wp-json\/wp\/v2\/product_tag?post=9233"}],"curies":[{"name":"wp","href":"https:\/\/api.w.org\/{rel}","templated":true}]}}