{"id":9225,"date":"2024-09-17T14:27:37","date_gmt":"2024-09-17T12:27:37","guid":{"rendered":"https:\/\/antcube.shop\/en\/product\/antcube-ameisenarenaeinsatz-xl-30x30\/"},"modified":"2026-03-12T18:00:40","modified_gmt":"2026-03-12T17:00:40","slug":"antcube-ant-arena-insert-xl-30x30","status":"publish","type":"product","link":"https:\/\/antcube.shop\/pt\/produto\/antcube-ant-arena-insert-xl-30x30\/","title":{"rendered":"ANTCUBE inserir formiga - L - 30\u00d730"},"content":{"rendered":"<p><strong>Dimens\u00f5es:<\/strong><br \/>\nexterior: 290 x 58 x 276 mm<br \/>\ninterior: 284 x 50 x 269 mm<\/p>\n<p><strong>Material:<\/strong> vidro flotado<\/p>\n<p><strong>Cor:<\/strong> transparente<\/p>\n<p><strong>Conte\u00fado:<\/strong><br \/>\n1x inser\u00e7\u00e3o de arena de formigas<br \/>\n1x capa<br \/>\n1x pontos de fixa\u00e7\u00e3o 2 pcs.<\/p>\n<p><strong>Descri\u00e7\u00e3o:<\/strong><br \/>\nEsta inser\u00e7\u00e3o de nidifica\u00e7\u00e3o pode ser colocada num formigueiro ANTCUBE e preenchida com um material escav\u00e1vel (por exemplo, mistura de areia\/argila ou Digfix). A carater\u00edstica especial aqui \u00e9 que pode ser facilmente removido da arena, por exemplo, para passar o inverno com as formigas. Existem dois orif\u00edcios de 10 mm na sec\u00e7\u00e3o inferior para entrada e sa\u00edda e para ventila\u00e7\u00e3o. Estes podem ser fechados com tamp\u00f5es de 10 mm para o inverno (n\u00e3o inclu\u00eddos).<\/p>\n<p><strong>Nota:<\/strong> O vidro \u00e9 cortado \u00e0 medida, de acordo com a norma DIN 1249, com uma toler\u00e2ncia de +\/- 1 mm. Para esp\u00e9cies de formigas extremamente pequenas, \u00e9 essencial uma prote\u00e7\u00e3o adicional contra a fuga.<\/p>","protected":false},"excerpt":{"rendered":"<p>Tamanho: <span style=\"color: #ff0000;\"><strong>XL<\/strong><\/span><\/p>","protected":false},"featured_media":9531,"comment_status":"open","ping_status":"closed","template":"","meta":{"_acf_changed":false,"content-type":"","_monsterinsights_skip_tracking":false,"_monsterinsights_sitenote_active":false,"_monsterinsights_sitenote_note":"","_monsterinsights_sitenote_category":0},"product_brand":[],"product_cat":[91,94],"product_tag":[],"class_list":{"0":"post-9225","1":"product","2":"type-product","3":"status-publish","4":"has-post-thumbnail","6":"product_cat-formicarium-modules","7":"product_cat-arena-inset","9":"first","10":"instock","11":"taxable","12":"shipping-taxable","13":"purchasable","14":"product-type-simple"},"acf":[],"aioseo_notices":[],"jetpack_sharing_enabled":true,"_links":{"self":[{"href":"https:\/\/antcube.shop\/pt\/wp-json\/wp\/v2\/product\/9225","targetHints":{"allow":["GET"]}}],"collection":[{"href":"https:\/\/antcube.shop\/pt\/wp-json\/wp\/v2\/product"}],"about":[{"href":"https:\/\/antcube.shop\/pt\/wp-json\/wp\/v2\/types\/product"}],"replies":[{"embeddable":true,"href":"https:\/\/antcube.shop\/pt\/wp-json\/wp\/v2\/comments?post=9225"}],"wp:featuredmedia":[{"embeddable":true,"href":"https:\/\/antcube.shop\/pt\/wp-json\/wp\/v2\/media\/9531"}],"wp:attachment":[{"href":"https:\/\/antcube.shop\/pt\/wp-json\/wp\/v2\/media?parent=9225"}],"wp:term":[{"taxonomy":"product_brand","embeddable":true,"href":"https:\/\/antcube.shop\/pt\/wp-json\/wp\/v2\/product_brand?post=9225"},{"taxonomy":"product_cat","embeddable":true,"href":"https:\/\/antcube.shop\/pt\/wp-json\/wp\/v2\/product_cat?post=9225"},{"taxonomy":"product_tag","embeddable":true,"href":"https:\/\/antcube.shop\/pt\/wp-json\/wp\/v2\/product_tag?post=9225"}],"curies":[{"name":"wp","href":"https:\/\/api.w.org\/{rel}","templated":true}]}}