{"id":9222,"date":"2024-09-17T14:26:28","date_gmt":"2024-09-17T12:26:28","guid":{"rendered":"https:\/\/antcube.shop\/en\/product\/antcube-ameisenfarm-xl-40x20-stehend\/"},"modified":"2026-03-09T18:09:35","modified_gmt":"2026-03-09T17:09:35","slug":"antcube-ant-farm-xl-40x20-vertical","status":"publish","type":"product","link":"https:\/\/antcube.shop\/pt\/produto\/antcube-ant-farm-xl-40x20-vertical\/","title":{"rendered":"ANTCUBE - Col\u00f3nia de formigas - XL - 40\u00d720 - vertical"},"content":{"rendered":"<p><strong>Dimens\u00f5es (CxLxA):<\/strong><br \/>\nexterior: 390x58x299 mm<br \/>\ninterior: 384x50x190 mm<\/p>\n<p><strong>Material:<\/strong><br \/>\nVidro flutuante, pl\u00e1stico<\/p>\n<p><strong>cor:<\/strong><br \/>\nabsolutamente claro<\/p>\n<p><strong>Conte\u00fado:<\/strong><br \/>\n1x ANTCUBE ant farm - espa\u00e7amento entre placas de 52mm<br \/>\n1x cobertura para formigueiros XL 40\u00d76<br \/>\n2x fichas de 4mm<\/p>\n<p><strong>Conex\u00e3o:<\/strong><br \/>\nExiste um orif\u00edcio de 27 mm em ambos os lados para que esta quinta possa ser ligada a uma mangueira de 28 mm ou ao nosso \"conetor de dep\u00f3sito com mangueira para orif\u00edcios de 27 mm\".<br \/>\n2x furos de 4mm com tamp\u00f5es de 4mm.<\/p>\n<p><strong>Descri\u00e7\u00e3o:<\/strong><br \/>\nEsta fazenda de formigas totalmente transparente \u00e9 adequada para esp\u00e9cies de formigas tamanho M.<\/p>\n<p><strong>Notas sobre a produ\u00e7\u00e3o<\/strong><br \/>\nO vidro \u00e9 cortado de acordo com a norma DIN 1249 com uma toler\u00e2ncia de +\/;- 1mm. Para esp\u00e9cies de formigas extremamente pequenas, \u00e9 essencial uma protec\u00e7\u00e3o adicional contra a fuga de formigas.<\/p>\n<p><strong>Nota sobre a fazenda<\/strong><br \/>\nPara a fixa\u00e7\u00e3o dos tubos, \u00e9 necess\u00e1rio ter em aten\u00e7\u00e3o o seguinte<br \/>\nSe o tubo for muito dif\u00edcil de encaixar na tomada de liga\u00e7\u00e3o, a tomada deve ser ligeiramente esfregada com uma gota do nosso \u00f3leo ou p\u00f3 de prote\u00e7\u00e3o contra fugas. Em seguida, o tubo deve ser empurrado para a tomada com movimentos de tor\u00e7\u00e3o ou de aparafusamento, sem for\u00e7ar a tomada com movimentos para cima e para baixo.<\/p>","protected":false},"excerpt":{"rendered":"<p><strong>Conex\u00e3o:<\/strong> Furo de 27 mm<br \/>\n<strong>Tamanho<\/strong>: <span style=\"font-size: small;\"><span style=\"font-family: Arial;\"><strong>XL<\/strong><\/span><\/span><\/p>","protected":false},"featured_media":9537,"comment_status":"open","ping_status":"closed","template":"","meta":{"_acf_changed":false,"content-type":"","_monsterinsights_skip_tracking":false,"_monsterinsights_sitenote_active":false,"_monsterinsights_sitenote_note":"","_monsterinsights_sitenote_category":0},"product_brand":[],"product_cat":[80,84],"product_tag":[],"class_list":{"0":"post-9222","1":"product","2":"type-product","3":"status-publish","4":"has-post-thumbnail","6":"product_cat-antfarms","7":"product_cat-antfarms-xl","9":"first","10":"instock","11":"taxable","12":"shipping-taxable","13":"purchasable","14":"product-type-simple"},"acf":[],"aioseo_notices":[],"jetpack_sharing_enabled":true,"_links":{"self":[{"href":"https:\/\/antcube.shop\/pt\/wp-json\/wp\/v2\/product\/9222","targetHints":{"allow":["GET"]}}],"collection":[{"href":"https:\/\/antcube.shop\/pt\/wp-json\/wp\/v2\/product"}],"about":[{"href":"https:\/\/antcube.shop\/pt\/wp-json\/wp\/v2\/types\/product"}],"replies":[{"embeddable":true,"href":"https:\/\/antcube.shop\/pt\/wp-json\/wp\/v2\/comments?post=9222"}],"wp:featuredmedia":[{"embeddable":true,"href":"https:\/\/antcube.shop\/pt\/wp-json\/wp\/v2\/media\/9537"}],"wp:attachment":[{"href":"https:\/\/antcube.shop\/pt\/wp-json\/wp\/v2\/media?parent=9222"}],"wp:term":[{"taxonomy":"product_brand","embeddable":true,"href":"https:\/\/antcube.shop\/pt\/wp-json\/wp\/v2\/product_brand?post=9222"},{"taxonomy":"product_cat","embeddable":true,"href":"https:\/\/antcube.shop\/pt\/wp-json\/wp\/v2\/product_cat?post=9222"},{"taxonomy":"product_tag","embeddable":true,"href":"https:\/\/antcube.shop\/pt\/wp-json\/wp\/v2\/product_tag?post=9222"}],"curies":[{"name":"wp","href":"https:\/\/api.w.org\/{rel}","templated":true}]}}