{"id":9218,"date":"2024-09-17T14:24:56","date_gmt":"2024-09-17T12:24:56","guid":{"rendered":"https:\/\/antcube.shop\/en\/product\/antcube-ameisenfarm-xl-60x30-stehend\/"},"modified":"2026-04-02T09:54:11","modified_gmt":"2026-04-02T07:54:11","slug":"antcube-ant-farm-xl-60x30-vertical","status":"publish","type":"product","link":"https:\/\/antcube.shop\/pt\/produto\/antcube-ant-farm-xl-60x30-vertical\/","title":{"rendered":"ANTCUBE - Ant farm - XL - 60\u00d730 - vertical"},"content":{"rendered":"<p><span data-text-color=\"alert\"><strong>Envio apenas poss\u00edvel via GO! dentro da Alemanha ou via palete dentro da Europa (sem ilhas)<\/strong><\/span><\/p>\n<p><strong>Dimens\u00f5es (CxLxA):<\/strong><br \/>\nexterior: 590x58x299 mm<br \/>\ninterior: 584x50x290 mm<\/p>\n<p><strong>Material:<\/strong><br \/>\nVidro flutuante, pl\u00e1stico<\/p>\n<p><strong>cor:<\/strong><br \/>\nabsolutamente claro<\/p>\n<p><strong>Conte\u00fado:<\/strong><br \/>\n1x ANTCUBE ant farm - espa\u00e7amento entre placas de 52mm<br \/>\n1x cobertura para formigueiros XL 60\u00d76<br \/>\n2x fichas de 4mm<\/p>\n<p><strong>Conex\u00e3o:<\/strong><br \/>\nExiste um orif\u00edcio de 27 mm em ambos os lados para que esta quinta possa ser ligada a uma mangueira de 28 mm ou ao nosso \"conetor de dep\u00f3sito com mangueira para orif\u00edcios de 27 mm\".<br \/>\n2x furos de 4mm com tamp\u00f5es de 4mm.<\/p>\n<p><strong>Descri\u00e7\u00e3o:<\/strong><br \/>\nEsta fazenda de formigas totalmente transparente \u00e9 adequada para esp\u00e9cies de formigas tamanho M.<\/p>\n<p><strong>Notas sobre a produ\u00e7\u00e3o<\/strong><br \/>\nO vidro \u00e9 cortado de acordo com a norma DIN 1249 com uma toler\u00e2ncia de +\/;- 1mm. Para esp\u00e9cies de formigas extremamente pequenas, \u00e9 essencial uma protec\u00e7\u00e3o adicional contra a fuga de formigas.<\/p>\n<p><strong>Nota sobre a fazenda<\/strong><br \/>\nPara a fixa\u00e7\u00e3o dos tubos, \u00e9 necess\u00e1rio ter em aten\u00e7\u00e3o o seguinte<br \/>\nSe o tubo for muito dif\u00edcil de encaixar na tomada de liga\u00e7\u00e3o, a tomada deve ser ligeiramente esfregada com uma gota do nosso \u00f3leo ou p\u00f3 de prote\u00e7\u00e3o contra fugas. Em seguida, o tubo deve ser empurrado para a tomada com movimentos de tor\u00e7\u00e3o ou de aparafusamento, sem for\u00e7ar a tomada com movimentos para cima e para baixo.<\/p>","protected":false},"excerpt":{"rendered":"<p><strong>Liga\u00e7\u00e3o<\/strong>Furo de 27 mm para mangueira de 28 mm ou \"conetor de bacia com mangueira para furos de 27 mm\" + tampa Espa\u00e7amento da placa: Interior 52mm<\/p>\n<p><strong>Tamanho<\/strong>: XL<\/p>","protected":false},"featured_media":9546,"comment_status":"open","ping_status":"closed","template":"","meta":{"_acf_changed":false,"content-type":"","_monsterinsights_skip_tracking":false,"_monsterinsights_sitenote_active":false,"_monsterinsights_sitenote_note":"","_monsterinsights_sitenote_category":0},"product_brand":[],"product_cat":[80,84],"product_tag":[],"class_list":{"0":"post-9218","1":"product","2":"type-product","3":"status-publish","4":"has-post-thumbnail","6":"product_cat-antfarms","7":"product_cat-antfarms-xl","8":"product_shipping_class-fragile","10":"first","11":"instock","12":"taxable","13":"shipping-taxable","14":"purchasable","15":"product-type-simple"},"acf":[],"aioseo_notices":[],"jetpack_sharing_enabled":true,"_links":{"self":[{"href":"https:\/\/antcube.shop\/pt\/wp-json\/wp\/v2\/product\/9218","targetHints":{"allow":["GET"]}}],"collection":[{"href":"https:\/\/antcube.shop\/pt\/wp-json\/wp\/v2\/product"}],"about":[{"href":"https:\/\/antcube.shop\/pt\/wp-json\/wp\/v2\/types\/product"}],"replies":[{"embeddable":true,"href":"https:\/\/antcube.shop\/pt\/wp-json\/wp\/v2\/comments?post=9218"}],"wp:featuredmedia":[{"embeddable":true,"href":"https:\/\/antcube.shop\/pt\/wp-json\/wp\/v2\/media\/9546"}],"wp:attachment":[{"href":"https:\/\/antcube.shop\/pt\/wp-json\/wp\/v2\/media?parent=9218"}],"wp:term":[{"taxonomy":"product_brand","embeddable":true,"href":"https:\/\/antcube.shop\/pt\/wp-json\/wp\/v2\/product_brand?post=9218"},{"taxonomy":"product_cat","embeddable":true,"href":"https:\/\/antcube.shop\/pt\/wp-json\/wp\/v2\/product_cat?post=9218"},{"taxonomy":"product_tag","embeddable":true,"href":"https:\/\/antcube.shop\/pt\/wp-json\/wp\/v2\/product_tag?post=9218"}],"curies":[{"name":"wp","href":"https:\/\/api.w.org\/{rel}","templated":true}]}}