{"id":9212,"date":"2024-09-17T14:21:53","date_gmt":"2024-09-17T12:21:53","guid":{"rendered":"https:\/\/antcube.shop\/en\/product\/agave-10cm\/"},"modified":"2026-03-11T13:48:49","modified_gmt":"2026-03-11T12:48:49","slug":"agave-10cm","status":"publish","type":"product","link":"https:\/\/antcube.shop\/pt\/produto\/agave-10cm\/","title":{"rendered":"Agave - 10cm"},"content":{"rendered":"<p><strong>Dimens\u00f5es:<\/strong> 104 x 97 x 103 mm<\/p>\n<p><strong>Material:<\/strong> bet\u00e3o pol\u00edmero, argila, pl\u00e1stico<\/p>\n<p><strong>Cor:<\/strong><br \/>\nBase: cinzento-castanho<br \/>\nPlanta: verde-escuro-verde-claro com bordo cinzento<\/p>\n<p><strong>Conte\u00fado:<\/strong> 1 pe\u00e7a<\/p>\n<p><strong>Descri\u00e7\u00e3o:<\/strong> O pequeno agave \u00e9 feito de pl\u00e1stico robusto e tem uma base de resina sint\u00e9tica com um aspeto de pedra. Isto torna-o extremamente dur\u00e1vel e n\u00e3o pode ser danificado pelas formigas.<br \/>\nNo entanto, tem um aspeto muito natural e atraente e pode ser facilmente integrado num formic\u00e1rio.<\/p>\n<p><strong>Nota:<\/strong> Limpar com \u00e1gua corrente antes de utilizar!<\/p>","protected":false},"excerpt":{"rendered":"<p>Dimens\u00f5es: 104 x 97 x 103 mm Material: bet\u00e3o pol\u00edmero, argila, pl\u00e1stico Cor: Base: cinzento-castanho Planta: verde-escuro-verde-claro com rebordo cinzento Conte\u00fado: 1 pe\u00e7a Descri\u00e7\u00e3o: O pequeno agave \u00e9 feito de pl\u00e1stico robusto e tem uma base de resina sint\u00e9tica com um aspeto de pedra. Isto torna-o extremamente dur\u00e1vel e n\u00e3o pode ser danificado pelas formigas.","protected":false},"featured_media":9659,"comment_status":"open","ping_status":"closed","template":"","meta":{"_acf_changed":false,"content-type":"","_monsterinsights_skip_tracking":false,"_monsterinsights_sitenote_active":false,"_monsterinsights_sitenote_note":"","_monsterinsights_sitenote_category":0},"product_brand":[],"product_cat":[98,99],"product_tag":[],"class_list":{"0":"post-9212","1":"product","2":"type-product","3":"status-publish","4":"has-post-thumbnail","6":"product_cat-decoration","7":"product_cat-desert","9":"first","10":"instock","11":"taxable","12":"shipping-taxable","13":"purchasable","14":"product-type-simple"},"acf":[],"aioseo_notices":[],"jetpack_sharing_enabled":true,"_links":{"self":[{"href":"https:\/\/antcube.shop\/pt\/wp-json\/wp\/v2\/product\/9212","targetHints":{"allow":["GET"]}}],"collection":[{"href":"https:\/\/antcube.shop\/pt\/wp-json\/wp\/v2\/product"}],"about":[{"href":"https:\/\/antcube.shop\/pt\/wp-json\/wp\/v2\/types\/product"}],"replies":[{"embeddable":true,"href":"https:\/\/antcube.shop\/pt\/wp-json\/wp\/v2\/comments?post=9212"}],"wp:featuredmedia":[{"embeddable":true,"href":"https:\/\/antcube.shop\/pt\/wp-json\/wp\/v2\/media\/9659"}],"wp:attachment":[{"href":"https:\/\/antcube.shop\/pt\/wp-json\/wp\/v2\/media?parent=9212"}],"wp:term":[{"taxonomy":"product_brand","embeddable":true,"href":"https:\/\/antcube.shop\/pt\/wp-json\/wp\/v2\/product_brand?post=9212"},{"taxonomy":"product_cat","embeddable":true,"href":"https:\/\/antcube.shop\/pt\/wp-json\/wp\/v2\/product_cat?post=9212"},{"taxonomy":"product_tag","embeddable":true,"href":"https:\/\/antcube.shop\/pt\/wp-json\/wp\/v2\/product_tag?post=9212"}],"curies":[{"name":"wp","href":"https:\/\/api.w.org\/{rel}","templated":true}]}}