{"id":9208,"date":"2024-09-17T14:19:38","date_gmt":"2024-09-17T12:19:38","guid":{"rendered":"https:\/\/antcube.shop\/en\/product\/kleines-fettblatt\/"},"modified":"2026-04-13T09:34:47","modified_gmt":"2026-04-13T07:34:47","slug":"pequeno-fettblatt","status":"publish","type":"product","link":"https:\/\/antcube.shop\/pt\/produto\/pequeno-fettblatt\/","title":{"rendered":"Erva-manteiga pequena"},"content":{"rendered":"<p><strong>Dimens\u00f5es:<\/strong> aprox. 70 x 40 x 100 mm<\/p>\n<p><strong>Material:<\/strong> bet\u00e3o pol\u00edmero, argila, pl\u00e1stico<\/p>\n<p><strong>Cor:<\/strong><br \/>\nBase: verde, cinzento-claro-cinzento-escuro<br \/>\nPlanta: verde escuro<\/p>\n<p><strong>Conte\u00fado:<\/strong> 1 unidade.<\/p>\n<p><strong>Descri\u00e7\u00e3o:<\/strong> A pequena planta de borboleta \u00e9 feita de pl\u00e1stico robusto e tem uma base de resina sint\u00e9tica com um aspeto de pedra. Isto torna-a extremamente dur\u00e1vel e n\u00e3o pode ser danificada pelas formigas. No entanto, tem um aspeto muito natural e atraente e pode ser facilmente integrado num formic\u00e1rio.<\/p>\n<p><strong>Nota:<\/strong> Limpar com \u00e1gua corrente antes de utilizar!<\/p>","protected":false},"excerpt":{"rendered":"<p>Dimens\u00f5es: aprox. 7 x 4 x 10 cm<\/p>","protected":false},"featured_media":9360,"comment_status":"open","ping_status":"closed","template":"","meta":{"_acf_changed":false,"content-type":"","_monsterinsights_skip_tracking":false,"_monsterinsights_sitenote_active":false,"_monsterinsights_sitenote_note":"","_monsterinsights_sitenote_category":0},"product_brand":[],"product_cat":[98,102,100],"product_tag":[],"class_list":{"0":"post-9208","1":"product","2":"type-product","3":"status-publish","4":"has-post-thumbnail","6":"product_cat-decoration","7":"product_cat-meadow","8":"product_cat-rainforest","10":"first","11":"outofstock","12":"taxable","13":"shipping-taxable","14":"purchasable","15":"product-type-simple"},"acf":[],"aioseo_notices":[],"jetpack_sharing_enabled":true,"_links":{"self":[{"href":"https:\/\/antcube.shop\/pt\/wp-json\/wp\/v2\/product\/9208","targetHints":{"allow":["GET"]}}],"collection":[{"href":"https:\/\/antcube.shop\/pt\/wp-json\/wp\/v2\/product"}],"about":[{"href":"https:\/\/antcube.shop\/pt\/wp-json\/wp\/v2\/types\/product"}],"replies":[{"embeddable":true,"href":"https:\/\/antcube.shop\/pt\/wp-json\/wp\/v2\/comments?post=9208"}],"wp:featuredmedia":[{"embeddable":true,"href":"https:\/\/antcube.shop\/pt\/wp-json\/wp\/v2\/media\/9360"}],"wp:attachment":[{"href":"https:\/\/antcube.shop\/pt\/wp-json\/wp\/v2\/media?parent=9208"}],"wp:term":[{"taxonomy":"product_brand","embeddable":true,"href":"https:\/\/antcube.shop\/pt\/wp-json\/wp\/v2\/product_brand?post=9208"},{"taxonomy":"product_cat","embeddable":true,"href":"https:\/\/antcube.shop\/pt\/wp-json\/wp\/v2\/product_cat?post=9208"},{"taxonomy":"product_tag","embeddable":true,"href":"https:\/\/antcube.shop\/pt\/wp-json\/wp\/v2\/product_tag?post=9208"}],"curies":[{"name":"wp","href":"https:\/\/api.w.org\/{rel}","templated":true}]}}