{"id":9207,"date":"2024-09-17T14:19:09","date_gmt":"2024-09-17T12:19:09","guid":{"rendered":"https:\/\/antcube.shop\/en\/product\/grasstein-3cm\/"},"modified":"2026-03-29T20:20:29","modified_gmt":"2026-03-29T18:20:29","slug":"gramineas-3cm","status":"publish","type":"product","link":"https:\/\/antcube.shop\/pt\/produto\/gramineas-3cm\/","title":{"rendered":"Pedra de relva - 3cm"},"content":{"rendered":"<p><strong>Dimens\u00f5es:<\/strong> aprox. 86 x 29 x 30 mm<\/p>\n<p><strong>Material:<\/strong> bet\u00e3o pol\u00edmero, argila, pl\u00e1stico<\/p>\n<p><strong>Cor:<\/strong><br \/>\nBase: verde, cinzento escuro<br \/>\nPlanta: verde claro-verde escuro<\/p>\n<p><strong>Conte\u00fado:<\/strong> 1 unidade.<\/p>\n<p><strong>Descri\u00e7\u00e3o:<\/strong> Estas plantas s\u00e3o feitas de pl\u00e1stico robusto e t\u00eam uma base de resina sint\u00e9tica com um aspeto de pedra. Isto torna-as extremamente dur\u00e1veis e n\u00e3o podem ser danificadas pelas formigas. No entanto, t\u00eam um aspeto muito natural e atraente e podem ser facilmente integradas num formic\u00e1rio.<\/p>\n<p><strong>Nota:<\/strong> Limpar com \u00e1gua corrente antes de utilizar!<\/p>\n<p>&nbsp;<\/p>","protected":false},"excerpt":{"rendered":"<p>Dimens\u00f5es: aprox. 86 x 29 x 30 mm Material: bet\u00e3o pol\u00edmero, argila, pl\u00e1stico Cor: Base: verde, cinzento escuro Planta: verde claro-verde escuro Conte\u00fado: 1 unid. Descri\u00e7\u00e3o: Estas plantas s\u00e3o feitas de pl\u00e1stico robusto e t\u00eam uma base de resina sint\u00e9tica com um aspeto de pedra. Isto torna-as extremamente dur\u00e1veis e n\u00e3o podem ser danificadas pelas formigas.","protected":false},"featured_media":9356,"comment_status":"open","ping_status":"closed","template":"","meta":{"_acf_changed":false,"content-type":"","_monsterinsights_skip_tracking":false,"_monsterinsights_sitenote_active":false,"_monsterinsights_sitenote_note":"","_monsterinsights_sitenote_category":0},"product_brand":[],"product_cat":[98,102],"product_tag":[],"class_list":{"0":"post-9207","1":"product","2":"type-product","3":"status-publish","4":"has-post-thumbnail","6":"product_cat-decoration","7":"product_cat-meadow","9":"first","10":"instock","11":"taxable","12":"shipping-taxable","13":"purchasable","14":"product-type-simple"},"acf":[],"aioseo_notices":[],"jetpack_sharing_enabled":true,"_links":{"self":[{"href":"https:\/\/antcube.shop\/pt\/wp-json\/wp\/v2\/product\/9207","targetHints":{"allow":["GET"]}}],"collection":[{"href":"https:\/\/antcube.shop\/pt\/wp-json\/wp\/v2\/product"}],"about":[{"href":"https:\/\/antcube.shop\/pt\/wp-json\/wp\/v2\/types\/product"}],"replies":[{"embeddable":true,"href":"https:\/\/antcube.shop\/pt\/wp-json\/wp\/v2\/comments?post=9207"}],"wp:featuredmedia":[{"embeddable":true,"href":"https:\/\/antcube.shop\/pt\/wp-json\/wp\/v2\/media\/9356"}],"wp:attachment":[{"href":"https:\/\/antcube.shop\/pt\/wp-json\/wp\/v2\/media?parent=9207"}],"wp:term":[{"taxonomy":"product_brand","embeddable":true,"href":"https:\/\/antcube.shop\/pt\/wp-json\/wp\/v2\/product_brand?post=9207"},{"taxonomy":"product_cat","embeddable":true,"href":"https:\/\/antcube.shop\/pt\/wp-json\/wp\/v2\/product_cat?post=9207"},{"taxonomy":"product_tag","embeddable":true,"href":"https:\/\/antcube.shop\/pt\/wp-json\/wp\/v2\/product_tag?post=9207"}],"curies":[{"name":"wp","href":"https:\/\/api.w.org\/{rel}","templated":true}]}}