{"id":9030,"date":"2024-08-27T16:21:31","date_gmt":"2024-08-27T14:21:31","guid":{"rendered":"https:\/\/antcube.shop\/product\/antcube-digfix-terra-nidum-platte-40x20-l-beige\/"},"modified":"2026-04-14T14:05:23","modified_gmt":"2026-04-14T12:05:23","slug":"antcube-digfix-terra-nidum-placa-40x20-l-bege","status":"publish","type":"product","link":"https:\/\/antcube.shop\/pt\/produto\/antcube-digfix-terra-nidum-placa-40x20-l-bege\/","title":{"rendered":"ANTCUBE - Digfix Placa Terra nidum 40\u00d720 - L - bege"},"content":{"rendered":"<p><strong>Dimens\u00f5es:<\/strong> 383x160x19 mm<\/p>\n<p><strong>Material:<\/strong> Material \u00e0 base de resina diger\u00edvel<\/p>\n<p><strong>Descri\u00e7\u00e3o:<\/strong> A placa Terra nidum (latim para ninho de terra) feita de material escav\u00e1vel \u00e9 perfeita para as nossas col\u00f3nias de formigas ANTCUBE. Pode ser utilizado tanto seco como h\u00famido. Tamb\u00e9m \u00e9 adequado para muitas esp\u00e9cies de formigas, especialmente para esp\u00e9cies que fazem ninhos na areia e na madeira (morta). Pode ser utilizado em vez de misturas de areia\/argila ou ninhos de corti\u00e7a. A vantagem deste ninho \u00e9 que a humidade da placa \u00e9 mais f\u00e1cil de controlar devido a uma descolora\u00e7\u00e3o claramente vis\u00edvel e a colora\u00e7\u00e3o da placa oferece um super contraste com as esp\u00e9cies de formigas normalmente mais escuras. Al\u00e9m disso, os pain\u00e9is interiores do formigueiro n\u00e3o podem ser sujos com substrato, como \u00e9 o caso das misturas de areia\/argila, por exemplo, o que permite uma vis\u00e3o perfeita do ninho. O nosso material de nidifica\u00e7\u00e3o tem tamb\u00e9m uma estrutura muito mais firme para que os t\u00faneis e c\u00e2maras escavados pelas formigas n\u00e3o se desmoronem.<\/p>\n<p><strong>Nota:<\/strong> A cor natural pode variar entre o bege\/areia e o castanho claro. A tonalidade da cor n\u00e3o tem qualquer influ\u00eancia na qualidade.<br \/>\nAs dimens\u00f5es podem variar +\/- 1 mm devido ao processo de fabrico<\/p>","protected":false},"excerpt":{"rendered":"<p>Tamanho: <strong>L<\/strong><\/p>","protected":false},"featured_media":9039,"comment_status":"open","ping_status":"closed","template":"","meta":{"_acf_changed":false,"content-type":"","_monsterinsights_skip_tracking":false,"_monsterinsights_sitenote_active":false,"_monsterinsights_sitenote_note":"","_monsterinsights_sitenote_category":0},"product_brand":[],"product_cat":[257,87,88],"product_tag":[],"class_list":{"0":"post-9030","1":"product","2":"type-product","3":"status-publish","4":"has-post-thumbnail","6":"product_cat-new-innovatve-products","7":"product_cat-nest-insets","8":"product_cat-digfix","10":"first","11":"instock","12":"taxable","13":"shipping-taxable","14":"purchasable","15":"product-type-simple"},"acf":[],"aioseo_notices":[],"jetpack_sharing_enabled":true,"_links":{"self":[{"href":"https:\/\/antcube.shop\/pt\/wp-json\/wp\/v2\/product\/9030","targetHints":{"allow":["GET"]}}],"collection":[{"href":"https:\/\/antcube.shop\/pt\/wp-json\/wp\/v2\/product"}],"about":[{"href":"https:\/\/antcube.shop\/pt\/wp-json\/wp\/v2\/types\/product"}],"replies":[{"embeddable":true,"href":"https:\/\/antcube.shop\/pt\/wp-json\/wp\/v2\/comments?post=9030"}],"wp:featuredmedia":[{"embeddable":true,"href":"https:\/\/antcube.shop\/pt\/wp-json\/wp\/v2\/media\/9039"}],"wp:attachment":[{"href":"https:\/\/antcube.shop\/pt\/wp-json\/wp\/v2\/media?parent=9030"}],"wp:term":[{"taxonomy":"product_brand","embeddable":true,"href":"https:\/\/antcube.shop\/pt\/wp-json\/wp\/v2\/product_brand?post=9030"},{"taxonomy":"product_cat","embeddable":true,"href":"https:\/\/antcube.shop\/pt\/wp-json\/wp\/v2\/product_cat?post=9030"},{"taxonomy":"product_tag","embeddable":true,"href":"https:\/\/antcube.shop\/pt\/wp-json\/wp\/v2\/product_tag?post=9030"}],"curies":[{"name":"wp","href":"https:\/\/api.w.org\/{rel}","templated":true}]}}