{"id":8973,"date":"2024-08-19T20:50:58","date_gmt":"2024-08-19T18:50:58","guid":{"rendered":"https:\/\/antcube.shop\/product\/abstandshalter-fur-20mm-rohr\/"},"modified":"2026-03-05T18:06:15","modified_gmt":"2026-03-05T17:06:15","slug":"espacador-para-tubo-de-20-mm","status":"publish","type":"product","link":"https:\/\/antcube.shop\/pt\/produto\/espacador-para-tubo-de-20-mm\/","title":{"rendered":"Espa\u00e7ador para tubo de 20 mm"},"content":{"rendered":"<p><strong>Dimens\u00f5es do produto:<\/strong> 49x14x8mm (espa\u00e7ador)<\/p>\n<p><strong>Material:<\/strong> vidro acr\u00edlico, a\u00e7o mola<\/p>\n<p><strong>Cor:<\/strong> branco, cinzento a\u00e7o<\/p>\n<p><strong>Conte\u00fado:<\/strong><br \/>\n1x espa\u00e7ador<br \/>\n1x suporte de pin\u00e7a - a\u00e7o mola para 20mm<br \/>\n2x parafuso e bucha para montagem na parede<br \/>\n1x parafuso pequeno para fixar o suporte da pin\u00e7a ao espa\u00e7ador<\/p>\n<p><strong>Descri\u00e7\u00e3o:<\/strong><br \/>\nEspa\u00e7adores para fixar os tubos de acr\u00edlico \u00e0 parede. Estes foram desenvolvidos para ligar as nossas arenas de parede e quintas de formigas de parede umas \u00e0s outras ou a outros elementos atrav\u00e9s de tubos de acr\u00edlico. Isto preenche o espa\u00e7o entre a parede e os tubos de acr\u00edlico e permite que os tubos de acr\u00edlico sejam fixados de forma segura, firme e visualmente atractiva com suportes de grampos.<\/p>\n<p><strong>Nota:<\/strong><br \/>\nFornecido em pe\u00e7as individuais e deve ser fixado com uma chave de fendas Phillips<br \/>\nExistem pel\u00edculas protectoras finas em ambos os lados do espa\u00e7ador. Basta retir\u00e1-las.<\/p>\n<p><strong>Fixa\u00e7\u00e3o:<\/strong><br \/>\nPara fixar as 2 buchas \"S6\" na parede, \u00e9 necess\u00e1rio um berbequim com uma broca de 6 mm (madeira, pedra ou metal, consoante o material).<br \/>\nDevem ser efectuados furos de 40 mm de profundidade na parede para rebaixar as cavilhas de 6x30 mm com os parafusos de 4,5x40 mm.<br \/>\n<strong>Necess\u00e1rio para a montagem:<\/strong><br \/>\n- N\u00edvel de bolha de ar<br \/>\n- Fita adesiva para n\u00e3o ter de marcar a parede por baixo.<br \/>\n- Chave de fendas Phillips<br \/>\n- Berbequim\/aparafusadora consoante a parede<br \/>\n- Broca de 6 mm (madeira, pedra ou metal, consoante a superf\u00edcie)<\/p>","protected":false},"excerpt":{"rendered":"<p>Dimens\u00f5es do produto: 49x14x8mm (espa\u00e7ador) Material: vidro acr\u00edlico, a\u00e7o de mola Cor: branco, cinzento a\u00e7o Conte\u00fado: 1x espa\u00e7ador 1x suporte de grampo - a\u00e7o de mola para 20mm 2x parafuso e bucha para montagem na parede 1x parafuso pequeno para fixar o suporte de grampo ao espa\u00e7ador Descri\u00e7\u00e3o: Espa\u00e7adores para fixar tubos de acr\u00edlico \u00e0 parede. Estes foram desenvolvidos para","protected":false},"featured_media":8991,"comment_status":"open","ping_status":"closed","template":"","meta":{"_acf_changed":false,"content-type":"","_monsterinsights_skip_tracking":false,"_monsterinsights_sitenote_active":false,"_monsterinsights_sitenote_note":"","_monsterinsights_sitenote_category":0},"product_brand":[],"product_cat":[345,119,120],"product_tag":[],"class_list":{"0":"post-8973","1":"product","2":"type-product","3":"status-publish","4":"has-post-thumbnail","6":"product_cat-pipe-connectors","7":"product_cat-formicarium-components","8":"product_cat-hoses","10":"first","11":"instock","12":"taxable","13":"shipping-taxable","14":"purchasable","15":"product-type-simple"},"acf":[],"aioseo_notices":[],"jetpack_sharing_enabled":true,"_links":{"self":[{"href":"https:\/\/antcube.shop\/pt\/wp-json\/wp\/v2\/product\/8973","targetHints":{"allow":["GET"]}}],"collection":[{"href":"https:\/\/antcube.shop\/pt\/wp-json\/wp\/v2\/product"}],"about":[{"href":"https:\/\/antcube.shop\/pt\/wp-json\/wp\/v2\/types\/product"}],"replies":[{"embeddable":true,"href":"https:\/\/antcube.shop\/pt\/wp-json\/wp\/v2\/comments?post=8973"}],"wp:featuredmedia":[{"embeddable":true,"href":"https:\/\/antcube.shop\/pt\/wp-json\/wp\/v2\/media\/8991"}],"wp:attachment":[{"href":"https:\/\/antcube.shop\/pt\/wp-json\/wp\/v2\/media?parent=8973"}],"wp:term":[{"taxonomy":"product_brand","embeddable":true,"href":"https:\/\/antcube.shop\/pt\/wp-json\/wp\/v2\/product_brand?post=8973"},{"taxonomy":"product_cat","embeddable":true,"href":"https:\/\/antcube.shop\/pt\/wp-json\/wp\/v2\/product_cat?post=8973"},{"taxonomy":"product_tag","embeddable":true,"href":"https:\/\/antcube.shop\/pt\/wp-json\/wp\/v2\/product_tag?post=8973"}],"curies":[{"name":"wp","href":"https:\/\/api.w.org\/{rel}","templated":true}]}}