{"id":8970,"date":"2024-08-19T20:48:32","date_gmt":"2024-08-19T18:48:32","guid":{"rendered":"https:\/\/antcube.shop\/product\/wand-formicarien-set\/"},"modified":"2026-03-04T17:24:31","modified_gmt":"2026-03-04T16:24:31","slug":"conjunto-de-formicario-de-parede","status":"publish","type":"product","link":"https:\/\/antcube.shop\/pt\/produto\/conjunto-de-formicario-de-parede\/","title":{"rendered":"Conjunto de formic\u00e1rio de parede"},"content":{"rendered":"<p><strong>Inclui:<\/strong><br \/>\n1x Arena de formigas montada na parede - 30x15x15<br \/>\n1x viveiro de formigas de parede - L - 30\u00d730 - vidro<br \/>\n1x quadro de arena de formigas 30\u00d715<br \/>\n1x cobertura de arena de formigas 30\u00d715<\/p>\n<p>3x conetor de tubo cristalino para 20mm - L<br \/>\n1x conetor de tubo cristalino para 20mm - I<br \/>\n1x conetor de bacia 3\/4\u2033 a 20mm - cristalino<br \/>\n1x tubo de formiga - cristalino 20mm (3x3cm e 1x30cm)<br \/>\n1x espa\u00e7ador com suporte de grampo de 20 mm<br \/>\n1x Tampa da grelha - 16mm - a\u00e7o inoxid\u00e1vel<br \/>\n2x Grid insert acrylic &#8211; 50 mm with sealing ring<br \/>\n1x Grid insert acrylic &#8211; 27 mm with sealing ring<br \/>\n1x porca de formic\u00e1rio 3\/4 polegadas - cristalina<br \/>\n8x inser\u00e7\u00e3o de borracha para furos como prote\u00e7\u00e3o<br \/>\n8x anilhas<br \/>\nincl. 8x parafusos e cavilhas<\/p>\n<p><strong>Descri\u00e7\u00e3o:<\/strong><br \/>\nEste conjunto de formic\u00e1rio de parede foi desenvolvido para montagem na parede e \u00e9 f\u00e1cil de instalar em paredes de madeira e pedra. Tanto a arena como o viveiro de formigas s\u00e3o totalmente transparentes, permitindo uma boa vis\u00e3o do ninho. Como material de nidifica\u00e7\u00e3o para as formigas, podem ser utilizados areia e argila ou um dos nossos insertos de nidifica\u00e7\u00e3o em corti\u00e7a ou Digfix. Para ligar o formigueiro e a arena, inclu\u00edmos no conjunto tubos de acr\u00edlico cortados \u00e0 medida. Os parafusos e as buchas para fixar \u00e0 parede tamb\u00e9m est\u00e3o inclu\u00eddos no conjunto.<\/p>\n<p><strong>Instru\u00e7\u00f5es de instala\u00e7\u00e3o:<\/strong><\/p>\n<p><strong>Devido ao facto de o painel de vidro ser uma parede traseira, a parede por baixo deve ser completamente direita.<\/strong><br \/>\nPara fixar as 8 cavilhas \"S6\" na parede, \u00e9 necess\u00e1rio um berbequim com uma broca de 6 mm (madeira, pedra ou metal, consoante o material). \u00c9 necess\u00e1rio efetuar furos de 45 mm de profundidade na parede para contrapor as cavilhas de 6x30 mm com os parafusos de 4,5x40 mm.<br \/>\n<strong>Necess\u00e1rio para a montagem:<\/strong><br \/>\n- n\u00edvel de bolha<br \/>\n- Fita adesiva para n\u00e3o ter de marcar a parede por baixo.<br \/>\n- Chave de fendas Phillips<br \/>\n- Berbequim\/aparafusadora consoante a parede<br \/>\n- Broca de 6 mm (madeira, pedra ou metal, consoante a superf\u00edcie)<br \/>\n- Tamb\u00e9m \u00e9 \u00fatil fazer um modelo para os furos a partir de uma folha de papel. Basta coloc\u00e1-la por baixo da parede traseira e marcar os furos.<\/p>\n<p><strong>Pormenores da explora\u00e7\u00e3o de formigas:<\/strong><br \/>\nDimens\u00f5es (CxA):<br \/>\nParede traseira (6 mm de espessura): 400x293mm<\/p>\n<p>Exterior (sem painel traseiro)<br \/>\n334x28x296mm<\/p>\n<p>No interior<br \/>\n284x20x290 mm<\/p>\n<p><strong>Material:<\/strong><br \/>\nVidro flutuante<\/p>\n<p><strong>cor:<\/strong><br \/>\nabsolutamente claro<\/p>\n<p><strong>Pormenores da arena das formigas:<\/strong><br \/>\nDimens\u00f5es (CxLxA):<br \/>\nParede traseira (6mm): 400x150mm<\/p>\n<p>Arena (sem parede traseira): 300x146x150mm<\/p>\n<p><strong>material:<\/strong><br \/>\nVidro flutuante<\/p>\n<p><strong>Cor:<\/strong><br \/>\nabsolutamente claro<\/p>\n<p><strong>Dimens\u00f5es (CxLxA):<\/strong><br \/>\nParede traseira (6mm): 400x150mm<\/p>\n<p>Arena (sem painel traseiro): 300x146x150mm<\/p>\n<p><strong>material:<\/strong><br \/>\nVidro flutuante<\/p>\n<p><strong>Cor:<\/strong><br \/>\nabsolutamente claro<\/p>\n<p><strong>Notas sobre a produ\u00e7\u00e3o<\/strong><br \/>\nO vidro \u00e9 cortado \u00e0 medida, de acordo com a norma DIN 1249, com uma toler\u00e2ncia de +\/- 1 mm. \u00c9 indispens\u00e1vel uma prote\u00e7\u00e3o adicional contra a fuga para esp\u00e9cies de formigas extremamente pequenas.<br \/>\nComo os nossos produtos s\u00e3o fabricados \u00e0 m\u00e3o, podem ocorrer desvios m\u00ednimos, apesar do maior cuidado.<\/p>\n<p><strong>Nota sobre a fazenda<\/strong><br \/>\n<strong>Ao anexar ou remover mangueiras, por favor note o seguinte:<\/strong><br \/>\nSe o tubo for muito dif\u00edcil de encaixar na tomada de liga\u00e7\u00e3o, a tomada deve ser ligeiramente esfregada com uma gota do nosso \u00f3leo ou p\u00f3 de prote\u00e7\u00e3o contra fugas. O tubo deve ent\u00e3o ser empurrado para a tomada com movimentos de tor\u00e7\u00e3o ou de aparafusamento, sem for\u00e7ar a tomada com movimentos para cima e para baixo. O mesmo se aplica \u00e0 remo\u00e7\u00e3o das mangueiras da tomada de liga\u00e7\u00e3o agr\u00edcola. Por favor, n\u00e3o a puxe simplesmente!<\/p>","protected":false},"excerpt":{"rendered":"<p>Este conjunto \u00e9 composto por 21 pe\u00e7as<\/p>\n<p>Tamanho: <span style=\"color: #0000ff;\"><strong>L<\/strong> <\/span><\/p>","protected":false},"featured_media":8995,"comment_status":"open","ping_status":"closed","template":"","meta":{"_acf_changed":false,"content-type":"","_monsterinsights_skip_tracking":false,"_monsterinsights_sitenote_active":false,"_monsterinsights_sitenote_note":"","_monsterinsights_sitenote_category":0},"product_brand":[],"product_cat":[257,73,86],"product_tag":[],"class_list":{"0":"post-8970","1":"product","2":"type-product","3":"status-publish","4":"has-post-thumbnail","6":"product_cat-new-innovatve-products","7":"product_cat-starter-sets","8":"product_cat-formicariums","10":"first","11":"instock","12":"taxable","13":"shipping-taxable","14":"purchasable","15":"product-type-simple"},"acf":[],"aioseo_notices":[],"jetpack_sharing_enabled":true,"_links":{"self":[{"href":"https:\/\/antcube.shop\/pt\/wp-json\/wp\/v2\/product\/8970","targetHints":{"allow":["GET"]}}],"collection":[{"href":"https:\/\/antcube.shop\/pt\/wp-json\/wp\/v2\/product"}],"about":[{"href":"https:\/\/antcube.shop\/pt\/wp-json\/wp\/v2\/types\/product"}],"replies":[{"embeddable":true,"href":"https:\/\/antcube.shop\/pt\/wp-json\/wp\/v2\/comments?post=8970"}],"wp:featuredmedia":[{"embeddable":true,"href":"https:\/\/antcube.shop\/pt\/wp-json\/wp\/v2\/media\/8995"}],"wp:attachment":[{"href":"https:\/\/antcube.shop\/pt\/wp-json\/wp\/v2\/media?parent=8970"}],"wp:term":[{"taxonomy":"product_brand","embeddable":true,"href":"https:\/\/antcube.shop\/pt\/wp-json\/wp\/v2\/product_brand?post=8970"},{"taxonomy":"product_cat","embeddable":true,"href":"https:\/\/antcube.shop\/pt\/wp-json\/wp\/v2\/product_cat?post=8970"},{"taxonomy":"product_tag","embeddable":true,"href":"https:\/\/antcube.shop\/pt\/wp-json\/wp\/v2\/product_tag?post=8970"}],"curies":[{"name":"wp","href":"https:\/\/api.w.org\/{rel}","templated":true}]}}