{"id":8969,"date":"2024-08-19T20:48:04","date_gmt":"2024-08-19T18:48:04","guid":{"rendered":"https:\/\/antcube.shop\/product\/wand-ameisenarena-30x15x30\/"},"modified":"2026-04-09T14:37:42","modified_gmt":"2026-04-09T12:37:42","slug":"parede-ant-arena-30x15x30","status":"publish","type":"product","link":"https:\/\/antcube.shop\/pt\/produto\/parede-ant-arena-30x15x30\/","title":{"rendered":"Arena de formigas de parede - 30x15x30"},"content":{"rendered":"<p><strong>Dimens\u00f5es (CxA):<\/strong><br \/>\nParede traseira (6mm): 400x300mm<\/p>\n<p><strong>Arena (sem painel traseiro):<\/strong> 300x146x300mm<\/p>\n<p><strong>Material:<\/strong><br \/>\nVidro flutuante<\/p>\n<p><strong>Cor:<\/strong><br \/>\nabsolutamente claro<\/p>\n<p><strong>Conte\u00fado:<\/strong><br \/>\n1x arena de formigas de parede - 30x15x30<br \/>\n4x inser\u00e7\u00e3o de borracha para furos como prote\u00e7\u00e3o<br \/>\n4x anilha para furos<br \/>\n4x fichas e parafusos<\/p>\n<p><strong>Conex\u00e3o:<\/strong><br \/>\n<strong>ATEN\u00c7\u00c3O: 2 tamp\u00f5es\/inser\u00e7\u00f5es de grelha\/conectores (conforme necess\u00e1rio) para os orif\u00edcios laterais de 27 mm n\u00e3o est\u00e3o inclu\u00eddos no \u00e2mbito da entrega<\/strong><br \/>\n2x furo de 50 mm na parte inferior (centro do furo a 4 cm do bordo inferior)<br \/>\n2x furo de 50 mm na parte superior (centro do furo a 4 cm da borda superior)<\/p>\n<p><strong>Descri\u00e7\u00e3o:<\/strong><br \/>\nEsta arena de formigas foi desenvolvida para montagem na parede e \u00e9 f\u00e1cil de instalar em paredes de madeira e pedra. Podem ser ligados outros formigueiros e arenas atrav\u00e9s dos orif\u00edcios laterais de 27 mm. Pode ser utilizada uma mangueira, um tubo de acr\u00edlico transparente ou a \"escada de formigas\" como liga\u00e7\u00e3o. Tamb\u00e9m oferecemos um viveiro de formigas de parede para combinar com a arena de formigas de parede.<br \/>\nOs artigos correspondentes Ant arena cover 30\u00d715 e Ant arena frame 30\u00d715 devem ser encomendados separadamente.<\/p>\n<p><strong>Instru\u00e7\u00f5es de instala\u00e7\u00e3o:<\/strong><br \/>\n<strong>Devido ao facto de o painel de vidro ser uma parede traseira, a parede por baixo deve ser completamente direita.<\/strong><br \/>\nPara fixar as 4 cavilhas \"S6\" na parede, \u00e9 necess\u00e1rio um berbequim com uma broca de 6 mm (madeira, pedra ou metal, consoante o material).<br \/>\nDevem ser efectuados orif\u00edcios de 45 mm de profundidade na parede para rebaixar as cavilhas de 6x30 mm com os parafusos de 4,5x40 mm.<br \/>\n<strong>Necess\u00e1rio para a montagem:<\/strong><br \/>\n- n\u00edvel de bolha<br \/>\n- Fita adesiva para n\u00e3o ter de marcar a parede por baixo.<br \/>\n- Chave de fendas Phillips<br \/>\n- Berbequim\/aparafusadora consoante a parede<br \/>\n- Broca de 6 mm (madeira, pedra ou metal, consoante a superf\u00edcie)<br \/>\n- Tamb\u00e9m \u00e9 \u00fatil fazer um modelo para os furos a partir de uma folha de papel. Basta coloc\u00e1-la por baixo da parede traseira e marcar os furos.<\/p>\n<p><strong>Notas sobre a produ\u00e7\u00e3o<\/strong><br \/>\nO vidro \u00e9 cortado de acordo com a norma DIN 1249 com uma toler\u00e2ncia de +\/;- 1mm. Para esp\u00e9cies de formigas extremamente pequenas, \u00e9 essencial uma protec\u00e7\u00e3o adicional contra a fuga de formigas.<br \/>\nUma vez que os nossos produtos s\u00e3o fabricados \u00e0 m\u00e3o, podem ocorrer desvios m\u00ednimos, apesar do maior cuidado<\/p>\n<p><strong>Nota sobre a fazenda<\/strong><br \/>\nAo anexar ou remover mangueiras, por favor note o seguinte:<br \/>\nSe o tubo for muito dif\u00edcil de encaixar na tomada de liga\u00e7\u00e3o, a tomada deve ser ligeiramente esfregada com uma gota do nosso \u00f3leo ou p\u00f3 de prote\u00e7\u00e3o contra fugas. O tubo deve ent\u00e3o ser empurrado para a tomada com movimentos de tor\u00e7\u00e3o ou de aparafusamento, sem for\u00e7ar a tomada com movimentos para cima e para baixo. O mesmo se aplica \u00e0 remo\u00e7\u00e3o das mangueiras da tomada de liga\u00e7\u00e3o agr\u00edcola. Por favor, n\u00e3o a puxe simplesmente!<\/p>","protected":false},"excerpt":{"rendered":"<p>Liga\u00e7\u00e3o: Furo 4x 50 mm<\/p>","protected":false},"featured_media":9001,"comment_status":"open","ping_status":"closed","template":"","meta":{"_acf_changed":false,"content-type":"","_monsterinsights_skip_tracking":false,"_monsterinsights_sitenote_active":false,"_monsterinsights_sitenote_note":"","_monsterinsights_sitenote_category":0},"product_brand":[],"product_cat":[257,85,86],"product_tag":[],"class_list":{"0":"post-8969","1":"product","2":"type-product","3":"status-publish","4":"has-post-thumbnail","6":"product_cat-new-innovatve-products","7":"product_cat-ant-arenas","8":"product_cat-formicariums","10":"first","11":"instock","12":"taxable","13":"shipping-taxable","14":"purchasable","15":"product-type-simple"},"acf":[],"aioseo_notices":[],"jetpack_sharing_enabled":true,"_links":{"self":[{"href":"https:\/\/antcube.shop\/pt\/wp-json\/wp\/v2\/product\/8969","targetHints":{"allow":["GET"]}}],"collection":[{"href":"https:\/\/antcube.shop\/pt\/wp-json\/wp\/v2\/product"}],"about":[{"href":"https:\/\/antcube.shop\/pt\/wp-json\/wp\/v2\/types\/product"}],"replies":[{"embeddable":true,"href":"https:\/\/antcube.shop\/pt\/wp-json\/wp\/v2\/comments?post=8969"}],"wp:featuredmedia":[{"embeddable":true,"href":"https:\/\/antcube.shop\/pt\/wp-json\/wp\/v2\/media\/9001"}],"wp:attachment":[{"href":"https:\/\/antcube.shop\/pt\/wp-json\/wp\/v2\/media?parent=8969"}],"wp:term":[{"taxonomy":"product_brand","embeddable":true,"href":"https:\/\/antcube.shop\/pt\/wp-json\/wp\/v2\/product_brand?post=8969"},{"taxonomy":"product_cat","embeddable":true,"href":"https:\/\/antcube.shop\/pt\/wp-json\/wp\/v2\/product_cat?post=8969"},{"taxonomy":"product_tag","embeddable":true,"href":"https:\/\/antcube.shop\/pt\/wp-json\/wp\/v2\/product_tag?post=8969"}],"curies":[{"name":"wp","href":"https:\/\/api.w.org\/{rel}","templated":true}]}}