{"id":8968,"date":"2024-08-19T20:47:21","date_gmt":"2024-08-19T18:47:21","guid":{"rendered":"https:\/\/antcube.shop\/product\/wand-ameisenfarm-l-30x30-glas\/"},"modified":"2026-01-12T12:39:31","modified_gmt":"2026-01-12T11:39:31","slug":"parede-ant-farm-l-30x30-vidro","status":"publish","type":"product","link":"https:\/\/antcube.shop\/pt\/produto\/parede-ant-farm-l-30x30-vidro\/","title":{"rendered":"Formigueiro de parede - L - 30\u00d730 - Vidro"},"content":{"rendered":"<p><strong>Dimens\u00f5es (CxA):<\/strong><br \/>\nParede traseira (6 mm de espessura) : 400x293mm<\/p>\n<p>Exterior (sem painel traseiro)<br \/>\n334x28x296mm<\/p>\n<p>No interior<br \/>\n284x20x290 mm<\/p>\n<p><strong>Material:<\/strong><br \/>\nVidro flutuante<\/p>\n<p><strong>Cor:<\/strong><br \/>\nabsolutamente claro<\/p>\n<p><strong>Conte\u00fado:<\/strong><br \/>\nFormigueiro de parede - L - 30\u00d730 - Vidro<br \/>\n1x cobertura de formigueiros<br \/>\n4x inser\u00e7\u00e3o de borracha para furos como prote\u00e7\u00e3o<br \/>\n4x anilha para furos<br \/>\n4x fichas e parafusos<\/p>\n<p><strong>Conex\u00e3o:<\/strong><br \/>\nTomada 2x 14\/16\/18\/20 x 20mm<\/p>\n<p>A mangueira 14\/10 \u00e9 inserida firmemente na tomada de 14 mm<br \/>\nA mangueira 20\/16 est\u00e1 firmemente ligada ao primeiro degrau de 16 mm<\/p>\n<p><strong>Descri\u00e7\u00e3o:<\/strong><br \/>\nEste viveiro de formigas foi desenvolvido para montagem na parede e \u00e9 f\u00e1cil de instalar em paredes de madeira e pedra. \u00c9 totalmente transparente e permite uma boa vis\u00e3o do ninho. Como material de nidifica\u00e7\u00e3o para as formigas, podem ser utilizados areia e argila ou um dos nossos ninhos de corti\u00e7a ou Digfix. Para al\u00e9m disso, pode ser ligada uma mangueira, um tubo de acr\u00edlico transparente ou a \"escada de formigas\" \u00e0s tomadas de liga\u00e7\u00e3o laterais. Tamb\u00e9m oferecemos arenas de formigas de parede nos tamanhos 30\u00d715 ou 30\u00d730 para combinar com o viveiro de formigas de parede.<\/p>\n<p><strong>Instru\u00e7\u00f5es de instala\u00e7\u00e3o:<\/strong><br \/>\n<strong>Devido ao facto de o painel de vidro ser uma parede traseira, a parede por baixo deve ser completamente direita.<\/strong><br \/>\nPara fixar as 4 cavilhas \"S6\" na parede, \u00e9 necess\u00e1rio um berbequim com uma broca de 6 mm (madeira, pedra ou metal, consoante o material).<br \/>\nDevem ser efectuados orif\u00edcios de 45 mm de profundidade na parede para rebaixar as cavilhas de 6x30 mm com os parafusos de 4,5x40 mm.<br \/>\n<strong>Necess\u00e1rio para a montagem:<\/strong><br \/>\n- n\u00edvel de bolha<br \/>\n- Fita adesiva para n\u00e3o ter de marcar a parede por baixo.<br \/>\n- Chave de fendas Phillips<br \/>\n- Berbequim\/aparafusadora consoante a parede<br \/>\n- Broca de 6 mm (madeira, pedra ou metal, consoante a superf\u00edcie)<br \/>\n- Tamb\u00e9m \u00e9 \u00fatil fazer um modelo para os furos a partir de uma folha de papel. Basta coloc\u00e1-la por baixo da parede traseira e marcar os furos.<\/p>\n<p><strong>Notas sobre a produ\u00e7\u00e3o<\/strong><br \/>\nO vidro \u00e9 cortado de acordo com a norma DIN 1249 com uma toler\u00e2ncia de +\/;- 1mm. Para esp\u00e9cies de formigas extremamente pequenas, \u00e9 essencial uma protec\u00e7\u00e3o adicional contra a fuga de formigas.<br \/>\nComo os nossos produtos s\u00e3o fabricados \u00e0 m\u00e3o, podem ocorrer desvios m\u00ednimos, apesar do maior cuidado.<\/p>\n<p><strong>Nota sobre a fazenda<\/strong><br \/>\nAo anexar ou remover mangueiras, por favor note o seguinte:<br \/>\nSe o tubo for muito dif\u00edcil de encaixar na tomada de liga\u00e7\u00e3o, a tomada deve ser ligeiramente esfregada com uma gota do nosso \u00f3leo ou p\u00f3 de prote\u00e7\u00e3o contra fugas. O tubo deve ent\u00e3o ser empurrado para a tomada com movimentos de tor\u00e7\u00e3o ou de aparafusamento, sem for\u00e7ar a tomada com movimentos para cima e para baixo. O mesmo se aplica \u00e0 remo\u00e7\u00e3o das mangueiras da tomada de liga\u00e7\u00e3o agr\u00edcola. Por favor, n\u00e3o a puxe simplesmente!<\/p>","protected":false},"excerpt":{"rendered":"<p>Liga\u00e7\u00e3o: Tomada 2x 14\/16 x 20mm; Dist\u00e2ncia da placa: Interior 20mm<\/p>\n<p>Tamanho: <span style=\"color: #0000ff;\"><strong>L<\/strong> <\/span><\/p>","protected":false},"featured_media":8997,"comment_status":"open","ping_status":"closed","template":"","meta":{"_acf_changed":false,"content-type":"","_monsterinsights_skip_tracking":false,"_monsterinsights_sitenote_active":false,"_monsterinsights_sitenote_note":"","_monsterinsights_sitenote_category":0},"product_brand":[],"product_cat":[257,80,83,86],"product_tag":[],"class_list":{"0":"post-8968","1":"product","2":"type-product","3":"status-publish","4":"has-post-thumbnail","6":"product_cat-new-innovatve-products","7":"product_cat-antfarms","8":"product_cat-antfarms-l","9":"product_cat-formicariums","11":"first","12":"instock","13":"taxable","14":"shipping-taxable","15":"purchasable","16":"product-type-simple"},"acf":[],"aioseo_notices":[],"jetpack_sharing_enabled":true,"_links":{"self":[{"href":"https:\/\/antcube.shop\/pt\/wp-json\/wp\/v2\/product\/8968","targetHints":{"allow":["GET"]}}],"collection":[{"href":"https:\/\/antcube.shop\/pt\/wp-json\/wp\/v2\/product"}],"about":[{"href":"https:\/\/antcube.shop\/pt\/wp-json\/wp\/v2\/types\/product"}],"replies":[{"embeddable":true,"href":"https:\/\/antcube.shop\/pt\/wp-json\/wp\/v2\/comments?post=8968"}],"wp:featuredmedia":[{"embeddable":true,"href":"https:\/\/antcube.shop\/pt\/wp-json\/wp\/v2\/media\/8997"}],"wp:attachment":[{"href":"https:\/\/antcube.shop\/pt\/wp-json\/wp\/v2\/media?parent=8968"}],"wp:term":[{"taxonomy":"product_brand","embeddable":true,"href":"https:\/\/antcube.shop\/pt\/wp-json\/wp\/v2\/product_brand?post=8968"},{"taxonomy":"product_cat","embeddable":true,"href":"https:\/\/antcube.shop\/pt\/wp-json\/wp\/v2\/product_cat?post=8968"},{"taxonomy":"product_tag","embeddable":true,"href":"https:\/\/antcube.shop\/pt\/wp-json\/wp\/v2\/product_tag?post=8968"}],"curies":[{"name":"wp","href":"https:\/\/api.w.org\/{rel}","templated":true}]}}