{"id":8854,"date":"2024-08-01T15:37:58","date_gmt":"2024-08-01T13:37:58","guid":{"rendered":"https:\/\/antcube.shop\/product\/bundle-offer-myrmica-rubra\/"},"modified":"2026-03-17T18:05:43","modified_gmt":"2026-03-17T17:05:43","slug":"oferta-conjunta-myrmica-rubra","status":"publish","type":"product","link":"https:\/\/antcube.shop\/pt\/produto\/oferta-conjunta-myrmica-rubra\/","title":{"rendered":"Oferta de pacote - Myrmica rubra"},"content":{"rendered":"<p><span data-text-color=\"secondary\"><strong>Oferta de um pacote que inclui uma col\u00f3nia de formigas Myrmica rubra (rainha com 11-25 oper\u00e1rias + cria\u00e7\u00e3o)<\/strong><\/span><\/p>\n<p><span data-text-color=\"alert\"><strong>Apenas enquanto durarem os stocks.<\/strong><\/span><\/p>\n<p><strong>Tudo o que \u00e9 necess\u00e1rio para uma col\u00f3nia de formigas Myrmica rubra:<\/strong><br \/>\nEste pacote cont\u00e9m tudo o que \u00e9 necess\u00e1rio para levar a bom porto uma col\u00f3nia de Myrmica rubra durante os seus primeiros meses. \u00c9 flexivelmente expans\u00edvel e foi testado ao longo de v\u00e1rios anos com esta esp\u00e9cie de formiga.<\/p>\n<p><strong>Esp\u00e9cie de formiga Myrmica rubra - a formiga-de-fogo europeia:<\/strong><br \/>\nA Myrmica rubra \u00e9 uma esp\u00e9cie de formiga muito difundida na Europa. \u00c9 tamb\u00e9m conhecida como formiga vermelha de jardim ou formiga-de-fogo europeia. Adora locais h\u00famidos e semi-sombreados, raz\u00e3o pela qual se encontra principalmente em jardins, prados e florestas. Tamb\u00e9m pode ser encontrada em partes do Canad\u00e1 e dos EUA, mas a\u00ed \u00e9 invasora, ou seja, n\u00e3o \u00e9 nativa. Tal como a maior parte das esp\u00e9cies de formigas invasoras, foi introduzida com plantas por volta de 1900.<\/p>\n<p>A Myrmica rubra \u00e9 uma esp\u00e9cie polig\u00ednica, o que significa que normalmente tem v\u00e1rias rainhas na natureza. H\u00e1 mesmo relatos das chamadas super-col\u00f3nias com at\u00e9 600 rainhas e cerca de 20.000 oper\u00e1rias. A Myrmica rubra defende o seu ninho de forma agressiva e possui um ferr\u00e3o para se defender. No entanto, o seu veneno \u00e9 inofensivo, exceto para quem sofre de alergias.<\/p>\n<p>A Myrmica rubra hiberna na natureza entre o final de outubro e o final de mar\u00e7o a cerca de 5-8\u00b0.<\/p>\n<p><strong>Ninho para Myrmica rubra:<\/strong><br \/>\nNa natureza, a Myrmica rubra nidifica sob almofadas de musgo, pedras nos campos e prados, no solo onde constr\u00f3i montes ou mesmo em madeira podre. O mais importante para elas \u00e9 um local de nidifica\u00e7\u00e3o h\u00famido.<\/p>\n<p>Neste conjunto inicial, inclu\u00edmos uma das nossas placas Digfix como material de nidifica\u00e7\u00e3o. Este material simula um ninho de terra natural e pode ser mantido muito h\u00famido. Al\u00e9m disso, os animais n\u00e3o podem sujar as janelas do formigueiro quando escavam, o que permite uma vis\u00e3o permanentemente clara das c\u00e2maras e passagens. O material \u00e9 tamb\u00e9m muito mais est\u00e1vel num formigueiro do que uma mistura convencional de areia\/argila, o que evita que as c\u00e2maras e os t\u00faneis se desmoronem.<\/p>\n<p><strong>Alimento para Myrmica rubra:<\/strong><br \/>\nA Myrmica rubra \u00e9 omn\u00edvora e alimenta-se de carni\u00e7a, insectos e n\u00e9ctar na natureza. Tal como Lasius niger, por exemplo, a Myrmica rubra tamb\u00e9m mant\u00e9m col\u00f3nias de af\u00eddeos e defende-as.<\/p>\n<p>Inclu\u00edmos neste conjunto os nossos grilos inteiros escaldados e o melado como alimento. Ambos s\u00e3o muito bem aceites pela Myrmica rubra e apoiam um desenvolvimento natural e positivo da col\u00f3nia devido aos nutrientes que cont\u00eam.<\/p>\n<p><strong>As condi\u00e7\u00f5es clim\u00e1ticas \u00f3ptimas para a Myrmica rubra s\u00e3o as seguintes<\/strong><br \/>\nHumidade:<br \/>\nArena: 30 - 50% \u00c1rea do ninho: 50 - 70%<br \/>\nTemperatura:<br \/>\nArena: 18 - 28\u00b0C \u00c1rea do ninho: 21 - 24\u00b0C<\/p>\n<p><strong>Conte\u00fado:<\/strong><\/p>\n<p>1x rainha Myrmica rubra + 11-25 oper\u00e1rias e cria\u00e7\u00e3o<br \/>\n1x Cricket Jam 25g<br \/>\n1x mistura de melada (HT) - embalagem de recarga 10ml<br \/>\n1x Base de formic\u00e1rio - 20x20cm<br \/>\n1x base de formic\u00e1rio - 20x6cm<\/p>\n<p>1x ANTCUBE - arena 20x20x10 - plano<br \/>\n1x arma\u00e7\u00e3o de arena de formigas 20\u00d720<br \/>\n1x cobertura de arena de formigas 20\u00d720<br \/>\n4x ponto de fixa\u00e7\u00e3o para cobertura de arena<br \/>\n2x ANTCUBE - Ant farm - L - 20\u00d720 - vertical<br \/>\n1x ANTCUBE - Placa Digfix 20\u00d720 - M<\/p>\n<p>1x tubo de 0,5m transparente 14\/10 mm<br \/>\n1x ANTCUBE - Folha vermelha 20\u00d720 - filtro<br \/>\n1x grampos adesivos - transparentes 2 pcs.<br \/>\n1x substrato - argila arenosa bege - 200g<\/p>\n<p>1x Grid cap &#8211; 10mm &#8211; stainless steel<br \/>\n2x Grid insert acrylic &#8211; 50 mm with sealing ring<br \/>\n1x Grid insert acrylic &#8211; 27 mm with sealing ring<\/p>\n<p>1x conetor para mangueira de dep\u00f3sito 27-14,16,20 mm - transparente<br \/>\n1x Foil thermometer &#8211; farm<br \/>\n1x Foil thermometer Display<br \/>\n1x drinking clear 5ml &#8211; sponge<br \/>\n1x Feeding dish white rectangle &#8211; 3 compartments<br \/>\n1x Drinking trough 2ml &#8211; 360 Degrees<br \/>\n1x \u00d3leo de protec\u00e7\u00e3o contra a fuga de formigas 10ml<br \/>\n1x Pin\u00e7a a\u00e7o mola - larga - macia<br \/>\n1x Pin\u00e7a de pl\u00e1stico transparente<br \/>\n1 pipetas de pl\u00e1stico 3ml<br \/>\n1x lupa de m\u00e3o - 2x - 30mm<br \/>\n1x limpador de espuma 150x18x2,5mm<br \/>\n1x fundo fotogr\u00e1fico - prado - 20\u00d710<\/p>\n<p>&nbsp;<\/p>\n<p><strong>Descri\u00e7\u00e3o:<\/strong><br \/>\nEste conjunto inicial expans\u00edvel para a Myrmica rubra cont\u00e9m n\u00e3o s\u00f3 o formic\u00e1rio otimamente adaptado, mas tamb\u00e9m os acess\u00f3rios certos para a cria\u00e7\u00e3o desta esp\u00e9cie de formiga. O \"bebedouro transparente 20ml - esponja\" destina-se \u00e0 \u00e1gua, o \"bebedouro 2ml - 360 graus\" \u00e0 mistura de melada.<\/p>\n<p><span data-text-color=\"alert\"><strong>Importante:<\/strong><\/span> Humede\u00e7a o substrato do deserto antes de o utilizar, para que a mistura possa aderir e desenvolver uma fixa\u00e7\u00e3o firme no formigueiro. Al\u00e9m disso, um substrato seco e poeirento pode levar \u00e0 obstru\u00e7\u00e3o das vias respirat\u00f3rias das formigas e, no pior dos casos, \u00e0 asfixia dos animais.<\/p>\n<p><strong>Notas sobre a produ\u00e7\u00e3o<\/strong><br \/>\nO vidro \u00e9 cortado \u00e0 medida, de acordo com a norma DIN 1249, com uma toler\u00e2ncia de +\/- 1 mm. \u00c9 indispens\u00e1vel uma prote\u00e7\u00e3o adicional contra a fuga para esp\u00e9cies de formigas extremamente pequenas.<\/p>\n<p><strong>Nota sobre os grilos escaldados:<\/strong><br \/>\nOs nossos grilos escaldados s\u00e3o uma forma f\u00e1cil de fornecer \u00e0s suas formigas alimentos proteicos acabados de conservar sem ter de alimentar insectos vivos. Os grilos contidos (Acheta domesticus) foram suavemente branqueados para garantir que os valores nutricionais, o sabor e o aroma s\u00e3o mantidos. Al\u00e9m disso, a casca quitinosa dos insectos \u00e9 amolecida desta forma, para que possa ser digerida mais facilmente. As liga\u00e7\u00f5es das prote\u00ednas de colag\u00e9nio s\u00e3o quebradas para que as formigas as possam utilizar melhor. A Acheta domesticus enlatada tem o mesmo valor nutricional que os grilos vivos, mas \u00e9 mais f\u00e1cil de digerir.<\/p>\n<p>Os grilos escaldados n\u00e3o s\u00e3o adequados para a ca\u00e7a de esp\u00e9cies de formigas que necessitam de alimento vivo (por exemplo, ponerinas (formigas grandes) como Harpegnathos ou Odontomachus)<\/p>\n<p><strong>Outras vantagens:<\/strong><br \/>\nGarantia de aus\u00eancia de \u00e1caros<br \/>\nPode ser doseado<br \/>\nEsterilizado e aspirado<br \/>\nSem aditivos<br \/>\nGrilos de cria\u00e7\u00e3o sustent\u00e1vel puramente org\u00e2nica, alimentados com res\u00edduos org\u00e2nicos<\/p>\n<p><strong>Aten\u00e7\u00e3o:<\/strong><br \/>\nPode ser conservado no frigor\u00edfico durante cerca de quatro dias ap\u00f3s a abertura. A dura\u00e7\u00e3o de conserva\u00e7\u00e3o \u00e9 mais longa se for congelado.<\/p>\n<p><strong>Nota sobre o melado:<\/strong><br \/>\nConte\u00fado: 10 ml<br \/>\nEste \u00e9 um produto natural, que aperfei\u00e7o\u00e1mos ap\u00f3s extensos testes no nosso laborat\u00f3rio e desenvolvemos para ser um alimento muito bem aceite pelas formigas. A raz\u00e3o \u00e9 que o mel de melada n\u00e3o processado na sua forma original concentrada n\u00e3o \u00e9 bem aceite pelas formigas e o seu metabolismo.<br \/>\nO nosso melada foi recolhido nas florestas selvagens e n\u00e3o polu\u00eddas das montanhas da Bulg\u00e1ria. O melado s\u00f3 \u00e9 produzido durante um per\u00edodo muito limitado, cerca de dois meses no ver\u00e3o. Por conseguinte, \u00e9 muito raro. Devido \u00e0s caracter\u00edsticas espec\u00edficas do solo das florestas e do clima, os nutrientes essenciais s\u00e3o armazenados nas folhas das \u00e1rvores, que s\u00e3o absorvidos pelos pulg\u00f5es. \u00c9 isto que torna esta mistura de melada t\u00e3o apetec\u00edvel para as formigas.<\/p>\n<p><strong>Aplica\u00e7\u00e3o:<\/strong><br \/>\nA quantidade de alimentos deve ser consumida no prazo de cerca de 3 dias.<\/p>\n<p><strong>Descri\u00e7\u00e3o:<\/strong><br \/>\nA melada, ao contr\u00e1rio do mel das flores, \u00e9 obtida a partir das secre\u00e7\u00f5es de insectos que sugam as plantas, como os pulg\u00f5es. A melada \u00e9 uma fonte de alimenta\u00e7\u00e3o popular para muitos insectos, como as formigas, as abelhas e os zang\u00f5es. As abelhas e os zang\u00f5es lambem-no das folhas ou agulhas de v\u00e1rias \u00e1rvores. As formigas, como a Lasius niger, guardam literalmente os af\u00eddeos. Defendem-nos mesmo contra os predadores e transportam-nos para os rebentos frescos.<\/p>\n<p>O melado \u00e9 particularmente popular entre as formigas devido aos seus componentes algo diferentes. Os principais a\u00e7\u00facares do melado s\u00e3o a sacarose e a frutose, mas tamb\u00e9m se encontram pequenas quantidades de maltose, trealose, melezitose, rafinose e outros oligossac\u00e1ridos. Para al\u00e9m do a\u00e7\u00facar e da \u00e1gua, o melado cont\u00e9m tamb\u00e9m amino\u00e1cidos essenciais, minerais, oligoelementos, adenosinas, fosfatos e outros ingredientes como as vitaminas.<\/p>\n<p><strong>Utiliza\u00e7\u00e3o:<\/strong><br \/>\nPara esp\u00e9cies de formigas comedoras de mel (Meliphagidae)<br \/>\nTrata-se de um alimento complementar<br \/>\nPode ser oferecida aos animais como fornecida. Uma vez que a concentra\u00e7\u00e3o de a\u00e7\u00facar \u00e9 reduzida pela humidade e se inicia um processo de fermenta\u00e7\u00e3o, os alimentos deveriam ser substitu\u00eddos de 3 em 3 dias. Limpar bem o comedouro\/tubo antes de o voltar a utilizar.<br \/>\nUma vez aberta a embalagem, esta deve ser mantida bem fechada at\u00e9 ao fim do prazo de validade.<\/p>\n<p><strong>Informa\u00e7\u00e3o nutricional por 100 g:<\/strong><br \/>\naprox. 2,7 % gorduras<br \/>\ndos quais cerca de 0,45 % saturados<br \/>\ncerca de 95 hidratos de carbono %<br \/>\ndos quais cerca de 71<br \/>\naprox. 2.85% prote\u00edna<\/p>\n<p>Minerais (pot\u00e1ssio, c\u00e1lcio, cobre, ferro, s\u00f3dio, magn\u00e9sio, f\u00f3sforo, zinco e outros oligoelementos) Amino\u00e1cidos (prolina, leucina, fenilalanina, alanina, histidina, isoleucina, \u00e1cido glut\u00e2mico, arginina, \u00e1cido asp\u00e1rtico, etc.) \u00c1cidos org\u00e2nicos Enzimas (fermentos)Aromas Inibidores (subst\u00e2ncias antibacterianas) Flores P\u00f3len<\/p>\n<p><strong>Armazenamento:<\/strong><br \/>\nPara garantir a qualidade dos alimentos para animais, estes devem ser armazenados num local escuro e seco.<\/p>\n<p><strong>Nota:<\/strong><br \/>\nAlimento suplementar para formigas comedoras de mel.<br \/>\nConsultar a bula para saber a composi\u00e7\u00e3o, os ingredientes anal\u00edticos, a data de validade e o n\u00famero do lote.<\/p>\n<p>Linha direta de informa\u00e7\u00f5es +49 30 439703870<\/p>\n<p><strong>Inspec\u00e7\u00e3o veterin\u00e1ria e alimentar respons\u00e1vel:<\/strong><br \/>\nEscrit\u00f3rio Veterin\u00e1rio Steglitz<br \/>\nK\u00f6nigin-Luise-Str. 92<br \/>\n14195 Berlim<\/p>","protected":false},"excerpt":{"rendered":"<p>O conjunto \u00e9 composto por 34 pe\u00e7as<\/p>","protected":false},"featured_media":8856,"comment_status":"open","ping_status":"closed","template":"","meta":{"_acf_changed":false,"content-type":"","_monsterinsights_skip_tracking":false,"_monsterinsights_sitenote_active":false,"_monsterinsights_sitenote_note":"","_monsterinsights_sitenote_category":0},"product_brand":[],"product_cat":[355,73],"product_tag":[],"class_list":{"0":"post-8854","1":"product","2":"type-product","3":"status-publish","4":"has-post-thumbnail","6":"product_cat-bundle-offers","7":"product_cat-starter-sets","9":"first","10":"instock","11":"taxable","12":"shipping-taxable","13":"purchasable","14":"product-type-simple"},"acf":[],"aioseo_notices":[],"jetpack_sharing_enabled":true,"_links":{"self":[{"href":"https:\/\/antcube.shop\/pt\/wp-json\/wp\/v2\/product\/8854","targetHints":{"allow":["GET"]}}],"collection":[{"href":"https:\/\/antcube.shop\/pt\/wp-json\/wp\/v2\/product"}],"about":[{"href":"https:\/\/antcube.shop\/pt\/wp-json\/wp\/v2\/types\/product"}],"replies":[{"embeddable":true,"href":"https:\/\/antcube.shop\/pt\/wp-json\/wp\/v2\/comments?post=8854"}],"wp:featuredmedia":[{"embeddable":true,"href":"https:\/\/antcube.shop\/pt\/wp-json\/wp\/v2\/media\/8856"}],"wp:attachment":[{"href":"https:\/\/antcube.shop\/pt\/wp-json\/wp\/v2\/media?parent=8854"}],"wp:term":[{"taxonomy":"product_brand","embeddable":true,"href":"https:\/\/antcube.shop\/pt\/wp-json\/wp\/v2\/product_brand?post=8854"},{"taxonomy":"product_cat","embeddable":true,"href":"https:\/\/antcube.shop\/pt\/wp-json\/wp\/v2\/product_cat?post=8854"},{"taxonomy":"product_tag","embeddable":true,"href":"https:\/\/antcube.shop\/pt\/wp-json\/wp\/v2\/product_tag?post=8854"}],"curies":[{"name":"wp","href":"https:\/\/api.w.org\/{rel}","templated":true}]}}