{"id":8718,"date":"2024-07-22T15:43:52","date_gmt":"2024-07-22T13:43:52","guid":{"rendered":"https:\/\/antcube.shop\/product\/bonsai-tree-deko\/"},"modified":"2026-01-20T18:00:36","modified_gmt":"2026-01-20T17:00:36","slug":"arvore-bonsai-deko","status":"publish","type":"product","link":"https:\/\/antcube.shop\/pt\/produto\/arvore-bonsai-deko\/","title":{"rendered":"\u00c1rvore Bonsai"},"content":{"rendered":"<p>Tamanho \/ altura 20 cm a 28 cm<br \/>\nDi\u00e2metro ~ 10 cm -20 cm, ideal para arenas de 30x30x30 cm ou mais.<br \/>\nO peso varia entre 250 e 400 gramas<\/p>\n<p>A nossa \u00e1rvore Bonsai \u00e9 uma decora\u00e7\u00e3o ideal para o seu formic\u00e1rio. Pode ser utilizado tanto em p\u00e9 num fromic\u00e1rio como em viveiros plantados naturalmente. Como as formigas podem esconder-se debaixo ou dentro do bonsai, recomendamos que o utilize apenas quando a sua col\u00f3nia de formigas j\u00e1 se tiver mudado para o seu ninho. Caso contr\u00e1rio, elas podem preferir o local de nidifica\u00e7\u00e3o e perder o ninho de vista.<\/p>\n<p><strong>ATEN\u00c7\u00c3O:<\/strong> N\u00e3o colocar em formic\u00e1rios muito h\u00famidos (humidade superior a 60%). O bonsai pode come\u00e7ar a mofar. Com uma boa ventila\u00e7\u00e3o, o bonsai pode tamb\u00e9m ser colocado em formic\u00e1rios mais h\u00famidos.<\/p>\n<p><span data-text-color=\"alert\"><strong>NOTA IMPORTANTE SOBRE O ARTIGO:<\/strong><\/span><br \/>\nUma vez que este \u00e9 um produto natural \/ \u00fanico, as imagens aqui n\u00e3o s\u00e3o completamente id\u00eanticas ao item que ir\u00e1 receber. Haver\u00e1 varia\u00e7\u00f5es no tamanho, forma e cor da mini-\u00e1rvore, bem como da placa base da ard\u00f3sia da pedreira. Garantimos apenas a altura m\u00e1xima do item.<\/p>\n<p>Ao encomendar este artigo, concorda e consente com as poss\u00edveis varia\u00e7\u00f5es do produto acima referidas em tamanho, forma e cor no momento da compra.<\/p>","protected":false},"excerpt":{"rendered":"<p>Dimens\u00f5es: 20-28 cm de altura<\/p>","protected":false},"featured_media":8721,"comment_status":"open","ping_status":"closed","template":"","meta":{"_acf_changed":false,"content-type":"","_monsterinsights_skip_tracking":false,"_monsterinsights_sitenote_active":false,"_monsterinsights_sitenote_note":"","_monsterinsights_sitenote_category":0},"product_brand":[],"product_cat":[95,98],"product_tag":[],"class_list":{"0":"post-8718","1":"product","2":"type-product","3":"status-publish","4":"has-post-thumbnail","6":"product_cat-accessories-for-ants","7":"product_cat-decoration","9":"first","10":"outofstock","11":"taxable","12":"shipping-taxable","13":"purchasable","14":"product-type-simple"},"acf":[],"aioseo_notices":[],"jetpack_sharing_enabled":true,"_links":{"self":[{"href":"https:\/\/antcube.shop\/pt\/wp-json\/wp\/v2\/product\/8718","targetHints":{"allow":["GET"]}}],"collection":[{"href":"https:\/\/antcube.shop\/pt\/wp-json\/wp\/v2\/product"}],"about":[{"href":"https:\/\/antcube.shop\/pt\/wp-json\/wp\/v2\/types\/product"}],"replies":[{"embeddable":true,"href":"https:\/\/antcube.shop\/pt\/wp-json\/wp\/v2\/comments?post=8718"}],"wp:featuredmedia":[{"embeddable":true,"href":"https:\/\/antcube.shop\/pt\/wp-json\/wp\/v2\/media\/8721"}],"wp:attachment":[{"href":"https:\/\/antcube.shop\/pt\/wp-json\/wp\/v2\/media?parent=8718"}],"wp:term":[{"taxonomy":"product_brand","embeddable":true,"href":"https:\/\/antcube.shop\/pt\/wp-json\/wp\/v2\/product_brand?post=8718"},{"taxonomy":"product_cat","embeddable":true,"href":"https:\/\/antcube.shop\/pt\/wp-json\/wp\/v2\/product_cat?post=8718"},{"taxonomy":"product_tag","embeddable":true,"href":"https:\/\/antcube.shop\/pt\/wp-json\/wp\/v2\/product_tag?post=8718"}],"curies":[{"name":"wp","href":"https:\/\/api.w.org\/{rel}","templated":true}]}}