{"id":8717,"date":"2024-07-22T15:37:55","date_gmt":"2024-07-22T13:37:55","guid":{"rendered":"https:\/\/antcube.shop\/product\/bundle-offer-harpegnathos-venator\/"},"modified":"2026-03-04T16:55:50","modified_gmt":"2026-03-04T15:55:50","slug":"oferta-de-pacote-harpegnathos-venator","status":"publish","type":"product","link":"https:\/\/antcube.shop\/pt\/produto\/oferta-de-pacote-harpegnathos-venator\/","title":{"rendered":"Oferta de pacote - Harpegnathos venator"},"content":{"rendered":"<p><span data-text-color=\"secondary\"><strong>Oferta de um pacote que inclui uma col\u00f3nia de formigas Harpegnathos venator (rainha com 11-25 oper\u00e1rias + cria\u00e7\u00e3o)<\/strong><\/span><\/p>\n<p><span data-text-color=\"alert\"><strong>Apenas enquanto durarem os stocks. <\/strong><\/span><\/p>\n<p><span data-text-color=\"alert\"><strong>Envio apenas poss\u00edvel via GO! dentro da Alemanha.<\/strong><\/span><\/p>\n<p>1x rainha Harpegnathos venator + 11-25 oper\u00e1rias + ninhada<\/p>\n<p>1x ninho Ytong - 40\u00d720 com arena<br \/>\n1x cuba de vidro 40\u00d720<br \/>\n1x almofada de formic\u00e1rio - 40x20cm<br \/>\n1x placa de cobertura vermelha 20\u00d720 - horizontal<\/p>\n<p>1x Cor da argila - bege - 100ml<br \/>\n1x substrato - floresta tropical - 1kg<br \/>\n1x Formicarium granulado 200 ml - preto<br \/>\n1x painel posterior para fotografias - floresta tropical - 20\u00d710<\/p>\n<p>2x Grid insert acrylic &#8211; 50 mm with sealing ring<br \/>\n1x Grid insert acrylic &#8211; 27 mm with sealing ring<\/p>\n<p>1x Cricket Jam 25g<br \/>\n1x Honeydew Mix (HT) - embalagem de recarga 10ml<\/p>\n<p>1x drinking clear 5ml &#8211; sponge<br \/>\n1x Feeding dish white rectangle &#8211; 3 compartments<br \/>\n1x Drinking trough 2ml &#8211; 360 Degrees<\/p>\n<p>1x Foil thermometer Display<\/p>\n<p>1x \u00d3leo de prote\u00e7\u00e3o anti-formigas 10ml<br \/>\n1x Pin\u00e7a a\u00e7o mola - larga - macia<br \/>\n1x Pin\u00e7a de pl\u00e1stico transparente<br \/>\n1 pipetas de pl\u00e1stico 3ml<br \/>\n1x lupa de m\u00e3o - 2x - 30mm<br \/>\n1x limpador de espuma 150x18x2,5mm<\/p>\n<p><strong>Esp\u00e9cie de formiga Harpegnathos venator:<\/strong><br \/>\nA Harpegnathos venator \u00e9 uma esp\u00e9cie de formiga muito bonita e muito grande do Sudeste Asi\u00e1tico. S\u00e3o principalmente activas \u00e0 noite, mas tamb\u00e9m o s\u00e3o durante o dia devido \u00e0 intensidade de luz normalmente mais baixa em casa. Esta esp\u00e9cie de formiga pode saltar cerca de 8 a 10 cm, andar para tr\u00e1s e tem uma vis\u00e3o muito boa. Vistas de perfil, as mand\u00edbulas t\u00eam a forma de dentes de sabre. Apresentam um comportamento interessante quando ca\u00e7am, agitando o g\u00e1ster antes de atacar.<\/p>\n<p>Pode aliment\u00e1-los com uma solu\u00e7\u00e3o de a\u00e7\u00facar e mel, mel e alimentos proteicos ou, de prefer\u00eancia, com pequenos insectos vivos, como grilos e moscas da fruta. O Harpegnathos venator tem um comportamento de ca\u00e7a muito acentuado e, por isso, aceita muito melhor os alimentos vivos.<\/p>\n<p>A humidade e a temperatura no recinto devem ser aumentadas ligeiramente, no m\u00e1ximo, mas o ninho deve estar sempre h\u00famido. Os animais preferem zonas com humidade diferente no ninho.<\/p>\n<p>As c\u00e2maras e passagens pr\u00e9-fabricadas podem ser utilizadas diretamente pela col\u00f3nia. O ninho Ytong pode ser facilmente humedecido utilizando o tabuleiro inclu\u00eddo. Basta deitar um pouco de \u00e1gua no tabuleiro e esperar que a pedra Ytong absorva a \u00e1gua por si s\u00f3.<\/p>\n<p><strong>Informa\u00e7\u00f5es sobre o ninho de Ytong com arena:<\/strong><br \/>\nCont\u00e9m:<br \/>\nMaterial: bet\u00e3o celular, vidro, pl\u00e1stico PMMA e PVC<\/p>\n<p><strong>Conex\u00e3o:<\/strong> 1x 14mm de abertura; 1x 27mm de abertura<\/p>\n<p><strong>Conte\u00fado:<\/strong><br \/>\n1x bloco de bet\u00e3o celular 40x20x5 cm com c\u00e2maras de 20mm de profundidade.<br \/>\n1x placa de vidro 40\u00d720 cm com uma abertura de 50mm e uma arena 20\u00d720 cm<br \/>\n1x arma\u00e7\u00e3o de arena de formigas 20\u00d720<br \/>\n1x cobertura de arena de formigas 20\u00d720<br \/>\n1x anel de 50mm com 27mm de abertura<br \/>\n1x ficha de formic\u00e1rio 13mm<br \/>\n2x tamp\u00f5es de formic\u00e1rio 27mm<br \/>\n2x tamp\u00f5es de 50mm para formic\u00e1rio<\/p>\n<p>Devido \u00e0s suas propriedades de reten\u00e7\u00e3o de \u00e1gua, o material \u00e9 adequado para manter as formigas. Pode ser utilizado para manter um grande n\u00famero de esp\u00e9cies que fazem ninhos na terra, tanto em habitats secos como h\u00famidos. Dependendo da esp\u00e9cie de formiga, \u00e9 aconselh\u00e1vel cobrir o fundo das c\u00e2maras com tinta de barro e substrato de terra. Algumas esp\u00e9cies sentem-se mais confort\u00e1veis desta forma e as esp\u00e9cies de Ponerinae, por exemplo, precisam de terra para que as suas larvas possam pupar corretamente. Como este ninho j\u00e1 cont\u00e9m uma arena, pode ser utilizado como um sistema completo de formic\u00e1rio.<\/p>\n<p><strong>Nota:<\/strong><br \/>\nPara evitar que a \u00e1gua saia do Ytong depois de humedecer a \u00e1rea do ninho e se acumule na superf\u00edcie do m\u00f3vel por baixo, ou que o material \u00e1spero risque as superf\u00edcies, recomendamos um dos nossos tabuleiros de vidro a condizer para os nossos ninhos Ytong. Estes s\u00e3o \u00e0 prova de \u00e1gua e protegem eficazmente as superf\u00edcies por baixo contra a \u00e1gua e os riscos.<\/p>\n<p><strong>Utiliza\u00e7\u00e3o:<\/strong><br \/>\nPara esp\u00e9cies de formigas de tamanho M - L<br \/>\nO bet\u00e3o celular \u00e9 um material muito fr\u00e1gil e quebradi\u00e7o. Por conseguinte, \u00e9 imposs\u00edvel evitar que os cantos e as arestas se partam e se tornem ligeiramente irregulares durante a produ\u00e7\u00e3o. Por este motivo, os ninhos Ytong n\u00e3o s\u00e3o adequados para esp\u00e9cies de formigas muito pequenas, de tamanho S, uma vez que estas esp\u00e9cies podem facilmente quebrar-se.<\/p>\n<p><span data-text-color=\"alert\"><strong>Importante:<\/strong><\/span> Humede\u00e7a o substrato antes de o utilizar, para que a mistura possa aderir e desenvolver uma fixa\u00e7\u00e3o firme no formigueiro. Se o substrato estiver demasiado seco e poeirento, pode tamb\u00e9m bloquear as vias respirat\u00f3rias das formigas e, no pior dos casos, lev\u00e1-las a sufocar.<\/p>\n<p><strong>Recomenda\u00e7\u00e3o:<\/strong> Recomendamos uma camada de substrato de 2 mm de altura, para que os animais n\u00e3o possam enterrar-se na arena e, em vez disso, utilizar a quinta fornecida para o efeito. Recomendamos tamb\u00e9m que o material de nidifica\u00e7\u00e3o na fazenda (areia\/argila, Digfix, etc.) seja picado levemente em um s\u00f3 lugar para facilitar a escava\u00e7\u00e3o dos animais.<\/p>\n<p><strong>Notas sobre a produ\u00e7\u00e3o<\/strong><br \/>\nO vidro \u00e9 cortado \u00e0 medida, de acordo com a norma DIN 1249, com uma toler\u00e2ncia de +\/- 1 mm. \u00c9 indispens\u00e1vel uma prote\u00e7\u00e3o adicional contra a fuga para esp\u00e9cies de formigas extremamente pequenas.<\/p>\n<p><strong>Nota Tinta de barro:<\/strong><\/p>\n<p><strong>Descri\u00e7\u00e3o:<\/strong> Esta mistura n\u00e3o \u00e9 t\u00f3xica e \u00e9 relativamente resistente \u00e0 \u00e1gua em gesso e bet\u00e3o, mas \u00e9 sol\u00favel em \u00e1gua.<\/p>\n<p><strong>Instru\u00e7\u00f5es de utiliza\u00e7\u00e3o:<\/strong><br \/>\nEsta mistura est\u00e1 pronta a ser utilizada e pode ser aplicada imediatamente em gesso ou bet\u00e3o celular com um pincel.<br \/>\n100ml \u00e9 suficiente para aproximadamente 1\/4m\u00b2 de bet\u00e3o celular ou 1\/2m\u00b2 de gesso.<br \/>\nQuando molhada, a superf\u00edcie pode ser polvilhada com areia, por exemplo, para obter um aspecto ainda mais natural.<\/p>","protected":false},"excerpt":{"rendered":"<p>Conex\u00e3o: 1x14mm 1x27mm<br \/>\nTamanho: <strong><span style=\"color: #339966;\">M<\/span><\/strong><strong> &#8211; <span style=\"color: #0000ff;\">L<\/span><\/strong><\/p>","protected":false},"featured_media":8720,"comment_status":"open","ping_status":"closed","template":"","meta":{"_acf_changed":false,"content-type":"","_monsterinsights_skip_tracking":false,"_monsterinsights_sitenote_active":false,"_monsterinsights_sitenote_note":"","_monsterinsights_sitenote_category":0},"product_brand":[],"product_cat":[355,73],"product_tag":[],"class_list":{"0":"post-8717","1":"product","2":"type-product","3":"status-publish","4":"has-post-thumbnail","6":"product_cat-bundle-offers","7":"product_cat-starter-sets","8":"product_shipping_class-germany-only","10":"first","11":"outofstock","12":"taxable","13":"shipping-taxable","14":"purchasable","15":"product-type-simple"},"acf":[],"aioseo_notices":[],"jetpack_sharing_enabled":true,"_links":{"self":[{"href":"https:\/\/antcube.shop\/pt\/wp-json\/wp\/v2\/product\/8717","targetHints":{"allow":["GET"]}}],"collection":[{"href":"https:\/\/antcube.shop\/pt\/wp-json\/wp\/v2\/product"}],"about":[{"href":"https:\/\/antcube.shop\/pt\/wp-json\/wp\/v2\/types\/product"}],"replies":[{"embeddable":true,"href":"https:\/\/antcube.shop\/pt\/wp-json\/wp\/v2\/comments?post=8717"}],"wp:featuredmedia":[{"embeddable":true,"href":"https:\/\/antcube.shop\/pt\/wp-json\/wp\/v2\/media\/8720"}],"wp:attachment":[{"href":"https:\/\/antcube.shop\/pt\/wp-json\/wp\/v2\/media?parent=8717"}],"wp:term":[{"taxonomy":"product_brand","embeddable":true,"href":"https:\/\/antcube.shop\/pt\/wp-json\/wp\/v2\/product_brand?post=8717"},{"taxonomy":"product_cat","embeddable":true,"href":"https:\/\/antcube.shop\/pt\/wp-json\/wp\/v2\/product_cat?post=8717"},{"taxonomy":"product_tag","embeddable":true,"href":"https:\/\/antcube.shop\/pt\/wp-json\/wp\/v2\/product_tag?post=8717"}],"curies":[{"name":"wp","href":"https:\/\/api.w.org\/{rel}","templated":true}]}}