{"id":8518,"date":"2024-06-10T10:41:37","date_gmt":"2024-06-10T08:41:37","guid":{"rendered":"https:\/\/antcube.shop\/product\/poster\/"},"modified":"2025-09-30T10:22:23","modified_gmt":"2025-09-30T08:22:23","slug":"anatomia-do-cartaz","status":"publish","type":"product","link":"https:\/\/antcube.shop\/pt\/produto\/anatomia-do-cartaz\/","title":{"rendered":"Anatomia de cartazes"},"content":{"rendered":"<p>Posters com qualidade de museu feitos em papel mate espesso. Acrescente um toque maravilhoso ao seu quarto e escrit\u00f3rio com estes posters que ir\u00e3o certamente alegrar qualquer ambiente.<\/p>\n<p>- Espessura do papel: 10,3 mil<br \/>\n- Gramagem do papel: 189 g\/m\u00b2<br \/>\n- Opacidade: 94%<br \/>\n- Brilho ISO: 104%<br \/>\n- O papel \u00e9 proveniente do Jap\u00e3o<\/p>\n<p>Este produto \u00e9 feito especialmente para si assim que faz uma encomenda, raz\u00e3o pela qual demoramos um pouco mais a entreg\u00e1-lo. O fabrico de produtos por encomenda em vez de a granel ajuda a reduzir a sobreprodu\u00e7\u00e3o, por isso, obrigado por tomar decis\u00f5es de compra ponderadas!<\/p>","protected":false},"excerpt":{"rendered":"<p>Posters com qualidade de museu feitos em papel mate espesso. D\u00ea um toque especial ao seu quarto e ao seu escrit\u00f3rio com estes posters que ir\u00e3o certamente alegrar qualquer ambiente. - Espessura do papel: 10,3 mil - Peso do papel: 189 g\/m\u00b2 - Opacidade: 94% - Brilho ISO: 104% - O papel \u00e9 origin\u00e1rio do Jap\u00e3o Este produto \u00e9 fabricado especialmente para","protected":false},"featured_media":8523,"comment_status":"open","ping_status":"closed","template":"","meta":{"_acf_changed":false,"content-type":"","_monsterinsights_skip_tracking":false,"_monsterinsights_sitenote_active":false,"_monsterinsights_sitenote_note":"","_monsterinsights_sitenote_category":0},"product_brand":[],"product_cat":[245],"product_tag":[],"class_list":{"0":"post-8518","1":"product","2":"type-product","3":"status-publish","4":"has-post-thumbnail","6":"product_cat-merchandise","8":"first","9":"instock","10":"taxable","11":"shipping-taxable","12":"purchasable","13":"product-type-variable"},"acf":[],"aioseo_notices":[],"jetpack_sharing_enabled":true,"_links":{"self":[{"href":"https:\/\/antcube.shop\/pt\/wp-json\/wp\/v2\/product\/8518","targetHints":{"allow":["GET"]}}],"collection":[{"href":"https:\/\/antcube.shop\/pt\/wp-json\/wp\/v2\/product"}],"about":[{"href":"https:\/\/antcube.shop\/pt\/wp-json\/wp\/v2\/types\/product"}],"replies":[{"embeddable":true,"href":"https:\/\/antcube.shop\/pt\/wp-json\/wp\/v2\/comments?post=8518"}],"wp:featuredmedia":[{"embeddable":true,"href":"https:\/\/antcube.shop\/pt\/wp-json\/wp\/v2\/media\/8523"}],"wp:attachment":[{"href":"https:\/\/antcube.shop\/pt\/wp-json\/wp\/v2\/media?parent=8518"}],"wp:term":[{"taxonomy":"product_brand","embeddable":true,"href":"https:\/\/antcube.shop\/pt\/wp-json\/wp\/v2\/product_brand?post=8518"},{"taxonomy":"product_cat","embeddable":true,"href":"https:\/\/antcube.shop\/pt\/wp-json\/wp\/v2\/product_cat?post=8518"},{"taxonomy":"product_tag","embeddable":true,"href":"https:\/\/antcube.shop\/pt\/wp-json\/wp\/v2\/product_tag?post=8518"}],"curies":[{"name":"wp","href":"https:\/\/api.w.org\/{rel}","templated":true}]}}