{"id":8505,"date":"2024-06-10T10:40:55","date_gmt":"2024-06-10T08:40:55","guid":{"rendered":"https:\/\/antcube.shop\/product\/sports-water-bottle\/"},"modified":"2025-12-03T21:47:07","modified_gmt":"2025-12-03T20:47:07","slug":"garrafa-de-agua-para-desporto","status":"publish","type":"product","link":"https:\/\/antcube.shop\/pt\/produto\/garrafa-de-agua-para-desporto\/","title":{"rendered":"Garrafa de \u00e1gua desportiva"},"content":{"rendered":"<p>Obtenha uma garrafa de \u00e1gua personalizada e desportiva feita de pl\u00e1stico reciclado 50% para se manter hidratado com estilo. Resistente a manchas, estilha\u00e7os e odores, mant\u00e9m as suas bebidas frescas, e a tampa \u00e0 prova de derrames e a v\u00e1lvula de mordida evitam fugas. O tamanho extra grande desta garrafa tamb\u00e9m \u00e9 adequado para longas sess\u00f5es de gin\u00e1sio, trabalho ou estudo! - 25<\/p>\n<p>- 25 on\u00e7as (739 ml) <br \/>\n- Dimens\u00f5es: 10\u2033 \u00d7 3\u2033 (25,4 \u00d7 7,62 cm)<br \/>\n- Material reciclado Eastman Tritan\u2122 Renew 50% sem BPA <br \/>\n- Resistente a manchas, estilha\u00e7os e odores<br \/>\n- Tampa de rosca \u00e0 prova de derrames com v\u00e1lvula de mordida<br \/>\n- Pega de transporte com um dedo<\/p>","protected":false},"excerpt":{"rendered":"<p>Obtenha uma garrafa de \u00e1gua personalizada e desportiva feita de pl\u00e1stico reciclado 50% para se manter hidratado com estilo. Resistente a manchas, estilha\u00e7os e odores, mant\u00e9m as suas bebidas frescas, e a tampa \u00e0 prova de derrames e a v\u00e1lvula de mordida evitam fugas. O tamanho extra grande desta garrafa tamb\u00e9m \u00e9 adequado para longas sess\u00f5es de gin\u00e1sio, trabalho ou estudo! - 25","protected":false},"featured_media":0,"comment_status":"open","ping_status":"closed","template":"","meta":{"_acf_changed":false,"content-type":"","_monsterinsights_skip_tracking":false,"_monsterinsights_sitenote_active":false,"_monsterinsights_sitenote_note":"","_monsterinsights_sitenote_category":0},"product_brand":[],"product_cat":[245],"product_tag":[],"class_list":{"0":"post-8505","1":"product","2":"type-product","3":"status-publish","5":"product_cat-merchandise","7":"first","8":"outofstock","9":"taxable","10":"shipping-taxable","11":"product-type-variable"},"acf":[],"aioseo_notices":[],"jetpack_sharing_enabled":true,"_links":{"self":[{"href":"https:\/\/antcube.shop\/pt\/wp-json\/wp\/v2\/product\/8505","targetHints":{"allow":["GET"]}}],"collection":[{"href":"https:\/\/antcube.shop\/pt\/wp-json\/wp\/v2\/product"}],"about":[{"href":"https:\/\/antcube.shop\/pt\/wp-json\/wp\/v2\/types\/product"}],"replies":[{"embeddable":true,"href":"https:\/\/antcube.shop\/pt\/wp-json\/wp\/v2\/comments?post=8505"}],"wp:attachment":[{"href":"https:\/\/antcube.shop\/pt\/wp-json\/wp\/v2\/media?parent=8505"}],"wp:term":[{"taxonomy":"product_brand","embeddable":true,"href":"https:\/\/antcube.shop\/pt\/wp-json\/wp\/v2\/product_brand?post=8505"},{"taxonomy":"product_cat","embeddable":true,"href":"https:\/\/antcube.shop\/pt\/wp-json\/wp\/v2\/product_cat?post=8505"},{"taxonomy":"product_tag","embeddable":true,"href":"https:\/\/antcube.shop\/pt\/wp-json\/wp\/v2\/product_tag?post=8505"}],"curies":[{"name":"wp","href":"https:\/\/api.w.org\/{rel}","templated":true}]}}