{"id":8185,"date":"2024-06-10T10:28:06","date_gmt":"2024-06-10T08:28:06","guid":{"rendered":"https:\/\/antcube.shop\/product\/boxer-briefs\/"},"modified":"2024-12-12T11:08:38","modified_gmt":"2024-12-12T10:08:38","slug":"cuecas-boxer","status":"publish","type":"product","link":"https:\/\/antcube.shop\/pt\/produto\/cuecas-boxer\/","title":{"rendered":"Cuecas Boxer"},"content":{"rendered":"<p>Estas cuecas boxer s\u00e3o feitas de um material macio e el\u00e1stico que garante conforto durante todo o dia. As cuecas boxer n\u00e3o t\u00eam costura atr\u00e1s e apresentam uma bolsa frontal forrada para maior conforto e apoio. <\/p>\n<p>- 95% poli\u00e9ster, 5% elastano (a composi\u00e7\u00e3o do tecido pode variar em 1%)<br \/>\n- Arranha-c\u00e9us<br \/>\n- Bolsa frontal forrada para apoio adicional<br \/>\n- Cintura el\u00e1stica de 4 cm de largura revestida de tecido<br \/>\n- Painel entrepernas <br \/>\n- Ponto de overloque e ponto de cobertura <br \/>\n- Sem costura nas costas para maior conforto<br \/>\n- Componentes de produtos em branco na UE provenientes da Litu\u00e2nia<br \/>\n- Componentes de produtos em branco no M\u00e9xico provenientes dos EUA e da China<\/p>","protected":false},"excerpt":{"rendered":"<p>Estas cuecas boxer s\u00e3o feitas de um material macio e el\u00e1stico que garante conforto durante todo o dia. As cuecas boxer n\u00e3o t\u00eam costura atr\u00e1s e apresentam uma bolsa frontal forrada para maior conforto e apoio. - 95% poli\u00e9ster, 5% elastano (a composi\u00e7\u00e3o do tecido pode variar consoante o 1%) - Cintura m\u00e9dia - Bolsa frontal forrada para","protected":false},"featured_media":8195,"comment_status":"open","ping_status":"closed","template":"","meta":{"_acf_changed":false,"content-type":"","_monsterinsights_skip_tracking":false,"_monsterinsights_sitenote_active":false,"_monsterinsights_sitenote_note":"","_monsterinsights_sitenote_category":0},"product_brand":[],"product_cat":[245],"product_tag":[],"class_list":{"0":"post-8185","1":"product","2":"type-product","3":"status-publish","4":"has-post-thumbnail","6":"product_cat-merchandise","8":"first","9":"instock","10":"taxable","11":"shipping-taxable","12":"purchasable","13":"product-type-variable"},"acf":[],"aioseo_notices":[],"jetpack_sharing_enabled":true,"_links":{"self":[{"href":"https:\/\/antcube.shop\/pt\/wp-json\/wp\/v2\/product\/8185","targetHints":{"allow":["GET"]}}],"collection":[{"href":"https:\/\/antcube.shop\/pt\/wp-json\/wp\/v2\/product"}],"about":[{"href":"https:\/\/antcube.shop\/pt\/wp-json\/wp\/v2\/types\/product"}],"replies":[{"embeddable":true,"href":"https:\/\/antcube.shop\/pt\/wp-json\/wp\/v2\/comments?post=8185"}],"wp:featuredmedia":[{"embeddable":true,"href":"https:\/\/antcube.shop\/pt\/wp-json\/wp\/v2\/media\/8195"}],"wp:attachment":[{"href":"https:\/\/antcube.shop\/pt\/wp-json\/wp\/v2\/media?parent=8185"}],"wp:term":[{"taxonomy":"product_brand","embeddable":true,"href":"https:\/\/antcube.shop\/pt\/wp-json\/wp\/v2\/product_brand?post=8185"},{"taxonomy":"product_cat","embeddable":true,"href":"https:\/\/antcube.shop\/pt\/wp-json\/wp\/v2\/product_cat?post=8185"},{"taxonomy":"product_tag","embeddable":true,"href":"https:\/\/antcube.shop\/pt\/wp-json\/wp\/v2\/product_tag?post=8185"}],"curies":[{"name":"wp","href":"https:\/\/api.w.org\/{rel}","templated":true}]}}