{"id":8070,"date":"2024-06-07T18:24:40","date_gmt":"2024-06-07T16:24:40","guid":{"rendered":"https:\/\/antcube.shop\/product\/unisex-t-shirt\/"},"modified":"2024-12-12T11:08:49","modified_gmt":"2024-12-12T10:08:49","slug":"t-shirt-unisexo","status":"publish","type":"product","link":"https:\/\/antcube.shop\/pt\/produto\/t-shirt-unisexo\/","title":{"rendered":"T-shirt unissexo"},"content":{"rendered":"<p>Esta t-shirt \u00e9 tudo aquilo com que sempre sonhou e muito mais. \u00c9 macia e leve, com a quantidade certa de elasticidade. \u00c9 confort\u00e1vel e lisonjeira para todos. <\/p>\n<p>- 100% algod\u00e3o penteado e fiado em an\u00e9is (as cores de urze cont\u00eam poli\u00e9ster)<br \/>\n- Peso do tecido: 4,2 oz.\/yd.\u00b2 (142 g\/m\u00b2)<br \/>\n- Tecido pr\u00e9-encolhido<br \/>\n- Constru\u00e7\u00e3o de tipo lateral<br \/>\n- Aplica\u00e7\u00e3o de fita adesiva ombro a ombro<br \/>\n- Produto em branco proveniente da Nicar\u00e1gua, do M\u00e9xico, das Honduras ou dos EUA<\/p>\n<p>Este produto \u00e9 feito especialmente para si assim que faz uma encomenda, raz\u00e3o pela qual demoramos um pouco mais a entreg\u00e1-lo. O fabrico de produtos por encomenda em vez de a granel ajuda a reduzir a sobreprodu\u00e7\u00e3o, por isso, obrigado por tomar decis\u00f5es de compra ponderadas!<\/p>","protected":false},"excerpt":{"rendered":"<p>Esta t-shirt \u00e9 tudo aquilo com que sempre sonhou e muito mais. \u00c9 macia e leve, com a quantidade certa de elasticidade. \u00c9 confort\u00e1vel e lisonjeira para todos. - Algod\u00e3o 100% penteado e fiado em anel (as cores de urze cont\u00eam poli\u00e9ster) - Peso do tecido: 142 g\/m\u00b2 (4,2 oz.\/yd.\u00b2) - Tecido pr\u00e9-encolhido - Constru\u00e7\u00e3o com costuras laterais - Fita adesiva ombro a ombro - Produto em branco","protected":false},"featured_media":8150,"comment_status":"open","ping_status":"closed","template":"","meta":{"_acf_changed":false,"content-type":"","_monsterinsights_skip_tracking":false,"_monsterinsights_sitenote_active":false,"_monsterinsights_sitenote_note":"","_monsterinsights_sitenote_category":0},"product_brand":[],"product_cat":[245],"product_tag":[],"class_list":{"0":"post-8070","1":"product","2":"type-product","3":"status-publish","4":"has-post-thumbnail","6":"product_cat-merchandise","8":"first","9":"instock","10":"taxable","11":"shipping-taxable","12":"purchasable","13":"product-type-variable"},"acf":[],"aioseo_notices":[],"jetpack_sharing_enabled":true,"_links":{"self":[{"href":"https:\/\/antcube.shop\/pt\/wp-json\/wp\/v2\/product\/8070","targetHints":{"allow":["GET"]}}],"collection":[{"href":"https:\/\/antcube.shop\/pt\/wp-json\/wp\/v2\/product"}],"about":[{"href":"https:\/\/antcube.shop\/pt\/wp-json\/wp\/v2\/types\/product"}],"replies":[{"embeddable":true,"href":"https:\/\/antcube.shop\/pt\/wp-json\/wp\/v2\/comments?post=8070"}],"wp:featuredmedia":[{"embeddable":true,"href":"https:\/\/antcube.shop\/pt\/wp-json\/wp\/v2\/media\/8150"}],"wp:attachment":[{"href":"https:\/\/antcube.shop\/pt\/wp-json\/wp\/v2\/media?parent=8070"}],"wp:term":[{"taxonomy":"product_brand","embeddable":true,"href":"https:\/\/antcube.shop\/pt\/wp-json\/wp\/v2\/product_brand?post=8070"},{"taxonomy":"product_cat","embeddable":true,"href":"https:\/\/antcube.shop\/pt\/wp-json\/wp\/v2\/product_cat?post=8070"},{"taxonomy":"product_tag","embeddable":true,"href":"https:\/\/antcube.shop\/pt\/wp-json\/wp\/v2\/product_tag?post=8070"}],"curies":[{"name":"wp","href":"https:\/\/api.w.org\/{rel}","templated":true}]}}