{"id":7997,"date":"2024-06-07T18:17:29","date_gmt":"2024-06-07T16:17:29","guid":{"rendered":"https:\/\/antcube.shop\/product\/unisex-hoodie\/"},"modified":"2024-12-12T11:08:58","modified_gmt":"2024-12-12T10:08:58","slug":"casaco-com-capuz-unissexo","status":"publish","type":"product","link":"https:\/\/antcube.shop\/pt\/produto\/casaco-com-capuz-unissexo\/","title":{"rendered":"Camisola com capuz unissexo"},"content":{"rendered":"<p>Toda a gente precisa de um casaco com capuz aconchegante para se enrolar, por isso opte por um que seja macio, suave e elegante. \u00c9 a escolha perfeita para as noites mais frias!<\/p>\n<p>- 50% algod\u00e3o pr\u00e9-encolhido, 50% poli\u00e9ster<br \/>\n- Peso do tecido: 8,0 oz\/yd\u00b2 (271,25 g\/m\u00b2)<br \/>\n- Fio fiado a jato de ar com um toque macio e redu\u00e7\u00e3o dos borbotos<br \/>\n- Capuz com duplo forro e cord\u00e3o a condizer<br \/>\n- Corpo virado num quarto para evitar o vinco no meio<br \/>\n- Punhos e cintura em malha canelada atl\u00e9tica 1 \u00d7 1 com elastano<br \/>\n- Bolso frontal para bolsa<br \/>\n- Gola, ombros, cavas, punhos e bainha com pesponto duplo<br \/>\n- Produto em branco proveniente do Bangladesh, Nicar\u00e1gua, Honduras ou El Salvador<\/p>\n<p>Este produto \u00e9 feito especialmente para si assim que faz uma encomenda, raz\u00e3o pela qual demoramos um pouco mais a entreg\u00e1-lo. O fabrico de produtos por encomenda em vez de a granel ajuda a reduzir a sobreprodu\u00e7\u00e3o, por isso, obrigado por tomar decis\u00f5es de compra ponderadas!<\/p>","protected":false},"excerpt":{"rendered":"<p>Toda a gente precisa de um casaco com capuz aconchegante para se enrolar, por isso opte por um que seja macio, suave e elegante. \u00c9 a escolha perfeita para as noites mais frias! - Algod\u00e3o pr\u00e9-encolhido 50%, poli\u00e9ster 50% - Peso do tecido: 271,25 g\/m\u00b2 (8,0 oz\/yd\u00b2) - Fio fiado a jato de ar com um toque suave e redu\u00e7\u00e3o de borbotos - Capuz com duplo forro a condizer","protected":false},"featured_media":8060,"comment_status":"open","ping_status":"closed","template":"","meta":{"_acf_changed":false,"content-type":"","_monsterinsights_skip_tracking":false,"_monsterinsights_sitenote_active":false,"_monsterinsights_sitenote_note":"","_monsterinsights_sitenote_category":0},"product_brand":[],"product_cat":[245],"product_tag":[],"class_list":{"0":"post-7997","1":"product","2":"type-product","3":"status-publish","4":"has-post-thumbnail","6":"product_cat-merchandise","8":"first","9":"instock","10":"taxable","11":"shipping-taxable","12":"purchasable","13":"product-type-variable"},"acf":[],"aioseo_notices":[],"jetpack_sharing_enabled":true,"_links":{"self":[{"href":"https:\/\/antcube.shop\/pt\/wp-json\/wp\/v2\/product\/7997","targetHints":{"allow":["GET"]}}],"collection":[{"href":"https:\/\/antcube.shop\/pt\/wp-json\/wp\/v2\/product"}],"about":[{"href":"https:\/\/antcube.shop\/pt\/wp-json\/wp\/v2\/types\/product"}],"replies":[{"embeddable":true,"href":"https:\/\/antcube.shop\/pt\/wp-json\/wp\/v2\/comments?post=7997"}],"wp:featuredmedia":[{"embeddable":true,"href":"https:\/\/antcube.shop\/pt\/wp-json\/wp\/v2\/media\/8060"}],"wp:attachment":[{"href":"https:\/\/antcube.shop\/pt\/wp-json\/wp\/v2\/media?parent=7997"}],"wp:term":[{"taxonomy":"product_brand","embeddable":true,"href":"https:\/\/antcube.shop\/pt\/wp-json\/wp\/v2\/product_brand?post=7997"},{"taxonomy":"product_cat","embeddable":true,"href":"https:\/\/antcube.shop\/pt\/wp-json\/wp\/v2\/product_cat?post=7997"},{"taxonomy":"product_tag","embeddable":true,"href":"https:\/\/antcube.shop\/pt\/wp-json\/wp\/v2\/product_tag?post=7997"}],"curies":[{"name":"wp","href":"https:\/\/api.w.org\/{rel}","templated":true}]}}