{"id":7942,"date":"2024-05-29T15:42:05","date_gmt":"2024-05-29T13:42:05","guid":{"rendered":"https:\/\/antcube.shop\/product\/rote-abdeckplatte-20x20-liegend\/"},"modified":"2026-04-16T12:33:06","modified_gmt":"2026-04-16T10:33:06","slug":"placa-de-cobertura-vermelha-20x20","status":"publish","type":"product","link":"https:\/\/antcube.shop\/pt\/produto\/placa-de-cobertura-vermelha-20x20\/","title":{"rendered":"Placa de cobertura vermelha 20\u00d720 - horizontal"},"content":{"rendered":"<p><strong>Dimens\u00f5es:<\/strong> 180 x 180 mm,<br \/>\n<strong>Espessura:<\/strong> 3 mm<br \/>\nDimens\u00e3o exterior do anel de furo de 56 mm - Dimens\u00e3o interior do furo de 33 mm<\/p>\n<p><strong>Material:<\/strong> PMMA<\/p>\n<p><strong>Cor:<\/strong> vermelho escuro, transparente<\/p>\n<p><strong>Conte\u00fado:<\/strong> 1 unidade.<\/p>\n<p><strong>Descri\u00e7\u00e3o:<\/strong> A placa de cobertura transparente vermelha - horizontal, \u00e9 utilizada para dar \u00e0s formigas uma sensa\u00e7\u00e3o de subsolo. Por isso, recomendamos a utiliza\u00e7\u00e3o deste produto, pelo menos parcialmente, na \u00e1rea do ninho. At\u00e9 se podem ver as formigas no ninho atrav\u00e9s da cobertura.<\/p>","protected":false},"excerpt":{"rendered":"<p>Dimens\u00f5es: 180 x 180 mm, Espessura: 3 mm Dimens\u00e3o exterior do anel de orif\u00edcio de 56 mm - dimens\u00e3o interior do orif\u00edcio de 33 mm Material: PMMA Cor: vermelho escuro, transparente Conte\u00fado: 1 unidade. Descri\u00e7\u00e3o: A placa de cobertura transparente vermelha - horizontal, \u00e9 utilizada para dar \u00e0s formigas uma sensa\u00e7\u00e3o de subsolo. Por isso, recomendamos a utiliza\u00e7\u00e3o deste produto, pelo menos parcialmente, no [...]","protected":false},"featured_media":7945,"comment_status":"open","ping_status":"closed","template":"","meta":{"_acf_changed":false,"content-type":"","_monsterinsights_skip_tracking":false,"_monsterinsights_sitenote_active":false,"_monsterinsights_sitenote_note":"","_monsterinsights_sitenote_category":0},"product_brand":[],"product_cat":[119,239],"product_tag":[],"class_list":{"0":"post-7942","1":"product","2":"type-product","3":"status-publish","4":"has-post-thumbnail","6":"product_cat-formicarium-components","7":"product_cat-useful-additions","9":"first","10":"instock","11":"taxable","12":"shipping-taxable","13":"purchasable","14":"product-type-simple"},"acf":[],"aioseo_notices":[],"jetpack_sharing_enabled":true,"_links":{"self":[{"href":"https:\/\/antcube.shop\/pt\/wp-json\/wp\/v2\/product\/7942","targetHints":{"allow":["GET"]}}],"collection":[{"href":"https:\/\/antcube.shop\/pt\/wp-json\/wp\/v2\/product"}],"about":[{"href":"https:\/\/antcube.shop\/pt\/wp-json\/wp\/v2\/types\/product"}],"replies":[{"embeddable":true,"href":"https:\/\/antcube.shop\/pt\/wp-json\/wp\/v2\/comments?post=7942"}],"wp:featuredmedia":[{"embeddable":true,"href":"https:\/\/antcube.shop\/pt\/wp-json\/wp\/v2\/media\/7945"}],"wp:attachment":[{"href":"https:\/\/antcube.shop\/pt\/wp-json\/wp\/v2\/media?parent=7942"}],"wp:term":[{"taxonomy":"product_brand","embeddable":true,"href":"https:\/\/antcube.shop\/pt\/wp-json\/wp\/v2\/product_brand?post=7942"},{"taxonomy":"product_cat","embeddable":true,"href":"https:\/\/antcube.shop\/pt\/wp-json\/wp\/v2\/product_cat?post=7942"},{"taxonomy":"product_tag","embeddable":true,"href":"https:\/\/antcube.shop\/pt\/wp-json\/wp\/v2\/product_tag?post=7942"}],"curies":[{"name":"wp","href":"https:\/\/api.w.org\/{rel}","templated":true}]}}