{"id":7590,"date":"2024-04-04T16:24:13","date_gmt":"2024-04-04T14:24:13","guid":{"rendered":"https:\/\/antcube.shop\/product\/thermo-hygrometer-analog-display-43mm-hangend\/"},"modified":"2026-01-15T16:08:58","modified_gmt":"2026-01-15T15:08:58","slug":"termo-higrometro-com-visor-analogico-43-mm-suspenso","status":"publish","type":"product","link":"https:\/\/antcube.shop\/pt\/produto\/termo-higrometro-com-visor-analogico-43-mm-suspenso\/","title":{"rendered":"Termo-higr\u00f3metro anal\u00f3gico - visor - 43 mm - suspenso"},"content":{"rendered":"<p><strong>Dimens\u00f5es:<\/strong> 73 mm x 63 mm, 20 mm de profundidade<\/p>\n<p><strong>Material:<\/strong> metal \/ acr\u00edlico<\/p>\n<p><strong>Cor:<\/strong> metal, prata \/ transparente<\/p>\n<p><strong>Conte\u00fado:<\/strong> 1x termo-higr\u00f3metro anal\u00f3gico de metal - 43mm, 1x suporte de vidro acr\u00edlico com recesso para o instrumento de medi\u00e7\u00e3o - 73x59mm, 1x base de vidro acr\u00edlico - 73x20mm, 2x almofadas adesivas transparentes - 30x20mm<\/p>\n<p><strong>Descri\u00e7\u00e3o:<\/strong><br \/>\nO conjunto \u00e9 composto por um term\u00f3metro e um higr\u00f3metro anal\u00f3gicos em metal (43 mm), que s\u00e3o inseridos numa placa de vidro acr\u00edlico (73x59 mm). O ecr\u00e3 \u00e9 fixado atrav\u00e9s de duas almofadas adesivas transparentes, que podem ser utilizadas para fixar a base (73x20mm) \u00e0 cobertura de arenas ou molduras.<\/p>\n<p><strong>Importante:<\/strong><br \/>\nA parte de tr\u00e1s do man\u00f3metro deve ser mantida livre, caso contr\u00e1rio podem ocorrer erros de medi\u00e7\u00e3o.<\/p>\n<p><strong>Term\u00f3metro de precis\u00e3o:<\/strong> +\/- 2\u00b0C , +\/- 4\u00b0F<br \/>\n<strong>Higr\u00f3metro de precis\u00e3o:<\/strong> +\/- 5%<\/p>","protected":false},"excerpt":{"rendered":"<p>Conjunto de term\u00f3metro e higr\u00f3metro em metal (43 mm) inserido numa placa de vidro acr\u00edlico (73x63 mm)<\/p>","protected":false},"featured_media":7580,"comment_status":"open","ping_status":"closed","template":"","meta":{"_acf_changed":false,"content-type":"","_monsterinsights_skip_tracking":false,"_monsterinsights_sitenote_active":false,"_monsterinsights_sitenote_note":"","_monsterinsights_sitenote_category":0},"product_brand":[],"product_cat":[359,119],"product_tag":[],"class_list":{"0":"post-7590","1":"product","2":"type-product","3":"status-publish","4":"has-post-thumbnail","6":"product_cat-light-heat-humidity","7":"product_cat-formicarium-components","9":"first","10":"instock","11":"taxable","12":"shipping-taxable","13":"purchasable","14":"product-type-simple"},"acf":[],"aioseo_notices":[],"jetpack_sharing_enabled":true,"_links":{"self":[{"href":"https:\/\/antcube.shop\/pt\/wp-json\/wp\/v2\/product\/7590","targetHints":{"allow":["GET"]}}],"collection":[{"href":"https:\/\/antcube.shop\/pt\/wp-json\/wp\/v2\/product"}],"about":[{"href":"https:\/\/antcube.shop\/pt\/wp-json\/wp\/v2\/types\/product"}],"replies":[{"embeddable":true,"href":"https:\/\/antcube.shop\/pt\/wp-json\/wp\/v2\/comments?post=7590"}],"wp:featuredmedia":[{"embeddable":true,"href":"https:\/\/antcube.shop\/pt\/wp-json\/wp\/v2\/media\/7580"}],"wp:attachment":[{"href":"https:\/\/antcube.shop\/pt\/wp-json\/wp\/v2\/media?parent=7590"}],"wp:term":[{"taxonomy":"product_brand","embeddable":true,"href":"https:\/\/antcube.shop\/pt\/wp-json\/wp\/v2\/product_brand?post=7590"},{"taxonomy":"product_cat","embeddable":true,"href":"https:\/\/antcube.shop\/pt\/wp-json\/wp\/v2\/product_cat?post=7590"},{"taxonomy":"product_tag","embeddable":true,"href":"https:\/\/antcube.shop\/pt\/wp-json\/wp\/v2\/product_tag?post=7590"}],"curies":[{"name":"wp","href":"https:\/\/api.w.org\/{rel}","templated":true}]}}