{"id":7589,"date":"2024-04-04T16:24:06","date_gmt":"2024-04-04T14:24:06","guid":{"rendered":"https:\/\/antcube.shop\/product\/mini-thermo-hygrometer-analog-metall-43mm\/"},"modified":"2026-04-23T18:21:12","modified_gmt":"2026-04-23T16:21:12","slug":"mini-termo-higrometro-analogico-de-metal-43-mm","status":"publish","type":"product","link":"https:\/\/antcube.shop\/pt\/produto\/mini-termo-higrometro-analogico-de-metal-43-mm\/","title":{"rendered":"Mini termo-higr\u00f3metro anal\u00f3gico em metal - 43 mm"},"content":{"rendered":"<p><strong>Tamanho:<\/strong> 43 mm (para furo de 40 mm)<\/p>\n<p><strong>Material \/ Cor:<\/strong> metal, prata<\/p>\n<p><strong>Medi\u00e7\u00e3o:<\/strong><\/p>\n<p><strong>Term\u00f3metro:<\/strong> -20 a +50\u00b0C \/ -10 a +130\u00b0F<br \/>\n<strong>Exactid\u00e3o:<\/strong> +\/- 2\u00b0C , +\/- 4\u00b0F<\/p>\n<p><strong>Higr\u00f3metro:<\/strong> 0 a 100%<br \/>\n<strong>Exactid\u00e3o:<\/strong> +\/- 5%<\/p>\n<p><strong>Descri\u00e7\u00e3o:<\/strong><br \/>\nTerm\u00f3metro\/higr\u00f3metro anal\u00f3gico, particularmente adequado para formic\u00e1rios muito pequenos.<\/p>\n<p><strong>Nota:<\/strong><br \/>\nOs instrumentos de medi\u00e7\u00e3o no verso devem permanecer livres, caso contr\u00e1rio podem ocorrer erros de medi\u00e7\u00e3o.<\/p>","protected":false},"excerpt":{"rendered":"<p>Tamanho: 43 mm (para orif\u00edcio de 40 mm) Material \/ Cor: metal, prata Medi\u00e7\u00e3o: Term\u00f3metro: -20 a +50\u00b0C \/ -10 a +130\u00b0F Precis\u00e3o: +\/- 2\u00b0C , +\/- 4\u00b0F Higr\u00f3metro: 0 a 100% Precis\u00e3o: +\/- 5% Descri\u00e7\u00e3o: Termo-higr\u00f3metro anal\u00f3gico, particularmente adequado para formic\u00e1rios muito pequenos. Nota: Os instrumentos de medi\u00e7\u00e3o na parte de tr\u00e1s devem permanecer livres, caso contr\u00e1rio a medi\u00e7\u00e3o","protected":false},"featured_media":7581,"comment_status":"open","ping_status":"closed","template":"","meta":{"_acf_changed":false,"content-type":"","_monsterinsights_skip_tracking":false,"_monsterinsights_sitenote_active":false,"_monsterinsights_sitenote_note":"","_monsterinsights_sitenote_category":0},"product_brand":[],"product_cat":[359,119],"product_tag":[],"class_list":{"0":"post-7589","1":"product","2":"type-product","3":"status-publish","4":"has-post-thumbnail","6":"product_cat-light-heat-humidity","7":"product_cat-formicarium-components","9":"first","10":"instock","11":"taxable","12":"shipping-taxable","13":"purchasable","14":"product-type-simple"},"acf":[],"aioseo_notices":[],"jetpack_sharing_enabled":true,"_links":{"self":[{"href":"https:\/\/antcube.shop\/pt\/wp-json\/wp\/v2\/product\/7589","targetHints":{"allow":["GET"]}}],"collection":[{"href":"https:\/\/antcube.shop\/pt\/wp-json\/wp\/v2\/product"}],"about":[{"href":"https:\/\/antcube.shop\/pt\/wp-json\/wp\/v2\/types\/product"}],"replies":[{"embeddable":true,"href":"https:\/\/antcube.shop\/pt\/wp-json\/wp\/v2\/comments?post=7589"}],"wp:featuredmedia":[{"embeddable":true,"href":"https:\/\/antcube.shop\/pt\/wp-json\/wp\/v2\/media\/7581"}],"wp:attachment":[{"href":"https:\/\/antcube.shop\/pt\/wp-json\/wp\/v2\/media?parent=7589"}],"wp:term":[{"taxonomy":"product_brand","embeddable":true,"href":"https:\/\/antcube.shop\/pt\/wp-json\/wp\/v2\/product_brand?post=7589"},{"taxonomy":"product_cat","embeddable":true,"href":"https:\/\/antcube.shop\/pt\/wp-json\/wp\/v2\/product_cat?post=7589"},{"taxonomy":"product_tag","embeddable":true,"href":"https:\/\/antcube.shop\/pt\/wp-json\/wp\/v2\/product_tag?post=7589"}],"curies":[{"name":"wp","href":"https:\/\/api.w.org\/{rel}","templated":true}]}}