{"id":7504,"date":"2024-04-04T11:27:42","date_gmt":"2024-04-04T09:27:42","guid":{"rendered":"https:\/\/antcube.shop\/product\/folien-thermometer-farm\/"},"modified":"2026-04-02T09:54:42","modified_gmt":"2026-04-02T07:54:42","slug":"termometro-de-folha-de-aluminio-quinta","status":"publish","type":"product","link":"https:\/\/antcube.shop\/pt\/produto\/termometro-de-folha-de-aluminio-quinta\/","title":{"rendered":"Term\u00f3metro de folha de alum\u00ednio - quinta"},"content":{"rendered":"<p><strong>Tamanho:<\/strong> 88 mm x 15 mm<\/p>\n<p><strong>Gama de medi\u00e7\u00e3o:<\/strong> +12\u00b0C a +34\u00b0C<\/p>\n<p><strong>Exactid\u00e3o:<\/strong> +\/- 1\u00b0C<\/p>\n<p><strong>Descri\u00e7\u00e3o:<\/strong><br \/>\nTerm\u00f3metro de folha de alum\u00ednio que pode ser fixado ao vidro de um formigueiro a partir do interior. Superf\u00edcie adesiva sob a folha de alum\u00ednio na parte de tr\u00e1s.<\/p>\n<p><strong>Para a leitura da temperatura:<\/strong><br \/>\nA \u00e1rea verde mostra a temperatura atual.<br \/>\nSe a \u00e1rea vermelha for claramente vis\u00edvel, subtrair 0,5\u00b0C<br \/>\nAdicionar 0,5\u00b0C se a \u00e1rea azul for claramente vis\u00edvel<\/p>","protected":false},"excerpt":{"rendered":"<p>Gama de medi\u00e7\u00e3o: +12\u00b0C a +34\u00b0C<\/p>","protected":false},"featured_media":7576,"comment_status":"open","ping_status":"closed","template":"","meta":{"_acf_changed":false,"content-type":"","_monsterinsights_skip_tracking":false,"_monsterinsights_sitenote_active":false,"_monsterinsights_sitenote_note":"","_monsterinsights_sitenote_category":0},"product_brand":[],"product_cat":[359,119,239],"product_tag":[],"class_list":{"0":"post-7504","1":"product","2":"type-product","3":"status-publish","4":"has-post-thumbnail","6":"product_cat-light-heat-humidity","7":"product_cat-formicarium-components","8":"product_cat-useful-additions","10":"first","11":"instock","12":"taxable","13":"shipping-taxable","14":"purchasable","15":"product-type-simple"},"acf":[],"aioseo_notices":[],"jetpack_sharing_enabled":true,"_links":{"self":[{"href":"https:\/\/antcube.shop\/pt\/wp-json\/wp\/v2\/product\/7504","targetHints":{"allow":["GET"]}}],"collection":[{"href":"https:\/\/antcube.shop\/pt\/wp-json\/wp\/v2\/product"}],"about":[{"href":"https:\/\/antcube.shop\/pt\/wp-json\/wp\/v2\/types\/product"}],"replies":[{"embeddable":true,"href":"https:\/\/antcube.shop\/pt\/wp-json\/wp\/v2\/comments?post=7504"}],"wp:featuredmedia":[{"embeddable":true,"href":"https:\/\/antcube.shop\/pt\/wp-json\/wp\/v2\/media\/7576"}],"wp:attachment":[{"href":"https:\/\/antcube.shop\/pt\/wp-json\/wp\/v2\/media?parent=7504"}],"wp:term":[{"taxonomy":"product_brand","embeddable":true,"href":"https:\/\/antcube.shop\/pt\/wp-json\/wp\/v2\/product_brand?post=7504"},{"taxonomy":"product_cat","embeddable":true,"href":"https:\/\/antcube.shop\/pt\/wp-json\/wp\/v2\/product_cat?post=7504"},{"taxonomy":"product_tag","embeddable":true,"href":"https:\/\/antcube.shop\/pt\/wp-json\/wp\/v2\/product_tag?post=7504"}],"curies":[{"name":"wp","href":"https:\/\/api.w.org\/{rel}","templated":true}]}}