{"id":7500,"date":"2024-04-04T11:27:17","date_gmt":"2024-04-04T09:27:17","guid":{"rendered":"https:\/\/antcube.shop\/product\/ant-maze-20x20-m\/"},"modified":"2026-01-12T12:39:35","modified_gmt":"2026-01-12T11:39:35","slug":"labirinto-de-formigas-20x20-m","status":"publish","type":"product","link":"https:\/\/antcube.shop\/pt\/produto\/labirinto-de-formigas-20x20-m\/","title":{"rendered":"Labirinto de formigas 20\u00d720 - M"},"content":{"rendered":"<p><strong>Dimens\u00f5es:<\/strong><br \/>\n190x220x23mm; <strong>altura da trajet\u00f3ria<\/strong> 10mm <strong>largura da trajet\u00f3ria<\/strong> 10-19mm<br \/>\nControlador de passagem deslizante 5x<\/p>\n<p><strong>Material:<\/strong> vidro acr\u00edlico<\/p>\n<p><strong>Cor:<\/strong> cristalino, transparente<\/p>\n<p><strong>Conte\u00fado:<\/strong><br \/>\n1x Ant Maze M com 5x controlador deslizante<\/p>\n<p><strong>Conex\u00e3o:<\/strong> 2x tomadas de liga\u00e7\u00e3o 10mm para tubo 14\/10mm<\/p>\n<p><strong>Descri\u00e7\u00e3o:<\/strong> Formic\u00e1rio plano com labirinto de formigas constitu\u00eddo por v\u00e1rios pain\u00e9is em camadas. O labirinto de formigas pode ser estendido atrav\u00e9s de mangueiras ou ligado a um formigueiro utilizando as tomadas de liga\u00e7\u00e3o integradas. Os cinco cursores integrados permitem que as formigas abram ou fechem diferentes caminhos no labirinto. Isto pode ser utilizado para experi\u00eancias em institui\u00e7\u00f5es de ensino, por exemplo, ou em casa para observar como as formigas encontram o seu caminho e se adaptam a rotas que mudam subitamente, por exemplo, para \u00e1reas de alimenta\u00e7\u00e3o.<\/p>\n<p><strong>Nota:<\/strong> Podem ocorrer folgas de 0,5 mm.<\/p>\n<p><strong>Nota sobre as tomadas de liga\u00e7\u00e3o<\/strong><br \/>\nAo anexar ou remover mangueiras, por favor note o seguinte:<br \/>\nSe o tubo for muito dif\u00edcil de encaixar na tomada de liga\u00e7\u00e3o, a tomada deve ser ligeiramente esfregada com uma gota do nosso \u00f3leo ou p\u00f3 de prote\u00e7\u00e3o contra fugas. O tubo deve ent\u00e3o ser empurrado para a tomada com movimentos de tor\u00e7\u00e3o ou de aparafusamento, sem for\u00e7ar a tomada com movimentos para cima e para baixo. O mesmo se aplica \u00e0 remo\u00e7\u00e3o das mangueiras da tomada de liga\u00e7\u00e3o agr\u00edcola. Por favor, n\u00e3o a puxe simplesmente!<\/p>","protected":false},"excerpt":{"rendered":"<p>Liga\u00e7\u00e3o: Tomada 2x 10mm<\/p>","protected":false},"featured_media":7600,"comment_status":"open","ping_status":"closed","template":"","meta":{"_acf_changed":false,"content-type":"","_monsterinsights_skip_tracking":false,"_monsterinsights_sitenote_active":false,"_monsterinsights_sitenote_note":"","_monsterinsights_sitenote_category":0},"product_brand":[],"product_cat":[257,119,239,91],"product_tag":[],"class_list":{"0":"post-7500","1":"product","2":"type-product","3":"status-publish","4":"has-post-thumbnail","6":"product_cat-new-innovatve-products","7":"product_cat-formicarium-components","8":"product_cat-useful-additions","9":"product_cat-formicarium-modules","11":"first","12":"instock","13":"taxable","14":"shipping-taxable","15":"purchasable","16":"product-type-simple"},"acf":[],"aioseo_notices":[],"jetpack_sharing_enabled":true,"_links":{"self":[{"href":"https:\/\/antcube.shop\/pt\/wp-json\/wp\/v2\/product\/7500","targetHints":{"allow":["GET"]}}],"collection":[{"href":"https:\/\/antcube.shop\/pt\/wp-json\/wp\/v2\/product"}],"about":[{"href":"https:\/\/antcube.shop\/pt\/wp-json\/wp\/v2\/types\/product"}],"replies":[{"embeddable":true,"href":"https:\/\/antcube.shop\/pt\/wp-json\/wp\/v2\/comments?post=7500"}],"wp:featuredmedia":[{"embeddable":true,"href":"https:\/\/antcube.shop\/pt\/wp-json\/wp\/v2\/media\/7600"}],"wp:attachment":[{"href":"https:\/\/antcube.shop\/pt\/wp-json\/wp\/v2\/media?parent=7500"}],"wp:term":[{"taxonomy":"product_brand","embeddable":true,"href":"https:\/\/antcube.shop\/pt\/wp-json\/wp\/v2\/product_brand?post=7500"},{"taxonomy":"product_cat","embeddable":true,"href":"https:\/\/antcube.shop\/pt\/wp-json\/wp\/v2\/product_cat?post=7500"},{"taxonomy":"product_tag","embeddable":true,"href":"https:\/\/antcube.shop\/pt\/wp-json\/wp\/v2\/product_tag?post=7500"}],"curies":[{"name":"wp","href":"https:\/\/api.w.org\/{rel}","templated":true}]}}