{"id":7499,"date":"2024-04-04T11:21:32","date_gmt":"2024-04-04T09:21:32","guid":{"rendered":"https:\/\/antcube.shop\/product\/formicarienmutter-1-1-2-zoll-glasklar\/"},"modified":"2026-04-10T09:16:19","modified_gmt":"2026-04-10T07:16:19","slug":"porca-de-formicario-1-1-2-polegadas-vidro-transparente","status":"publish","type":"product","link":"https:\/\/antcube.shop\/pt\/produto\/porca-de-formicario-1-1-2-polegadas-vidro-transparente\/","title":{"rendered":"Porca de formic\u00e1rio de 1 1\/2 polegada - vidro transparente"},"content":{"rendered":"<p><strong>Conte\u00fado:<\/strong> 1x contraporca<\/p>\n<p><strong>Cor:<\/strong> vidro transparente<\/p>\n<p><strong>Material:<\/strong> pl\u00e1stico<\/p>\n<p><strong>Descri\u00e7\u00e3o:<\/strong> Com esta contraporca pode fixar adaptadores aparafusados de encaixe (1 1\/2\u2033)<\/p>\n<p>&nbsp;<\/p>","protected":false},"excerpt":{"rendered":"<p>Conte\u00fado: 1x contraporca Cor: vidro transparente Material: pl\u00e1stico Descri\u00e7\u00e3o: Com esta contraporca pode fixar adaptadores aparafusados (3\/4\") &nbsp;<\/p>","protected":false},"featured_media":7515,"comment_status":"open","ping_status":"closed","template":"","meta":{"_acf_changed":false,"content-type":"","_monsterinsights_skip_tracking":false,"_monsterinsights_sitenote_active":false,"_monsterinsights_sitenote_note":"","_monsterinsights_sitenote_category":0},"product_brand":[],"product_cat":[257,345,119,121],"product_tag":[],"class_list":{"0":"post-7499","1":"product","2":"type-product","3":"status-publish","4":"has-post-thumbnail","6":"product_cat-new-innovatve-products","7":"product_cat-pipe-connectors","8":"product_cat-formicarium-components","9":"product_cat-connectors","11":"first","12":"instock","13":"taxable","14":"shipping-taxable","15":"purchasable","16":"product-type-simple"},"acf":[],"aioseo_notices":[],"jetpack_sharing_enabled":true,"_links":{"self":[{"href":"https:\/\/antcube.shop\/pt\/wp-json\/wp\/v2\/product\/7499","targetHints":{"allow":["GET"]}}],"collection":[{"href":"https:\/\/antcube.shop\/pt\/wp-json\/wp\/v2\/product"}],"about":[{"href":"https:\/\/antcube.shop\/pt\/wp-json\/wp\/v2\/types\/product"}],"replies":[{"embeddable":true,"href":"https:\/\/antcube.shop\/pt\/wp-json\/wp\/v2\/comments?post=7499"}],"wp:featuredmedia":[{"embeddable":true,"href":"https:\/\/antcube.shop\/pt\/wp-json\/wp\/v2\/media\/7515"}],"wp:attachment":[{"href":"https:\/\/antcube.shop\/pt\/wp-json\/wp\/v2\/media?parent=7499"}],"wp:term":[{"taxonomy":"product_brand","embeddable":true,"href":"https:\/\/antcube.shop\/pt\/wp-json\/wp\/v2\/product_brand?post=7499"},{"taxonomy":"product_cat","embeddable":true,"href":"https:\/\/antcube.shop\/pt\/wp-json\/wp\/v2\/product_cat?post=7499"},{"taxonomy":"product_tag","embeddable":true,"href":"https:\/\/antcube.shop\/pt\/wp-json\/wp\/v2\/product_tag?post=7499"}],"curies":[{"name":"wp","href":"https:\/\/api.w.org\/{rel}","templated":true}]}}