{"id":7495,"date":"2024-04-04T11:21:06","date_gmt":"2024-04-04T09:21:06","guid":{"rendered":"https:\/\/antcube.shop\/product\/beckenverbinder-3-4-zu-20mm-glasklar\/"},"modified":"2026-04-04T20:31:13","modified_gmt":"2026-04-04T18:31:13","slug":"conetor-de-bacia-3-4-a-20mm-vidro-transparente","status":"publish","type":"product","link":"https:\/\/antcube.shop\/pt\/produto\/conetor-de-bacia-3-4-a-20mm-vidro-transparente\/","title":{"rendered":"Conector de lavat\u00f3rio 3\/4\u2033 a 20mm - vidro transparente"},"content":{"rendered":"<p><span data-text-color=\"alert\"><strong>Aten\u00e7\u00e3o:<\/strong> <\/span>a porca necess\u00e1ria para a fixa\u00e7\u00e3o deve ser encomendada separadamente<\/p>\n<p><strong>Quantidade:<\/strong> 1 unidade<\/p>\n<p><strong>Cor:<\/strong> limpa-vidros<\/p>\n<p><strong>Material:<\/strong> Pl\u00e1stico<\/p>\n<p><strong>Descri\u00e7\u00e3o:<\/strong> Este conetor de tubo de lavat\u00f3rio de 3\/4\" encaixa num orif\u00edcio de 27 mm e num tubo de 20 mm de di\u00e2metro exterior.<\/p>","protected":false},"excerpt":{"rendered":"<p>Aten\u00e7\u00e3o: a porca necess\u00e1ria para a fixa\u00e7\u00e3o deve ser encomendada separadamente Quantidade: 1 pcs Cor: transparente Material: Pl\u00e1stico Descri\u00e7\u00e3o: Este conetor de tubo de lavat\u00f3rio de 1 1\/2\" encaixa num orif\u00edcio de 50 mm e num tubo de 50 mm de di\u00e2metro exterior.<\/p>","protected":false},"featured_media":7510,"comment_status":"open","ping_status":"closed","template":"","meta":{"_acf_changed":false,"content-type":"","_monsterinsights_skip_tracking":false,"_monsterinsights_sitenote_active":false,"_monsterinsights_sitenote_note":"","_monsterinsights_sitenote_category":0},"product_brand":[],"product_cat":[257,345,119,121],"product_tag":[],"class_list":{"0":"post-7495","1":"product","2":"type-product","3":"status-publish","4":"has-post-thumbnail","6":"product_cat-new-innovatve-products","7":"product_cat-pipe-connectors","8":"product_cat-formicarium-components","9":"product_cat-connectors","11":"first","12":"instock","13":"taxable","14":"shipping-taxable","15":"purchasable","16":"product-type-simple"},"acf":[],"aioseo_notices":[],"jetpack_sharing_enabled":true,"_links":{"self":[{"href":"https:\/\/antcube.shop\/pt\/wp-json\/wp\/v2\/product\/7495","targetHints":{"allow":["GET"]}}],"collection":[{"href":"https:\/\/antcube.shop\/pt\/wp-json\/wp\/v2\/product"}],"about":[{"href":"https:\/\/antcube.shop\/pt\/wp-json\/wp\/v2\/types\/product"}],"replies":[{"embeddable":true,"href":"https:\/\/antcube.shop\/pt\/wp-json\/wp\/v2\/comments?post=7495"}],"wp:featuredmedia":[{"embeddable":true,"href":"https:\/\/antcube.shop\/pt\/wp-json\/wp\/v2\/media\/7510"}],"wp:attachment":[{"href":"https:\/\/antcube.shop\/pt\/wp-json\/wp\/v2\/media?parent=7495"}],"wp:term":[{"taxonomy":"product_brand","embeddable":true,"href":"https:\/\/antcube.shop\/pt\/wp-json\/wp\/v2\/product_brand?post=7495"},{"taxonomy":"product_cat","embeddable":true,"href":"https:\/\/antcube.shop\/pt\/wp-json\/wp\/v2\/product_cat?post=7495"},{"taxonomy":"product_tag","embeddable":true,"href":"https:\/\/antcube.shop\/pt\/wp-json\/wp\/v2\/product_tag?post=7495"}],"curies":[{"name":"wp","href":"https:\/\/api.w.org\/{rel}","templated":true}]}}