{"id":6739,"date":"2023-12-12T15:09:04","date_gmt":"2023-12-12T14:09:04","guid":{"rendered":"https:\/\/antcube.shop\/product\/ameisenarena-abdeckung-60x30\/"},"modified":"2026-04-13T10:48:44","modified_gmt":"2026-04-13T08:48:44","slug":"cobertura-de-arena-de-formigas-60x30","status":"publish","type":"product","link":"https:\/\/antcube.shop\/pt\/produto\/cobertura-de-arena-de-formigas-60x30\/","title":{"rendered":"Arena de formigas com 60\u00d730"},"content":{"rendered":"<p><strong>Dimens\u00f5es (CxLxA):<\/strong> 60x30x0,4 cm<\/p>\n<p><strong>Material:<\/strong> Vidro flutuante<\/p>\n<p><strong>Cor:<\/strong> claro \/ transparente<\/p>\n<p><strong>Conte\u00fado:<\/strong><br \/>\n1x Cobertura da arena de formigas<br \/>\n1x pontos de fixa\u00e7\u00e3o 4 unid.<\/p>\n<p><strong>Descri\u00e7\u00e3o:<\/strong><br \/>\nCobertura de vidro para o formigueiro como prote\u00e7\u00e3o contra a fuga<\/p>\n<p><strong>Modo de utiliza\u00e7\u00e3o:<\/strong><br \/>\nA cobertura do formigueiro, feita de vidro, pode ser colocada num formigueiro como prote\u00e7\u00e3o contra a fuga e para regular o clima.<br \/>\nV\u00e1rios m\u00f3dulos para controlo clim\u00e1tico podem ser inseridos nas aberturas de 50mm, por exemplo, grelhas de ventila\u00e7\u00e3o, ilumina\u00e7\u00e3o ou humidifica\u00e7\u00e3o.<br \/>\nPara evitar que as formigas escapem pelas aberturas, deve ser aplicada uma prote\u00e7\u00e3o contra a fuga (\u00f3leo, p\u00f3 ou verniz) na parte inferior \u00e0 volta dos orif\u00edcios.<\/p>\n<p><strong>Nota:<\/strong><br \/>\nComo o artigo \u00e9 feito de vidro e, por conseguinte, \u00e9 fr\u00e1gil, deve ser manuseado com muito cuidado.<\/p>","protected":false},"excerpt":{"rendered":"<p>Cobertura\/tampa de vidro para o formigueiro como prote\u00e7\u00e3o contra a fuga<\/p>","protected":false},"featured_media":6730,"comment_status":"open","ping_status":"closed","template":"","meta":{"_acf_changed":false,"content-type":"","_monsterinsights_skip_tracking":false,"_monsterinsights_sitenote_active":false,"_monsterinsights_sitenote_note":"","_monsterinsights_sitenote_category":0},"product_brand":[],"product_cat":[91,92],"product_tag":[],"class_list":{"0":"post-6739","1":"product","2":"type-product","3":"status-publish","4":"has-post-thumbnail","6":"product_cat-formicarium-modules","7":"product_cat-arena-cover","9":"first","10":"instock","11":"taxable","12":"shipping-taxable","13":"purchasable","14":"product-type-simple"},"acf":[],"aioseo_notices":[],"jetpack_sharing_enabled":true,"_links":{"self":[{"href":"https:\/\/antcube.shop\/pt\/wp-json\/wp\/v2\/product\/6739","targetHints":{"allow":["GET"]}}],"collection":[{"href":"https:\/\/antcube.shop\/pt\/wp-json\/wp\/v2\/product"}],"about":[{"href":"https:\/\/antcube.shop\/pt\/wp-json\/wp\/v2\/types\/product"}],"replies":[{"embeddable":true,"href":"https:\/\/antcube.shop\/pt\/wp-json\/wp\/v2\/comments?post=6739"}],"wp:featuredmedia":[{"embeddable":true,"href":"https:\/\/antcube.shop\/pt\/wp-json\/wp\/v2\/media\/6730"}],"wp:attachment":[{"href":"https:\/\/antcube.shop\/pt\/wp-json\/wp\/v2\/media?parent=6739"}],"wp:term":[{"taxonomy":"product_brand","embeddable":true,"href":"https:\/\/antcube.shop\/pt\/wp-json\/wp\/v2\/product_brand?post=6739"},{"taxonomy":"product_cat","embeddable":true,"href":"https:\/\/antcube.shop\/pt\/wp-json\/wp\/v2\/product_cat?post=6739"},{"taxonomy":"product_tag","embeddable":true,"href":"https:\/\/antcube.shop\/pt\/wp-json\/wp\/v2\/product_tag?post=6739"}],"curies":[{"name":"wp","href":"https:\/\/api.w.org\/{rel}","templated":true}]}}