{"id":6737,"date":"2023-12-12T15:03:25","date_gmt":"2023-12-12T14:03:25","guid":{"rendered":"https:\/\/antcube.shop\/product\/antcube-starter-set-fur-weberameisen-gros\/"},"modified":"2026-04-15T13:37:57","modified_gmt":"2026-04-15T11:37:57","slug":"conjunto-inicial-para-formigas-tecelas-grande","status":"publish","type":"product","link":"https:\/\/antcube.shop\/pt\/produto\/conjunto-inicial-para-formigas-tecelas-grande\/","title":{"rendered":"ANTCUBE - Conjunto inicial para formigas tecel\u00e3s - grande"},"content":{"rendered":"<p><span data-text-color=\"alert\"><strong>O envio s\u00f3 \u00e9 poss\u00edvel atrav\u00e9s de reencaminhamento na palete.<\/strong><\/span><\/p>\n<p><strong>Conte\u00fado:<\/strong><br \/>\n1x ANTCUBE Arena 30x30x60 com porta de correr<br \/>\n1x quadro de arena de formigas 30\u00d730<br \/>\n1x cobertura de arena de formigas 30\u00d730<br \/>\n1x ponto de fixa\u00e7\u00e3o para a cobertura da arena (4pcs.)<\/p>\n<p>1x caixilho para porta de correr<br \/>\nPulverizador de garrafa 0,5 litro - bico de lat\u00e3o<br \/>\n1x Fotomural - floresta tropical - 30\u00d760 - alto<br \/>\n1x Base de formic\u00e1rio 30\u00d730 cm<br \/>\n1x substrato floresta tropical 1 kg<\/p>\n<p>7x Grid insert acrylic &#8211; 50 mm with sealing ring<br \/>\n1x drinking clear 5ml &#8211; sponge<br \/>\n1x Feeding dish white rectangle &#8211; 3 compartments<br \/>\n1x Drinking trough 2ml &#8211; 360 Degrees<br \/>\n1x pin\u00e7a de a\u00e7o para molas de largura - macia<br \/>\n1x Pin\u00e7a pl\u00e1stica padr\u00e3o<br \/>\n1x \u00d3leo de prote\u00e7\u00e3o contra os surtos de formigas<br \/>\n1x lupa de m\u00e3o - 2x - 30mm<br \/>\n1x limpador de espuma 150x18x2,5mm<\/p>\n<p><strong>Can be ordered with shipping by forwarding agent on pallet in our second store ANTCUBE:<\/strong><\/p>\n<blockquote class=\"wp-embedded-content\" data-secret=\"ej6pTCxvgs\"><p><a href=\"https:\/\/antcube.shop\/product\/starter-set-for-weaver-ants-large\/\">ANTCUBE - Conjunto inicial para formigas tecel\u00e3s - grande<\/a><\/p><\/blockquote>\n<p><iframe loading=\"lazy\" class=\"wp-embedded-content\" sandbox=\"allow-scripts\" security=\"restricted\" style=\"position: absolute; visibility: hidden;\" title=\"&#8222;ANTCUBE &#8211; Starter set for weaver ants &#8211; large&#8220; &#8211; ANTCUBE\" src=\"https:\/\/antcube.shop\/product\/starter-set-for-weaver-ants-large\/embed\/#?secret=8EE7Sy4tG2#?secret=ej6pTCxvgs\" data-secret=\"ej6pTCxvgs\" width=\"600\" height=\"338\" frameborder=\"0\" marginwidth=\"0\" marginheight=\"0\" scrolling=\"no\"><\/iframe><\/p>\n<p><strong>Descri\u00e7\u00e3o:<\/strong><br \/>\nEste conjunto inicial expans\u00edvel, especialmente para v\u00e1rias esp\u00e9cies de formigas tecel\u00e3s, tais como Polyrhachis spec. ou Oecophylla spec. inclui n\u00e3o s\u00f3 o formic\u00e1rio otimamente adaptado, mas tamb\u00e9m os acess\u00f3rios adequados para manter esta esp\u00e9cie de formiga.<\/p>\n<p>The sliding door in the front (opening 150x200mm) facilitates the work in the formicarium, even with large colonies or planting of the formicarium with a host plant for example Oecophylla smaragdina. Additional formicariums can be connected via the two 50mm holes on the side. The stainless steel grid inserts provide good ventilation and are robust against mechanical impact. If necessary, the humidity can be increased with the spray bottle. The drinker clear 5ml &#8211; sponge is intended for the supply of fresh water, the drinker 2ml &#8211; 360 degrees for honey or sugar solution.<\/p>\n<p><strong>Importante: <\/strong>Humede\u00e7a o substrato antes de usar, para que a mistura possa ser combinada e desenvolver uma fixa\u00e7\u00e3o firme na quinta das formigas. Al\u00e9m disso, um substrato demasiado seco e poeirento pode levar ao bloqueio das vias respirat\u00f3rias das formigas e, no pior dos casos, os animais sufocam.<\/p>\n<p><strong>Nota importante sobre o caixilho da porta de correr:<\/strong><br \/>\nO caixilho pode ser facilmente fixado aos parafusos que se encontram nas calhas da porta de correr. Para o efeito, desapertar cuidadosamente <strong>apenas<\/strong> as porcas no interior. \u00c9 necess\u00e1ria uma chave de fendas Phillips pequena (chave de fendas cruzada). Monte a estrutura e pendure-a no interior dos parafusos. Em seguida, volte a colocar cuidadosamente as porcas e <strong>under no circumstances turn too tightly<\/strong>, otherwise the glass may be damaged.<\/p>\n<p><u><strong>Notas sobre a produ\u00e7\u00e3o<\/strong><\/u><br \/>\nO vidro \u00e9 cortado de acordo com a norma DIN 1249 com uma toler\u00e2ncia de +\/- 1 mm. Para esp\u00e9cies de formigas extremamente pequenas, \u00e9 necess\u00e1ria uma prote\u00e7\u00e3o adicional contra a fuga.<\/p>","protected":false},"excerpt":{"rendered":"<p>The set consists of 22 parts.<br \/>\nTamanho: <span style=\"color: #ed1c24;\"><strong>XL<\/strong><\/span><\/p>","protected":false},"featured_media":6710,"comment_status":"open","ping_status":"closed","template":"","meta":{"_acf_changed":false,"content-type":"","_monsterinsights_skip_tracking":false,"_monsterinsights_sitenote_active":false,"_monsterinsights_sitenote_note":"","_monsterinsights_sitenote_category":0},"product_brand":[],"product_cat":[354,73],"product_tag":[],"class_list":{"0":"post-6737","1":"product","2":"type-product","3":"status-publish","4":"has-post-thumbnail","6":"product_cat-starter-sets-for-weaver-ants","7":"product_cat-starter-sets","8":"product_shipping_class-forwarding-on-pallet","10":"first","11":"instock","12":"taxable","13":"shipping-taxable","14":"purchasable","15":"product-type-simple"},"acf":[],"aioseo_notices":[],"jetpack_sharing_enabled":true,"_links":{"self":[{"href":"https:\/\/antcube.shop\/pt\/wp-json\/wp\/v2\/product\/6737","targetHints":{"allow":["GET"]}}],"collection":[{"href":"https:\/\/antcube.shop\/pt\/wp-json\/wp\/v2\/product"}],"about":[{"href":"https:\/\/antcube.shop\/pt\/wp-json\/wp\/v2\/types\/product"}],"replies":[{"embeddable":true,"href":"https:\/\/antcube.shop\/pt\/wp-json\/wp\/v2\/comments?post=6737"}],"wp:featuredmedia":[{"embeddable":true,"href":"https:\/\/antcube.shop\/pt\/wp-json\/wp\/v2\/media\/6710"}],"wp:attachment":[{"href":"https:\/\/antcube.shop\/pt\/wp-json\/wp\/v2\/media?parent=6737"}],"wp:term":[{"taxonomy":"product_brand","embeddable":true,"href":"https:\/\/antcube.shop\/pt\/wp-json\/wp\/v2\/product_brand?post=6737"},{"taxonomy":"product_cat","embeddable":true,"href":"https:\/\/antcube.shop\/pt\/wp-json\/wp\/v2\/product_cat?post=6737"},{"taxonomy":"product_tag","embeddable":true,"href":"https:\/\/antcube.shop\/pt\/wp-json\/wp\/v2\/product_tag?post=6737"}],"curies":[{"name":"wp","href":"https:\/\/api.w.org\/{rel}","templated":true}]}}