{"id":6736,"date":"2023-12-12T15:03:19","date_gmt":"2023-12-12T14:03:19","guid":{"rendered":"https:\/\/antcube.shop\/product\/antcube-arena-30x30x60-mit-schiebetur\/"},"modified":"2026-04-15T13:37:58","modified_gmt":"2026-04-15T11:37:58","slug":"antcube-arena-30x30x60-com-porta-de-correr","status":"publish","type":"product","link":"https:\/\/antcube.shop\/pt\/produto\/antcube-arena-30x30x60-com-porta-de-correr\/","title":{"rendered":"ANTCUBE Arena 30x30x60 com porta de correr"},"content":{"rendered":"<p><span data-text-color=\"alert\"><strong>O envio s\u00f3 \u00e9 poss\u00edvel atrav\u00e9s de reencaminhamento na palete.<\/strong><\/span><\/p>\n<p>ANTCUBE Arena 30x30x60 cm com porta de correr e 2 orif\u00edcios de 50 mm.<\/p>\n<p><strong>Dimens\u00f5es:<\/strong> 300 x 300 x 600 mm; 4 mm de espessura de vidro.<br \/>\n<strong>Material:<\/strong> vidro flotado<br \/>\n<strong>Conex\u00e3o:<\/strong> 2x buraco 50 mm<\/p>\n<p><strong>Abertura frontal (porta de correr):<\/strong> 150\u00d7200 mm<\/p>\n<p><strong>Descri\u00e7\u00e3o:<\/strong> O nosso ANTCUBE Arena 30x30x60 com porta de correr foi concebido para funcionar confortavelmente mesmo em formic\u00e1rios completos. S\u00e3o especialmente \u00fateis como formic\u00e1rio para as formigas tecel\u00e3s (Polyrhachis e Oeacophylla), uma vez que estas gostam de se acumular no alto, ou precisam de uma planta hospedeira. Nas nossas arenas normais de 30x30x60 pode ser dif\u00edcil remover, por exemplo, os res\u00edduos dos animais que ficam no fundo do formic\u00e1rio. Nesta bacia especialmente adaptada, isso j\u00e1 n\u00e3o \u00e9 um problema. Tamb\u00e9m para as bacias de alimenta\u00e7\u00e3o das formigas cortadeiras Acromyrmex ou Atta a porta deslizante \u00e9 muito pr\u00e1tica, porque os restos de plantas e outros res\u00edduos podem ser eliminados confortavelmente. Al\u00e9m disso, a moldura da porta deslizante dispon\u00edvel em separado (Art. N\u00ba 1005648) pode ser utilizada para evitar que os animais escapem durante o trabalho. Para a abertura superior normal, a estrutura de prote\u00e7\u00e3o de fuga 30\u00d730 e a cobertura da arena 30\u00d730 tamb\u00e9m est\u00e3o dispon\u00edveis em separado.<\/p>\n<p><strong>Nota:<\/strong> O vidro \u00e9 cortado de acordo com DIN 1249 com uma toler\u00e2ncia de +\/- 1mm. Para esp\u00e9cies de formigas extremamente pequenas, \u00e9 essencial uma protec\u00e7\u00e3o adicional contra a quebra.<\/p>","protected":false},"excerpt":{"rendered":"<p><strong>Conex\u00e3o:<\/strong> 2x buraco 50 mm<\/p>","protected":false},"featured_media":6727,"comment_status":"open","ping_status":"closed","template":"","meta":{"_acf_changed":false,"content-type":"","_monsterinsights_skip_tracking":false,"_monsterinsights_sitenote_active":false,"_monsterinsights_sitenote_note":"","_monsterinsights_sitenote_category":0},"product_brand":[],"product_cat":[85,86],"product_tag":[],"class_list":{"0":"post-6736","1":"product","2":"type-product","3":"status-publish","4":"has-post-thumbnail","6":"product_cat-ant-arenas","7":"product_cat-formicariums","8":"product_shipping_class-forwarding-on-pallet","10":"first","11":"instock","12":"taxable","13":"shipping-taxable","14":"purchasable","15":"product-type-simple"},"acf":[],"aioseo_notices":[],"jetpack_sharing_enabled":true,"_links":{"self":[{"href":"https:\/\/antcube.shop\/pt\/wp-json\/wp\/v2\/product\/6736","targetHints":{"allow":["GET"]}}],"collection":[{"href":"https:\/\/antcube.shop\/pt\/wp-json\/wp\/v2\/product"}],"about":[{"href":"https:\/\/antcube.shop\/pt\/wp-json\/wp\/v2\/types\/product"}],"replies":[{"embeddable":true,"href":"https:\/\/antcube.shop\/pt\/wp-json\/wp\/v2\/comments?post=6736"}],"wp:featuredmedia":[{"embeddable":true,"href":"https:\/\/antcube.shop\/pt\/wp-json\/wp\/v2\/media\/6727"}],"wp:attachment":[{"href":"https:\/\/antcube.shop\/pt\/wp-json\/wp\/v2\/media?parent=6736"}],"wp:term":[{"taxonomy":"product_brand","embeddable":true,"href":"https:\/\/antcube.shop\/pt\/wp-json\/wp\/v2\/product_brand?post=6736"},{"taxonomy":"product_cat","embeddable":true,"href":"https:\/\/antcube.shop\/pt\/wp-json\/wp\/v2\/product_cat?post=6736"},{"taxonomy":"product_tag","embeddable":true,"href":"https:\/\/antcube.shop\/pt\/wp-json\/wp\/v2\/product_tag?post=6736"}],"curies":[{"name":"wp","href":"https:\/\/api.w.org\/{rel}","templated":true}]}}