{"id":6734,"date":"2023-12-12T15:03:05","date_gmt":"2023-12-12T14:03:05","guid":{"rendered":"https:\/\/antcube.shop\/product\/antcube-vivarium-60x30x30-panorama\/"},"modified":"2026-04-05T20:47:14","modified_gmt":"2026-04-05T18:47:14","slug":"plantcube-vivarium-60x30x30-panorama","status":"publish","type":"product","link":"https:\/\/antcube.shop\/pt\/produto\/plantcube-vivarium-60x30x30-panorama\/","title":{"rendered":"PLANTCUBE - Viv\u00e1rio 60x30x30 Panorama"},"content":{"rendered":"<p><span data-text-color=\"alert\"><strong>Envio apenas poss\u00edvel via GO! dentro da Alemanha ou via palete dentro da Europa (sem ilhas)<\/strong><\/span><\/p>\n<p><strong>OBTER UM PEDA\u00c7O DE NATUREZA PARA A SUA CASA<\/strong><\/p>\n<p><strong>Conte\u00fado:<\/strong><br \/>\n1x PLANTCUBE Vivarium 60x30x30 Panorama<br \/>\n2x tamp\u00f5es para furos de 10 mm<\/p>\n<p>Cubo de vidro 60x30x30cm com 2 orif\u00edcios laterais de 50 mm e 2 orif\u00edcios laterais de 10 mm<br \/>\nO orif\u00edcio de 50 mm (ponto central) est\u00e1 a 15 cm de altura. A borda inferior do furo est\u00e1 a ~12,5cm.<\/p>\n<p><strong>Dimens\u00f5es:<\/strong> 600 x 300 x 300 mm; 4 mm de espessura de vidro<\/p>\n<p><strong>Material:<\/strong> vidro flotado<\/p>\n<p><strong>Aberturas laterais:<\/strong><br \/>\n2x buraco 50 mm<br \/>\n2x buraco 10 mm<\/p>\n<p>Com os nossos Viv\u00e1rios PLANTCUBE, pode criar a sua pr\u00f3pria obra de arte viva para a sua sala de estar. Tamb\u00e9m pode manter pequenos animais num PLANTCUBE, pelo que n\u00e3o h\u00e1 limites para a sua criatividade.<\/p>\n<p><strong>Personalize o seu PLANTCUBE de acordo com as suas necessidades ou as das suas plantas e animais:<\/strong><br \/>\nOs dois orif\u00edcios laterais de 10 mm, situados a 2 cm de altura (centro) do fundo, destinam-se a escoar o excesso de \u00e1gua. Por exemplo, pode utilizar a nossa mangueira transparente de 10\/06 mm para escoar a \u00e1gua. Os dois orif\u00edcios de 50 mm podem ser fechados com os tamp\u00f5es inclu\u00eddos ou servir de ventila\u00e7\u00e3o adicional quando equipados com grelhas. Pode at\u00e9 ligar duas configura\u00e7\u00f5es aqui atrav\u00e9s de um tubo de acr\u00edlico. Desta forma, se mantiver animais no seu viveiro, eles podem deslocar-se livremente de uma instala\u00e7\u00e3o para outra.<\/p>\n<p><strong>Como transformar o seu PLANTCUBE num ecossistema bioativo?<\/strong><br \/>\n<strong>Criar uma camada de drenagem:<\/strong><br \/>\nPara apoiar as suas plantas, deve construir primeiro uma camada de drenagem dentro do seu viveiro. Recomendamos que utilize 2-3 cm de gr\u00e2nulos de argila (4-8 mm), uma vez que s\u00e3o leves. Certifique-se de que os lava em \u00e1gua corrente antes de os colocar para remover o p\u00f3.<\/p>\n<p>Pode colocar uma tela de drenagem por cima dos gr\u00e2nulos de argila para separar a drenagem do substrato.<\/p>\n<p><strong>Quais as plantas e o solo a utilizar:<\/strong><br \/>\nTudo isto depende do tipo de \"ecossistema\" que se pretende criar. Se quiser construir um viveiro des\u00e9rtico ou bastante seco, precisar\u00e1 de plantas que se desenvolvam nesse clima e de utilizar o solo apropriado para o seu crescimento. Para Viv\u00e1rios tropicais \u00e9 obviamente o mesmo. Tenta usar plantas de regi\u00f5es e\/ou climas semelhantes para que todas se d\u00eaem bem no mesmo tipo de solo e clima. Uma boa loja de plantas deve ter sempre informa\u00e7\u00f5es sobre o clima e o solo adequados para as plantas que vende.<\/p>\n<p><strong>Importante:<\/strong> Se quiser manter plantas e animais juntos, nunca deve utilizar plantas que n\u00e3o sabe se estiveram em contacto com fertilizantes ou pesticidas. Utilize apenas plantas de lojas de terr\u00e1rios ou similares que tenham a garantia de estarem completamente livres de pesticidas e fertilizantes. Caso contr\u00e1rio, estes podem levar \u00e0 morte dos seus animais.<\/p>\n<p><strong>Introduzir uma \"equipa de limpeza\" para tornar o seu viveiro bioativo<\/strong><br \/>\n<strong>O que \u00e9 bioativo?<\/strong> O que \u00e9 bioativo? \u00c9 o mais pr\u00f3ximo que se chega de uma instala\u00e7\u00e3o autossustent\u00e1vel. Trata-se de adicionar a mistura adequada de solo e mat\u00e9ria org\u00e2nica para a forma\u00e7\u00e3o de microflora e a microfauna necess\u00e1ria para criar um ciclo de nutrientes no seu viveiro.<\/p>\n<p>A nossa dica: Adicione sempre pequenas criaturas como col\u00eambolos e is\u00f3podes. Estes n\u00e3o s\u00e3o apenas uma boa fonte de alimento \"intermin\u00e1vel\", se quiser manter outros animais no seu viveiro. Alimentam-se especialmente de bolores que se podem formar devido \u00e0 elevada humidade e enriquecem o solo com nutrientes, o que, por sua vez, permite que as plantas cres\u00e7am de forma saud\u00e1vel.<\/p>\n<p>Adicione um pouco de carv\u00e3o vegetal ao seu solo, o que ajuda os micr\u00f3bios a coloniz\u00e1-lo. O musgo e a casca de corti\u00e7a ou a madeira branca podre, para al\u00e9m da folhagem, n\u00e3o s\u00f3 t\u00eam um aspeto natural na sua instala\u00e7\u00e3o, como tamb\u00e9m alimentam a sua \"equipa de limpeza\", fornecem-lhes esconderijos e locais de reprodu\u00e7\u00e3o e s\u00e3o f\u00e1ceis de decompor em nutrientes para as suas plantas.<\/p>\n<p><strong>Na natureza, tudo \u00e9 uma quest\u00e3o de equil\u00edbrio<\/strong><br \/>\nNo entanto, n\u00e3o \u00e9 aconselh\u00e1vel utilizar certas esp\u00e9cies de is\u00f3podes sem acrescentar nada que os cace, uma vez que uma popula\u00e7\u00e3o de is\u00f3podes sem predadores como as formigas, por exemplo, gosta de se descontrolar e as plantas do seu viveiro tornam-se rapidamente uma fonte de alimento indesejada. Na natureza, tudo \u00e9 uma quest\u00e3o de equil\u00edbrio.<\/p>\n<p><strong>Mais informa\u00e7\u00f5es:<\/strong><br \/>\nO vidro \u00e9 cortado de acordo com DIN 1249 com uma toler\u00e2ncia de +\/- 1mm. Para esp\u00e9cies de formigas extremamente pequenas, \u00e9 essencial uma protec\u00e7\u00e3o adicional contra a quebra.<\/p>\n<div class=\"row\"  id=\"row-1865735611\">\n\n\t<div id=\"col-1961866216\" class=\"col small-12 large-12\"  >\n\t\t\t\t<div class=\"col-inner\"  >\n\t\t\t\n\t\t\t\n\t<div id=\"text-989578952\" class=\"text\">\n\t\t\n<h2>Abaixo encontra algumas lojas que podemos recomendar e mais informa\u00e7\u00f5es sobre como criar um PLANTCUBE \u00fanico e bioativo:<\/h2>\n\t\t\n<style>\n#text-989578952 {\n  font-size: 1rem;\n  text-align: center;\n}\n<\/style>\n\t<\/div>\n\t\n\t<div id=\"gap-1759235698\" class=\"gap-element clearfix\" style=\"display:block; height:auto;\">\n\t\t\n<style>\n#gap-1759235698 {\n  padding-top: 40px;\n}\n<\/style>\n\t<\/div>\n\t\n\t\t<\/div>\n\t\t\t\t\n<style>\n#col-1961866216 > .col-inner {\n  padding: 30px 0px 0px 0px;\n}\n<\/style>\n\t<\/div>\n\n\t\n\n\t<div id=\"col-303722383\" class=\"col medium-6 small-12 large-6\"  >\n\t\t\t\t<div class=\"col-inner\"  >\n\t\t\t\n\t\t\t\n\n\t<section class=\"section\" id=\"section_809553989\">\n\t\t<div class=\"section-bg fill\" >\n\t\t\t<img data-recalc-dims=\"1\" loading=\"lazy\" decoding=\"async\" width=\"1020\" height=\"574\" src=\"https:\/\/i0.wp.com\/antcube.shop\/wp-content\/uploads\/2024\/10\/2560x1440_youtube-Banner-2.png?resize=1020%2C574&#038;ssl=1\" class=\"bg attachment- size-\" alt=\"\" \/>\t\t\t\t\t\t\n\t\t\t\n\n\t\t<\/div>\n\n\t\t\n\n\t\t<div class=\"section-content relative\">\n\t\t\t\n<div class=\"row align-center\"  id=\"row-2020915552\">\n\n\t<div id=\"col-1775849345\" class=\"col medium-10 small-12 large-10\"  >\n\t\t\t\t<div class=\"col-inner text-center\"  >\n\t\t\t\n\t\t\t\n<h2 class=\"uppercase\">Guia passo-a-passo no nosso blogue<\/h2>\n<a href=\"https:\/\/antcube.shop\/en\/2024\/10\/22\/how-to-create-your-bioactive-vivarium\/\" class=\"button primary\" >\n\t\t<span>BLOG<\/span>\n\t<\/a>\n\n\t\t<\/div>\n\t\t\t\t\n<style>\n#col-1775849345 > .col-inner {\n  margin: -150px 0px 0px 0px;\n}\n@media (min-width:550px) {\n  #col-1775849345 > .col-inner {\n    margin: -200px 0px 0px 0px;\n  }\n}\n<\/style>\n\t<\/div>\n\n\t\n<\/div>\n\t\t<\/div>\n\n\t\t\n<style>\n#section_809553989 {\n  padding-top: 60px;\n  padding-bottom: 60px;\n  min-height: 300px;\n  background-color: rgb(255,255,255);\n}\n#section_809553989 .section-bg img {\n  object-position: 50% 0%;\n}\n<\/style>\n\t<\/section>\n\t\n\t\t<\/div>\n\t\t\t\t\t<\/div>\n\n\t\n\n\t<div id=\"col-30948881\" class=\"col medium-6 small-12 large-6\"  >\n\t\t\t\t<div class=\"col-inner\"  >\n\t\t\t\n\t\t\t\n\n\t<section class=\"section\" id=\"section_501099364\">\n\t\t<div class=\"section-bg fill\" >\n\t\t\t<img data-recalc-dims=\"1\" loading=\"lazy\" decoding=\"async\" width=\"1020\" height=\"680\" src=\"https:\/\/i0.wp.com\/antcube.shop\/wp-content\/uploads\/2024\/10\/Collage_FULL-HD_-2-scaled.jpg?resize=1020%2C680&#038;ssl=1\" class=\"bg attachment-original size-original\" alt=\"\" \/>\t\t\t\t\t\t\n\t\t\t\n\n\t\t<\/div>\n\n\t\t\n\n\t\t<div class=\"section-content relative\">\n\t\t\t\n<div class=\"row align-center\"  id=\"row-440003540\">\n\n\t<div id=\"col-1107544499\" class=\"col medium-10 small-12 large-10\"  >\n\t\t\t\t<div class=\"col-inner text-center\"  >\n\t\t\t\n\t\t\t\n<h2 class=\"uppercase\">Mais informa\u00e7\u00f5es sobre o plantcube<\/h2>\n<a href=\"https:\/\/antcube.shop\/en\/plantcube\/\" class=\"button primary\" >\n\t\t<span>cubo de planta<\/span>\n\t<\/a>\n\n\t\t<\/div>\n\t\t\t\t\n<style>\n#col-1107544499 > .col-inner {\n  margin: -150px 0px 0px 0px;\n}\n@media (min-width:550px) {\n  #col-1107544499 > .col-inner {\n    margin: -200px 0px 0px 0px;\n  }\n}\n<\/style>\n\t<\/div>\n\n\t\n<\/div>\n\t\t<\/div>\n\n\t\t\n<style>\n#section_501099364 {\n  padding-top: 60px;\n  padding-bottom: 60px;\n  min-height: 300px;\n}\n#section_501099364 .section-bg img {\n  object-position: 51% 0%;\n}\n<\/style>\n\t<\/section>\n\t\n\t\t<\/div>\n\t\t\t\t\t<\/div>\n\n\t\n<\/div>","protected":false},"excerpt":{"rendered":"<p><b>Apenas bacia de vidro<\/b><\/p>","protected":false},"featured_media":9897,"comment_status":"open","ping_status":"closed","template":"","meta":{"_acf_changed":false,"content-type":"","_monsterinsights_skip_tracking":false,"_monsterinsights_sitenote_active":false,"_monsterinsights_sitenote_note":"","_monsterinsights_sitenote_category":0},"product_brand":[],"product_cat":[341],"product_tag":[],"class_list":{"0":"post-6734","1":"product","2":"type-product","3":"status-publish","4":"has-post-thumbnail","6":"product_cat-vivariums","8":"first","9":"instock","10":"taxable","11":"shipping-taxable","12":"purchasable","13":"product-type-simple"},"acf":[],"aioseo_notices":[],"jetpack_sharing_enabled":true,"_links":{"self":[{"href":"https:\/\/antcube.shop\/pt\/wp-json\/wp\/v2\/product\/6734","targetHints":{"allow":["GET"]}}],"collection":[{"href":"https:\/\/antcube.shop\/pt\/wp-json\/wp\/v2\/product"}],"about":[{"href":"https:\/\/antcube.shop\/pt\/wp-json\/wp\/v2\/types\/product"}],"replies":[{"embeddable":true,"href":"https:\/\/antcube.shop\/pt\/wp-json\/wp\/v2\/comments?post=6734"}],"wp:featuredmedia":[{"embeddable":true,"href":"https:\/\/antcube.shop\/pt\/wp-json\/wp\/v2\/media\/9897"}],"wp:attachment":[{"href":"https:\/\/antcube.shop\/pt\/wp-json\/wp\/v2\/media?parent=6734"}],"wp:term":[{"taxonomy":"product_brand","embeddable":true,"href":"https:\/\/antcube.shop\/pt\/wp-json\/wp\/v2\/product_brand?post=6734"},{"taxonomy":"product_cat","embeddable":true,"href":"https:\/\/antcube.shop\/pt\/wp-json\/wp\/v2\/product_cat?post=6734"},{"taxonomy":"product_tag","embeddable":true,"href":"https:\/\/antcube.shop\/pt\/wp-json\/wp\/v2\/product_tag?post=6734"}],"curies":[{"name":"wp","href":"https:\/\/api.w.org\/{rel}","templated":true}]}}