{"id":6668,"date":"2023-12-05T14:03:20","date_gmt":"2023-12-05T13:03:20","guid":{"rendered":"https:\/\/antcube.shop\/product\/arena-hochstand-20x20cm\/"},"modified":"2026-03-31T09:51:32","modified_gmt":"2026-03-31T07:51:32","slug":"suporte-alto-para-arena-20x20cm","status":"publish","type":"product","link":"https:\/\/antcube.shop\/pt\/produto\/suporte-alto-para-arena-20x20cm\/","title":{"rendered":"Suporte alto Arena 20x20cm"},"content":{"rendered":"<div class=\"tab-body active\">\n<p><strong>Dimens\u00f5es:<\/strong> 20x20x10<\/p>\n<p><strong>Material: <\/strong>PMMA<\/p>\n<p><strong>Cor: <\/strong>cristalino, transl\u00facido, transparente<\/p>\n<p><strong>Conte\u00fado:<\/strong><br \/>\n4x base de suporte alta<br \/>\n2x \u00e0 frente e atr\u00e1s com log\u00f3tipo<br \/>\n2x parte lateral sem log\u00f3tipo<\/p>\n<p><strong>Nota:<\/strong> As pe\u00e7as s\u00e3o fornecidas como um kit ou sistema plug-in. N\u00e3o \u00e9 necess\u00e1ria a colagem.<\/p>\n<p><span data-text-color=\"alert\"><strong>ATEN\u00c7\u00c3O:<\/strong><\/span> Montar as pe\u00e7as com cuidado, pois algumas das liga\u00e7\u00f5es s\u00e3o sens\u00edveis.<\/p>\n<p><strong>Descri\u00e7\u00e3o:<\/strong> O suporte alto para formigueiros foi desenvolvido para permitir que os formigueiros ANTCUBE sejam colocados a uma altura que corresponda \u00e0 altura de liga\u00e7\u00e3o dos formigueiros. Isto permite utilizar um formic\u00e1rio de uma forma muito mais econ\u00f3mica em termos de espa\u00e7o, com um peda\u00e7o de tubo mais curto como liga\u00e7\u00e3o entre o formigueiro e o formigueiro. Tamb\u00e9m permite utilizar os nossos tubos acr\u00edlicos cristalinos para formigas como liga\u00e7\u00e3o sem ter de trabalhar com cotovelos.<\/p>\n<p><strong>Aplica\u00e7\u00e3o:<\/strong> para a arena de formigas com <strong>\u00e1rea de ch\u00e3o 20x20cm<\/strong><\/p>\n<\/div>","protected":false},"excerpt":{"rendered":"<p>Para picadeiro de formigas com \u00e1rea de ch\u00e3o de 20x20cm<\/p>","protected":false},"featured_media":6586,"comment_status":"open","ping_status":"closed","template":"","meta":{"_acf_changed":false,"content-type":"","_monsterinsights_skip_tracking":false,"_monsterinsights_sitenote_active":false,"_monsterinsights_sitenote_note":"","_monsterinsights_sitenote_category":0},"product_brand":[],"product_cat":[119,239],"product_tag":[],"class_list":{"0":"post-6668","1":"product","2":"type-product","3":"status-publish","4":"has-post-thumbnail","6":"product_cat-formicarium-components","7":"product_cat-useful-additions","9":"first","10":"instock","11":"taxable","12":"shipping-taxable","13":"purchasable","14":"product-type-simple"},"acf":[],"aioseo_notices":[],"jetpack_sharing_enabled":true,"_links":{"self":[{"href":"https:\/\/antcube.shop\/pt\/wp-json\/wp\/v2\/product\/6668","targetHints":{"allow":["GET"]}}],"collection":[{"href":"https:\/\/antcube.shop\/pt\/wp-json\/wp\/v2\/product"}],"about":[{"href":"https:\/\/antcube.shop\/pt\/wp-json\/wp\/v2\/types\/product"}],"replies":[{"embeddable":true,"href":"https:\/\/antcube.shop\/pt\/wp-json\/wp\/v2\/comments?post=6668"}],"wp:featuredmedia":[{"embeddable":true,"href":"https:\/\/antcube.shop\/pt\/wp-json\/wp\/v2\/media\/6586"}],"wp:attachment":[{"href":"https:\/\/antcube.shop\/pt\/wp-json\/wp\/v2\/media?parent=6668"}],"wp:term":[{"taxonomy":"product_brand","embeddable":true,"href":"https:\/\/antcube.shop\/pt\/wp-json\/wp\/v2\/product_brand?post=6668"},{"taxonomy":"product_cat","embeddable":true,"href":"https:\/\/antcube.shop\/pt\/wp-json\/wp\/v2\/product_cat?post=6668"},{"taxonomy":"product_tag","embeddable":true,"href":"https:\/\/antcube.shop\/pt\/wp-json\/wp\/v2\/product_tag?post=6668"}],"curies":[{"name":"wp","href":"https:\/\/api.w.org\/{rel}","templated":true}]}}