{"id":6631,"date":"2023-12-04T15:12:05","date_gmt":"2023-12-04T14:12:05","guid":{"rendered":"https:\/\/antcube.shop\/product\/klebeklammern-transparent-2-stk\/"},"modified":"2026-04-03T01:07:08","modified_gmt":"2026-04-02T23:07:08","slug":"clips-adesivos-transparentes-2-pcs-2","status":"publish","type":"product","link":"https:\/\/antcube.shop\/pt\/produto\/clips-adesivos-transparentes-2-pcs-2\/","title":{"rendered":"Clips adesivos - transparentes 2 pcs."},"content":{"rendered":"<p><strong>Dimens\u00f5es:<\/strong> 24 x 13 mm<br \/>\n<strong>Material:<\/strong> Acr\u00edlico<br \/>\n<strong>Quantidade:<\/strong> 2 pe\u00e7as<\/p>\n<p><strong>Descri\u00e7\u00e3o:<\/strong> Clipes de pl\u00e1stico transparente com superf\u00edcie adesiva. Perfeitos para fixar as nossas folhas vermelhas e tapetes de aquecimento \u00e0 frente ou atr\u00e1s dos nossos viveiros de formigas. Assim, os tapetes de aquecimento n\u00e3o precisam de ser colados firmemente na parte de tr\u00e1s do formigueiro e podem ser fixados conforme necess\u00e1rio. Devido ao material transparente, a \u00f3tica n\u00e3o \u00e9 afetada.<\/p>\n<p><strong>Cor:<\/strong> transparente<\/p>","protected":false},"excerpt":{"rendered":"<p>Dimens\u00f5es: 24 x 13 mm Material: Acr\u00edlico Quantidade: 2 pe\u00e7as Descri\u00e7\u00e3o: Clipes de pl\u00e1stico transparente com superf\u00edcie adesiva. Perfeito para fixar as nossas folhas vermelhas e tapetes de aquecimento \u00e0 frente ou atr\u00e1s dos nossos viveiros de formigas. Assim, os tapetes de aquecimento n\u00e3o precisam de ser colados firmemente na parte de tr\u00e1s do formigueiro e podem ser","protected":false},"featured_media":6628,"comment_status":"open","ping_status":"closed","template":"","meta":{"_acf_changed":false,"content-type":"","_monsterinsights_skip_tracking":false,"_monsterinsights_sitenote_active":false,"_monsterinsights_sitenote_note":"","_monsterinsights_sitenote_category":0},"product_brand":[],"product_cat":[359,119,239],"product_tag":[],"class_list":{"0":"post-6631","1":"product","2":"type-product","3":"status-publish","4":"has-post-thumbnail","6":"product_cat-light-heat-humidity","7":"product_cat-formicarium-components","8":"product_cat-useful-additions","10":"first","11":"instock","12":"taxable","13":"shipping-taxable","14":"purchasable","15":"product-type-simple"},"acf":[],"aioseo_notices":[],"jetpack_sharing_enabled":true,"_links":{"self":[{"href":"https:\/\/antcube.shop\/pt\/wp-json\/wp\/v2\/product\/6631","targetHints":{"allow":["GET"]}}],"collection":[{"href":"https:\/\/antcube.shop\/pt\/wp-json\/wp\/v2\/product"}],"about":[{"href":"https:\/\/antcube.shop\/pt\/wp-json\/wp\/v2\/types\/product"}],"replies":[{"embeddable":true,"href":"https:\/\/antcube.shop\/pt\/wp-json\/wp\/v2\/comments?post=6631"}],"wp:featuredmedia":[{"embeddable":true,"href":"https:\/\/antcube.shop\/pt\/wp-json\/wp\/v2\/media\/6628"}],"wp:attachment":[{"href":"https:\/\/antcube.shop\/pt\/wp-json\/wp\/v2\/media?parent=6631"}],"wp:term":[{"taxonomy":"product_brand","embeddable":true,"href":"https:\/\/antcube.shop\/pt\/wp-json\/wp\/v2\/product_brand?post=6631"},{"taxonomy":"product_cat","embeddable":true,"href":"https:\/\/antcube.shop\/pt\/wp-json\/wp\/v2\/product_cat?post=6631"},{"taxonomy":"product_tag","embeddable":true,"href":"https:\/\/antcube.shop\/pt\/wp-json\/wp\/v2\/product_tag?post=6631"}],"curies":[{"name":"wp","href":"https:\/\/api.w.org\/{rel}","templated":true}]}}