{"id":6581,"date":"2023-12-04T13:54:37","date_gmt":"2023-12-04T12:54:37","guid":{"rendered":"https:\/\/antcube.shop\/product\/humidity-control-ii-timer\/"},"modified":"2026-04-02T12:12:11","modified_gmt":"2026-04-02T10:12:11","slug":"controlo-de-humidade-ii-temporizador","status":"publish","type":"product","link":"https:\/\/antcube.shop\/pt\/produto\/controlo-de-humidade-ii-temporizador\/","title":{"rendered":"Controlo de humidade II + Temporizador"},"content":{"rendered":"<p><strong>Descri\u00e7\u00e3o:<\/strong> O Humidity Control 2 \u00e9 um higr\u00f3stato digital que n\u00e3o deixa nada a desejar a um pre\u00e7o sem precedentes.<br \/>\nDisp\u00f5e de dois circuitos que permitem configura\u00e7\u00f5es diferentes para o dia e para a noite. Um rel\u00f3gio em tempo real est\u00e1 integrado no dispositivo, para que a comuta\u00e7\u00e3o entre dia e noite seja feita de forma flex\u00edvel atrav\u00e9s da hora. Est\u00e1 tamb\u00e9m integrado um temporizador que permite definir dois tempos de ativa\u00e7\u00e3o\/desativa\u00e7\u00e3o atrav\u00e9s do rel\u00f3gio. O per\u00edodo de tempo mais pequeno \u00e9 de um minuto.<br \/>\nOutras fun\u00e7\u00f5es incluem uma fun\u00e7\u00e3o de alarme (visual e sonoro), a op\u00e7\u00e3o de mudar do modo de humidificador para o modo de desumidificador, por exemplo, para utiliza\u00e7\u00e3o com ventiladores, e a op\u00e7\u00e3o de influenciar o modo de comuta\u00e7\u00e3o do higr\u00f3stato. \u00c9 poss\u00edvel definir o desvio a que o higr\u00f3stato comuta. Por exemplo, pode selecionar aqui um valor de 15, ou seja, o humidificador s\u00f3 \u00e9 ligado quando a humidade medida \u00e9 15% inferior ao valor nominal. Isto pode ser \u00fatil para evitar que o humidificador se ligue e desligue constantemente, uma vez que a humidade tamb\u00e9m flutua na natureza.<br \/>\nOs aparelhos s\u00e3o ligados atrav\u00e9s de acoplamentos Schuko. A capacidade m\u00e1xima de comuta\u00e7\u00e3o \u00e9 de 1000W. O visor mostra constantemente a humidade medida. O intervalo \u00e9 de 1 a 99%.<\/p>\n<p>- Dois circuitos para diferentes regula\u00e7\u00f5es de humidade de dia e de noite<br \/>\n- Rel\u00f3gio em tempo real, as horas do dia s\u00e3o definidas pelo tempo<br \/>\n- Temporizador integrado<br \/>\n- Indica\u00e7\u00e3o permanente da humidade<br \/>\n- O aparelho pode ser comutado entre humidifica\u00e7\u00e3o e desumidifica\u00e7\u00e3o<br \/>\n- Fun\u00e7\u00e3o de alarme em caso de desvio (ajust\u00e1vel entre 1% e 50% de humidade relativa)<br \/>\n- Sensor remoto preciso<br \/>\n- Tomadas de terra<br \/>\n- Capacidade de comuta\u00e7\u00e3o de no m\u00e1ximo 1000<\/p>","protected":false},"excerpt":{"rendered":"<p>Descri\u00e7\u00e3o: O Humidity Control 2 \u00e9 um higr\u00f3stato digital que n\u00e3o deixa nada a desejar a um pre\u00e7o sem precedentes. Disp\u00f5e de dois circuitos que permitem regula\u00e7\u00f5es diferentes para o dia e para a noite. Um rel\u00f3gio em tempo real est\u00e1 integrado no aparelho, de modo que a comuta\u00e7\u00e3o entre dia e noite \u00e9 feita de forma flex\u00edvel atrav\u00e9s da hora. Um temporizador \u00e9","protected":false},"featured_media":6602,"comment_status":"open","ping_status":"closed","template":"","meta":{"_acf_changed":false,"content-type":"","_monsterinsights_skip_tracking":false,"_monsterinsights_sitenote_active":false,"_monsterinsights_sitenote_note":"","_monsterinsights_sitenote_category":0},"product_brand":[],"product_cat":[359,119],"product_tag":[],"class_list":{"0":"post-6581","1":"product","2":"type-product","3":"status-publish","4":"has-post-thumbnail","6":"product_cat-light-heat-humidity","7":"product_cat-formicarium-components","9":"first","10":"instock","11":"taxable","12":"shipping-taxable","13":"purchasable","14":"product-type-simple"},"acf":[],"aioseo_notices":[],"jetpack_sharing_enabled":true,"_links":{"self":[{"href":"https:\/\/antcube.shop\/pt\/wp-json\/wp\/v2\/product\/6581","targetHints":{"allow":["GET"]}}],"collection":[{"href":"https:\/\/antcube.shop\/pt\/wp-json\/wp\/v2\/product"}],"about":[{"href":"https:\/\/antcube.shop\/pt\/wp-json\/wp\/v2\/types\/product"}],"replies":[{"embeddable":true,"href":"https:\/\/antcube.shop\/pt\/wp-json\/wp\/v2\/comments?post=6581"}],"wp:featuredmedia":[{"embeddable":true,"href":"https:\/\/antcube.shop\/pt\/wp-json\/wp\/v2\/media\/6602"}],"wp:attachment":[{"href":"https:\/\/antcube.shop\/pt\/wp-json\/wp\/v2\/media?parent=6581"}],"wp:term":[{"taxonomy":"product_brand","embeddable":true,"href":"https:\/\/antcube.shop\/pt\/wp-json\/wp\/v2\/product_brand?post=6581"},{"taxonomy":"product_cat","embeddable":true,"href":"https:\/\/antcube.shop\/pt\/wp-json\/wp\/v2\/product_cat?post=6581"},{"taxonomy":"product_tag","embeddable":true,"href":"https:\/\/antcube.shop\/pt\/wp-json\/wp\/v2\/product_tag?post=6581"}],"curies":[{"name":"wp","href":"https:\/\/api.w.org\/{rel}","templated":true}]}}