{"id":6580,"date":"2023-12-04T13:54:31","date_gmt":"2023-12-04T12:54:31","guid":{"rendered":"https:\/\/antcube.shop\/product\/thermo-control-pro-ii\/"},"modified":"2026-02-14T18:04:10","modified_gmt":"2026-02-14T17:04:10","slug":"thermo-control-pro-ii","status":"publish","type":"product","link":"https:\/\/antcube.shop\/pt\/produto\/thermo-control-pro-ii\/","title":{"rendered":"Thermo Control Pro II"},"content":{"rendered":"<p><strong>Descri\u00e7\u00e3o:<\/strong> O Thermo Control PRO II \u00e9 uma evolu\u00e7\u00e3o do Thermo Control II. As principais diferen\u00e7as s\u00e3o um rel\u00f3gio em tempo real e dois circuitos de temperatura, de modo a que possam ser definidas temperaturas diferentes para o dia e para a noite. A comuta\u00e7\u00e3o entre o funcionamento diurno e noturno \u00e9 controlada pelo tempo.<br \/>\nAo contr\u00e1rio do Thermo Control II, neste modelo o temporizador pode ser regulado em unidades de minutos. Existem dois tempos de ativa\u00e7\u00e3o\/desativa\u00e7\u00e3o poss\u00edveis.<br \/>\nAl\u00e9m disso, o dispositivo pode ser comutado entre o modo de aquecimento e o modo de arrefecimento, por exemplo, para o funcionamento das ventoinhas. Quando a temperatura definida \u00e9 atingida, o term\u00f3stato liga-se em vez de se desligar.<br \/>\nA capacidade m\u00e1xima de comuta\u00e7\u00e3o \u00e9 de 1000W. Gama de temperaturas de 0-50\u00b0C.<\/p>\n<p>- Dois circuitos de comuta\u00e7\u00e3o para diferentes configura\u00e7\u00f5es diurnas e nocturnas<br \/>\n- Rel\u00f3gio em tempo real, as horas do dia s\u00e3o definidas pelo tempo<br \/>\n- Temporizador integrado<br \/>\n- Indica\u00e7\u00e3o permanente da temperatura<br \/>\n- Comut\u00e1vel entre os modos de aquecimento e arrefecimento<br \/>\n- Fun\u00e7\u00e3o de alarme em caso de desvio (regul\u00e1vel entre 1\u00b0C e 15\u00b0C)<br \/>\n- Sensor remoto com 2 m de comprimento, tamb\u00e9m adequado para aqu\u00e1rios<br \/>\n- Tomadas de terra<br \/>\n- Capacidade de comuta\u00e7\u00e3o m\u00e1xima de 1000 watts<\/p>\n<p>- Recomendado para utiliza\u00e7\u00e3o com tapetes de aquecimento, cabos de aquecimento, pedras de aquecimento e aquecedores radiantes de cer\u00e2mica para evitar o sobreaquecimento do terr\u00e1rio.<\/p>\n<p><strong>Liga\u00e7\u00e3o Web:<\/strong> http:\/\/www.antstore.net\/viewtopic.php?f=18&amp;p=108893<\/p>","protected":false},"excerpt":{"rendered":"<p>Descri\u00e7\u00e3o: O Thermo Control PRO II \u00e9 uma evolu\u00e7\u00e3o do Thermo Control II. As principais diferen\u00e7as s\u00e3o um rel\u00f3gio em tempo real e dois circuitos de temperatura, de modo a que possam ser definidas temperaturas diferentes para o dia e para a noite. A comuta\u00e7\u00e3o entre o funcionamento diurno e noturno \u00e9 controlada pelo tempo. Ao contr\u00e1rio do Thermo Control II, a hora pode ser regulada","protected":false},"featured_media":6600,"comment_status":"open","ping_status":"closed","template":"","meta":{"_acf_changed":false,"content-type":"","_monsterinsights_skip_tracking":false,"_monsterinsights_sitenote_active":false,"_monsterinsights_sitenote_note":"","_monsterinsights_sitenote_category":0},"product_brand":[],"product_cat":[359,119],"product_tag":[],"class_list":{"0":"post-6580","1":"product","2":"type-product","3":"status-publish","4":"has-post-thumbnail","6":"product_cat-light-heat-humidity","7":"product_cat-formicarium-components","9":"first","10":"outofstock","11":"taxable","12":"shipping-taxable","13":"purchasable","14":"product-type-simple"},"acf":[],"aioseo_notices":[],"jetpack_sharing_enabled":true,"_links":{"self":[{"href":"https:\/\/antcube.shop\/pt\/wp-json\/wp\/v2\/product\/6580","targetHints":{"allow":["GET"]}}],"collection":[{"href":"https:\/\/antcube.shop\/pt\/wp-json\/wp\/v2\/product"}],"about":[{"href":"https:\/\/antcube.shop\/pt\/wp-json\/wp\/v2\/types\/product"}],"replies":[{"embeddable":true,"href":"https:\/\/antcube.shop\/pt\/wp-json\/wp\/v2\/comments?post=6580"}],"wp:featuredmedia":[{"embeddable":true,"href":"https:\/\/antcube.shop\/pt\/wp-json\/wp\/v2\/media\/6600"}],"wp:attachment":[{"href":"https:\/\/antcube.shop\/pt\/wp-json\/wp\/v2\/media?parent=6580"}],"wp:term":[{"taxonomy":"product_brand","embeddable":true,"href":"https:\/\/antcube.shop\/pt\/wp-json\/wp\/v2\/product_brand?post=6580"},{"taxonomy":"product_cat","embeddable":true,"href":"https:\/\/antcube.shop\/pt\/wp-json\/wp\/v2\/product_cat?post=6580"},{"taxonomy":"product_tag","embeddable":true,"href":"https:\/\/antcube.shop\/pt\/wp-json\/wp\/v2\/product_tag?post=6580"}],"curies":[{"name":"wp","href":"https:\/\/api.w.org\/{rel}","templated":true}]}}