{"id":6579,"date":"2023-12-04T13:54:25","date_gmt":"2023-12-04T12:54:25","guid":{"rendered":"https:\/\/antcube.shop\/product\/thermo-control-ii-timer\/"},"modified":"2026-04-09T15:04:50","modified_gmt":"2026-04-09T13:04:50","slug":"temporizador-thermo-control-ii","status":"publish","type":"product","link":"https:\/\/antcube.shop\/pt\/produto\/temporizador-thermo-control-ii\/","title":{"rendered":"Thermo Control II + Temporizador"},"content":{"rendered":"<p><strong>Descri\u00e7\u00e3o:<\/strong> No modelo sucessor dos populares term\u00f3statos Thermo Control, apenas o pre\u00e7o faz lembrar um modelo de entrada de gama.<br \/>\nO Thermo Control 2 \u00e9 um term\u00f3stato digital com uma gama de temperaturas de 0-50\u00b0C. Funciona tamb\u00e9m como term\u00f3metro gra\u00e7as \u00e0 indica\u00e7\u00e3o de temperatura constante.<br \/>\nAquecedores com uma pot\u00eancia total m\u00e1xima de 1200W podem ser ligados atrav\u00e9s de um acoplamento Schuko. Outro acoplamento Schuko \u00e9 controlado atrav\u00e9s de uma fun\u00e7\u00e3o de temporizador integrada, que pode ser utilizada para definir os tempos de funcionamento da ilumina\u00e7\u00e3o ou das ventoinhas, por exemplo. O sensor \u00e9 adequado para medi\u00e7\u00f5es no ar e na \u00e1gua e \u00e9 ligado ao term\u00f3stato atrav\u00e9s de um cabo, tal como o acoplamento e a fonte de alimenta\u00e7\u00e3o.<br \/>\nAl\u00e9m disso, o Thermo Control 2 disp\u00f5e de uma fun\u00e7\u00e3o de alarme que emite um aviso visual e ac\u00fastico quando a temperatura ultrapassa ou desce abaixo da temperatura desejada (os valores podem ser regulados entre 1\u00b0C e 5\u00b0C).<br \/>\nUm aparelho que n\u00e3o pode faltar em nenhum terr\u00e1rio!<\/p>\n<p>- Com temporizador utiliz\u00e1vel separadamente, por exemplo, para ilumina\u00e7\u00e3o ou ventila\u00e7\u00e3o<br \/>\n- Fun\u00e7\u00e3o de alarme em caso de desvio de temperatura (ajust\u00e1vel entre 1\u00b0C e 5\u00b0C)<br \/>\n- Indica\u00e7\u00e3o da temperatura medida<br \/>\n- Sensor remoto com 2 m de comprimento, tamb\u00e9m adequado para aqu\u00e1rios<br \/>\n- Tomadas de terra<br \/>\n- Capacidade de comuta\u00e7\u00e3o de 1200 watts<\/p>\n<p>- Recomendado para utiliza\u00e7\u00e3o com tapetes de aquecimento, cabos de aquecimento, pedras de aquecimento e aquecedores radiantes de cer\u00e2mica para evitar o sobreaquecimento do terr\u00e1rio.<\/p>\n<p><strong>Liga\u00e7\u00e3o Web:<\/strong> http:\/\/www.antstore.net\/viewtopic.php?f=18&amp;p=108893<\/p>","protected":false},"excerpt":{"rendered":"<p>Descri\u00e7\u00e3o: No modelo sucessor dos populares term\u00f3statos Thermo Control, apenas o pre\u00e7o faz lembrar um modelo de entrada de gama. O Thermo Control 2 \u00e9 um term\u00f3stato digital com uma gama de temperaturas de 0-50\u00b0C. Funciona tamb\u00e9m como term\u00f3metro gra\u00e7as ao visor de temperatura constante. Os aquecedores com uma pot\u00eancia total m\u00e1xima de 1200 W podem","protected":false},"featured_media":6598,"comment_status":"open","ping_status":"closed","template":"","meta":{"_acf_changed":false,"content-type":"","_monsterinsights_skip_tracking":false,"_monsterinsights_sitenote_active":false,"_monsterinsights_sitenote_note":"","_monsterinsights_sitenote_category":0},"product_brand":[],"product_cat":[359,119],"product_tag":[],"class_list":{"0":"post-6579","1":"product","2":"type-product","3":"status-publish","4":"has-post-thumbnail","6":"product_cat-light-heat-humidity","7":"product_cat-formicarium-components","9":"first","10":"instock","11":"taxable","12":"shipping-taxable","13":"purchasable","14":"product-type-simple"},"acf":[],"aioseo_notices":[],"jetpack_sharing_enabled":true,"_links":{"self":[{"href":"https:\/\/antcube.shop\/pt\/wp-json\/wp\/v2\/product\/6579","targetHints":{"allow":["GET"]}}],"collection":[{"href":"https:\/\/antcube.shop\/pt\/wp-json\/wp\/v2\/product"}],"about":[{"href":"https:\/\/antcube.shop\/pt\/wp-json\/wp\/v2\/types\/product"}],"replies":[{"embeddable":true,"href":"https:\/\/antcube.shop\/pt\/wp-json\/wp\/v2\/comments?post=6579"}],"wp:featuredmedia":[{"embeddable":true,"href":"https:\/\/antcube.shop\/pt\/wp-json\/wp\/v2\/media\/6598"}],"wp:attachment":[{"href":"https:\/\/antcube.shop\/pt\/wp-json\/wp\/v2\/media?parent=6579"}],"wp:term":[{"taxonomy":"product_brand","embeddable":true,"href":"https:\/\/antcube.shop\/pt\/wp-json\/wp\/v2\/product_brand?post=6579"},{"taxonomy":"product_cat","embeddable":true,"href":"https:\/\/antcube.shop\/pt\/wp-json\/wp\/v2\/product_cat?post=6579"},{"taxonomy":"product_tag","embeddable":true,"href":"https:\/\/antcube.shop\/pt\/wp-json\/wp\/v2\/product_tag?post=6579"}],"curies":[{"name":"wp","href":"https:\/\/api.w.org\/{rel}","templated":true}]}}