{"id":6577,"date":"2023-12-04T13:54:13","date_gmt":"2023-12-04T12:54:13","guid":{"rendered":"https:\/\/antcube.shop\/product\/ameisenarena-nebler-gros\/"},"modified":"2026-04-02T12:12:13","modified_gmt":"2026-04-02T10:12:13","slug":"ant-arena-fogger-grande","status":"publish","type":"product","link":"https:\/\/antcube.shop\/pt\/produto\/ant-arena-fogger-grande\/","title":{"rendered":"Ant arena - nebulizador - grande"},"content":{"rendered":"<p><strong>Conte\u00fado:<\/strong><br \/>\n- Fogger<br \/>\n- Tamp\u00e3o correspondente com orif\u00edcio de 22 mm para fixar a mangueira \u00e0 cobertura do formigueiro<br \/>\n- Mangueira extens\u00edvel<\/p>\n<p><strong>Material:<\/strong> pl\u00e1stico<\/p>\n<p><strong>Cor:<\/strong> preto<\/p>\n<p>Dados t\u00e9cnicos:<br \/>\nTens\u00e3o: AC 120-240 V - 50\/60 Hz<br \/>\nComprimento do cabo: 1,20 m<br \/>\nCapacidade do dep\u00f3sito de \u00e1gua: 4L<br \/>\nComprimento da mangueira: extens\u00edvel individualmente entre 40 e 160 cm<br \/>\nGera\u00e7\u00e3o de nevoeiro: 150-300 ml\/h<br \/>\nAltura m\u00e1xima de nebuliza\u00e7\u00e3o: 2 m com mangueira<br \/>\nsem ru\u00eddo<\/p>\n<p>Descri\u00e7\u00e3o:<br \/>\nPara humedecer um formigueiro, este nebulizador pode ser ligado diretamente \u00e0 cobertura do formigueiro.<\/p>\n<p>&nbsp;<\/p>\n<p>&nbsp;<\/p>\n<p>Nota: 20.01.2025 Atualiza\u00e7\u00e3o do produto - novo modelo<\/p>","protected":false},"excerpt":{"rendered":"<p>Conte\u00fado: - Fogger - Tampa correspondente com orif\u00edcio de 22 mm para fixar a mangueira \u00e0 cobertura da arena de formigas - Mangueira extens\u00edvel Material: pl\u00e1stico Cor: preto Detalhes t\u00e9cnicos: Tens\u00e3o:AC 120-240 V - 50\/60 Hz Comprimento do cabo: 1,20 m Capacidade do dep\u00f3sito de \u00e1gua: 4L Comprimento da mangueira: extens\u00edvel individualmente entre 40 e 160 cm Gera\u00e7\u00e3o de nevoeiro: 150-300 ml\/h M\u00e1ximo [...]","protected":false},"featured_media":10944,"comment_status":"open","ping_status":"closed","template":"","meta":{"_acf_changed":false,"content-type":"","_monsterinsights_skip_tracking":false,"_monsterinsights_sitenote_active":false,"_monsterinsights_sitenote_note":"","_monsterinsights_sitenote_category":0},"product_brand":[],"product_cat":[359,119,239],"product_tag":[],"class_list":{"0":"post-6577","1":"product","2":"type-product","3":"status-publish","4":"has-post-thumbnail","6":"product_cat-light-heat-humidity","7":"product_cat-formicarium-components","8":"product_cat-useful-additions","10":"first","11":"instock","12":"taxable","13":"shipping-taxable","14":"purchasable","15":"product-type-simple"},"acf":[],"aioseo_notices":[],"jetpack_sharing_enabled":true,"_links":{"self":[{"href":"https:\/\/antcube.shop\/pt\/wp-json\/wp\/v2\/product\/6577","targetHints":{"allow":["GET"]}}],"collection":[{"href":"https:\/\/antcube.shop\/pt\/wp-json\/wp\/v2\/product"}],"about":[{"href":"https:\/\/antcube.shop\/pt\/wp-json\/wp\/v2\/types\/product"}],"replies":[{"embeddable":true,"href":"https:\/\/antcube.shop\/pt\/wp-json\/wp\/v2\/comments?post=6577"}],"wp:featuredmedia":[{"embeddable":true,"href":"https:\/\/antcube.shop\/pt\/wp-json\/wp\/v2\/media\/10944"}],"wp:attachment":[{"href":"https:\/\/antcube.shop\/pt\/wp-json\/wp\/v2\/media?parent=6577"}],"wp:term":[{"taxonomy":"product_brand","embeddable":true,"href":"https:\/\/antcube.shop\/pt\/wp-json\/wp\/v2\/product_brand?post=6577"},{"taxonomy":"product_cat","embeddable":true,"href":"https:\/\/antcube.shop\/pt\/wp-json\/wp\/v2\/product_cat?post=6577"},{"taxonomy":"product_tag","embeddable":true,"href":"https:\/\/antcube.shop\/pt\/wp-json\/wp\/v2\/product_tag?post=6577"}],"curies":[{"name":"wp","href":"https:\/\/api.w.org\/{rel}","templated":true}]}}