{"id":6576,"date":"2023-12-04T13:54:06","date_gmt":"2023-12-04T12:54:06","guid":{"rendered":"https:\/\/antcube.shop\/product\/ameisenarena-nebler-klein\/"},"modified":"2026-04-05T20:47:18","modified_gmt":"2026-04-05T18:47:18","slug":"nebulizador-de-formigas-pequeno","status":"publish","type":"product","link":"https:\/\/antcube.shop\/pt\/produto\/nebulizador-de-formigas-pequeno\/","title":{"rendered":"Ant arena - nebulizador - pequeno"},"content":{"rendered":"<p><strong>Conte\u00fado:<\/strong><br \/>\n- Fogger<br \/>\n- Tamp\u00e3o correspondente com orif\u00edcio de 22 mm para fixar a mangueira \u00e0 cobertura do formigueiro<br \/>\n- Mangueira extens\u00edvel<\/p>\n<p><strong>Material:<\/strong> pl\u00e1stico<\/p>\n<p><strong>Cor:<\/strong> preto\/branco<\/p>\n<p><strong>Especifica\u00e7\u00f5es t\u00e9cnicas:<\/strong><br \/>\nTens\u00e3o: 230V<br \/>\nPot\u00eancia: 15W (30ml\/h)<br \/>\nComprimento do cabo: 1,40 m<br \/>\nCapacidade do dep\u00f3sito de \u00e1gua: 360 ml<br \/>\nLiga\u00e7\u00e3o: Ficha Euro<br \/>\nComprimento da mangueira: 60 cm -&gt; pode ser prolongado<\/p>\n<p><strong>Descri\u00e7\u00e3o:<\/strong><br \/>\nPara humidificar um formigueiro, este nebulizador pode ser inserido diretamente na cobertura do formigueiro.<br \/>\nO pequeno nebulizador Ameisenarena foi concebido para humidificar pequenos terr\u00e1rios. Neste modelo, a tecnologia foi simplificada, o que permite um funcionamento muito mais simples. A \u00e1gua \u00e9 extra\u00edda atrav\u00e9s da a\u00e7\u00e3o capilar de um cartucho de feltro. Este pode ser substitu\u00eddo em poucos passos simples, o que deve ser feito regularmente por raz\u00f5es de higiene. A n\u00e9voa produzida \u00e9 automaticamente direccionada atrav\u00e9s da mangueira por um design engenhoso do bocal, sem necessidade de uma ventoinha adicional. Isto reduz significativamente a suscetibilidade a erros. A capacidade de nebuliza\u00e7\u00e3o \u00e9 de aproximadamente 30 ml\/h. O dep\u00f3sito tem uma capacidade m\u00e1xima de 360 ml. O Super Fog Nano II pode ser controlado atrav\u00e9s de um temporizador ou de um higr\u00f3stato. Gra\u00e7as \u00e0 mangueira m\u00f3vel e extens\u00edvel, o Super Fog Nano II pode ser adaptado a qualquer terr\u00e1rio. Uma nova carater\u00edstica \u00e9 que a membrana pode agora ser substitu\u00edda pelo utilizador final em apenas alguns passos simples. Todas as outras pe\u00e7as est\u00e3o tamb\u00e9m dispon\u00edveis como pe\u00e7as sobresselentes, tornando o Super Fog Nano II num dispositivo sustent\u00e1vel.<\/p>\n<p><strong>Hack:<\/strong><br \/>\nSe for necess\u00e1ria uma mangueira mais comprida, a nossa mangueira de 20\/16 mm (Art. 1000107) pode ser ligada ao nebulizador. Tamb\u00e9m precisa de tamp\u00f5es de formic\u00e1rio para 50mm com um orif\u00edcio de 20mm (Art. 1005033 + 20mm). Note, no entanto, que quanto mais comprida for a mangueira, menos n\u00e9voa chegar\u00e1 ao formic\u00e1rio.<\/p>\n<p>&nbsp;<\/p>","protected":false},"excerpt":{"rendered":"<p>Conte\u00fado: - Fogger - Tamp\u00e3o a condizer com orif\u00edcio para fixar a mangueira \u00e0 cobertura do formigueiro - Mangueira extens\u00edvel Material: pl\u00e1stico Cor: preto\/branco Especifica\u00e7\u00f5es t\u00e9cnicas: Tens\u00e3o: 230V Pot\u00eancia: 15W (30ml\/h) Comprimento do cabo: 1,40 m Capacidade do dep\u00f3sito de \u00e1gua: 360ml Liga\u00e7\u00e3o: Ficha Euro Comprimento da mangueira: 60 cm -&gt; pode ser prolongado Descri\u00e7\u00e3o: Para humidificar uma formiga [...]","protected":false},"featured_media":6603,"comment_status":"open","ping_status":"closed","template":"","meta":{"_acf_changed":false,"content-type":"","_monsterinsights_skip_tracking":false,"_monsterinsights_sitenote_active":false,"_monsterinsights_sitenote_note":"","_monsterinsights_sitenote_category":0},"product_brand":[],"product_cat":[359,119],"product_tag":[],"class_list":{"0":"post-6576","1":"product","2":"type-product","3":"status-publish","4":"has-post-thumbnail","6":"product_cat-light-heat-humidity","7":"product_cat-formicarium-components","9":"first","10":"instock","11":"taxable","12":"shipping-taxable","13":"purchasable","14":"product-type-simple"},"acf":[],"aioseo_notices":[],"jetpack_sharing_enabled":true,"_links":{"self":[{"href":"https:\/\/antcube.shop\/pt\/wp-json\/wp\/v2\/product\/6576","targetHints":{"allow":["GET"]}}],"collection":[{"href":"https:\/\/antcube.shop\/pt\/wp-json\/wp\/v2\/product"}],"about":[{"href":"https:\/\/antcube.shop\/pt\/wp-json\/wp\/v2\/types\/product"}],"replies":[{"embeddable":true,"href":"https:\/\/antcube.shop\/pt\/wp-json\/wp\/v2\/comments?post=6576"}],"wp:featuredmedia":[{"embeddable":true,"href":"https:\/\/antcube.shop\/pt\/wp-json\/wp\/v2\/media\/6603"}],"wp:attachment":[{"href":"https:\/\/antcube.shop\/pt\/wp-json\/wp\/v2\/media?parent=6576"}],"wp:term":[{"taxonomy":"product_brand","embeddable":true,"href":"https:\/\/antcube.shop\/pt\/wp-json\/wp\/v2\/product_brand?post=6576"},{"taxonomy":"product_cat","embeddable":true,"href":"https:\/\/antcube.shop\/pt\/wp-json\/wp\/v2\/product_cat?post=6576"},{"taxonomy":"product_tag","embeddable":true,"href":"https:\/\/antcube.shop\/pt\/wp-json\/wp\/v2\/product_tag?post=6576"}],"curies":[{"name":"wp","href":"https:\/\/api.w.org\/{rel}","templated":true}]}}