{"id":6572,"date":"2023-12-04T11:34:48","date_gmt":"2023-12-04T10:34:48","guid":{"rendered":"https:\/\/antcube.shop\/product\/arena-vase-10x10cm-aus-glas\/"},"modified":"2026-03-30T10:30:50","modified_gmt":"2026-03-30T08:30:50","slug":"vaso-de-arena-10x10cm-em-vidro","status":"publish","type":"product","link":"https:\/\/antcube.shop\/pt\/produto\/vaso-de-arena-10x10cm-em-vidro\/","title":{"rendered":"Jarra Arena 10x10cm em vidro"},"content":{"rendered":"<p><strong>Dimens\u00f5es:<\/strong> 10\u00d710,4cm<\/p>\n<p><strong>Material:<\/strong> vidro, PMMA<\/p>\n<p><strong>Cor:<\/strong> cristalino, transl\u00facido, transparente<\/p>\n<p><strong>Conte\u00fado:<\/strong><br \/>\n1x vaso de vidro 10x10cm<br \/>\n1x tampa 10\u00d70,4cm<\/p>\n<p><strong>Descri\u00e7\u00e3o:<\/strong> O Arena Vase foi desenvolvido para alimentar col\u00f3nias de formigas cortadeiras do g\u00e9nero Atta ou Acromyrmex. A tampa acr\u00edlica amov\u00edvel com orif\u00edcios e fendas para dispor e segurar ramos de plantas forrageiras \u00e9 simplesmente colocada no vaso. O vaso ajuda a manter as plantas forrageiras frescas durante mais tempo e, ao mesmo tempo, aumenta a humidade no formic\u00e1rio atrav\u00e9s da evapora\u00e7\u00e3o constante da \u00e1gua no reservat\u00f3rio.<\/p>","protected":false},"excerpt":{"rendered":"<p>Dimens\u00f5es: 10x20,4cm Material: vidro, PMMA Cor: cristalino, transl\u00facido, transparente Conte\u00fado: 1x vaso de vidro 10x20cm 1x tampa 10x0,4cm Descri\u00e7\u00e3o: O vaso Arena foi desenvolvido para alimentar col\u00f3nias de formigas cortadeiras do g\u00e9nero Atta ou Acromyrmex. A tampa acr\u00edlica amov\u00edvel com orif\u00edcios e fendas para dispor e segurar ramos de plantas forrageiras \u00e9 simplesmente colocada sobre","protected":false},"featured_media":6587,"comment_status":"open","ping_status":"closed","template":"","meta":{"_acf_changed":false,"content-type":"","_monsterinsights_skip_tracking":false,"_monsterinsights_sitenote_active":false,"_monsterinsights_sitenote_note":"","_monsterinsights_sitenote_category":0},"product_brand":[],"product_cat":[115,118],"product_tag":[],"class_list":{"0":"post-6572","1":"product","2":"type-product","3":"status-publish","4":"has-post-thumbnail","6":"product_cat-food-and-feeding","7":"product_cat-feeding-bowls","9":"first","10":"instock","11":"taxable","12":"shipping-taxable","13":"purchasable","14":"product-type-simple"},"acf":[],"aioseo_notices":[],"jetpack_sharing_enabled":true,"_links":{"self":[{"href":"https:\/\/antcube.shop\/pt\/wp-json\/wp\/v2\/product\/6572","targetHints":{"allow":["GET"]}}],"collection":[{"href":"https:\/\/antcube.shop\/pt\/wp-json\/wp\/v2\/product"}],"about":[{"href":"https:\/\/antcube.shop\/pt\/wp-json\/wp\/v2\/types\/product"}],"replies":[{"embeddable":true,"href":"https:\/\/antcube.shop\/pt\/wp-json\/wp\/v2\/comments?post=6572"}],"wp:featuredmedia":[{"embeddable":true,"href":"https:\/\/antcube.shop\/pt\/wp-json\/wp\/v2\/media\/6587"}],"wp:attachment":[{"href":"https:\/\/antcube.shop\/pt\/wp-json\/wp\/v2\/media?parent=6572"}],"wp:term":[{"taxonomy":"product_brand","embeddable":true,"href":"https:\/\/antcube.shop\/pt\/wp-json\/wp\/v2\/product_brand?post=6572"},{"taxonomy":"product_cat","embeddable":true,"href":"https:\/\/antcube.shop\/pt\/wp-json\/wp\/v2\/product_cat?post=6572"},{"taxonomy":"product_tag","embeddable":true,"href":"https:\/\/antcube.shop\/pt\/wp-json\/wp\/v2\/product_tag?post=6572"}],"curies":[{"name":"wp","href":"https:\/\/api.w.org\/{rel}","templated":true}]}}