{"id":6569,"date":"2023-12-04T11:34:29","date_gmt":"2023-12-04T10:34:29","guid":{"rendered":"https:\/\/antcube.shop\/product\/ameisen-treppenhaus-20cm\/"},"modified":"2026-04-16T13:10:55","modified_gmt":"2026-04-16T11:10:55","slug":"escada-de-formiga-20cm","status":"publish","type":"product","link":"https:\/\/antcube.shop\/pt\/produto\/escada-de-formiga-20cm\/","title":{"rendered":"Escada de formiga 20cm"},"content":{"rendered":"<p><strong>Descri\u00e7\u00e3o:<\/strong> A escada de formigas \u00e9 utilizada para fazer a ponte entre a arena e a quinta de formigas.<\/p>\n<p><strong>Dimens\u00f5es:<\/strong> 5x5x20cm<\/p>\n<p><strong>Material: <\/strong>PMMA<\/p>\n<p><strong>Cor: <\/strong>cristalino, transl\u00facido, transparente<\/p>\n<p data-padding=\"5px\" data-line-height=\"s\"><strong>Conte\u00fado:<\/strong><br \/>\n1x escada de formiga 20cm<br \/>\n2x placa acr\u00edlica para montagem opcional na parede<\/p>\n<p data-padding=\"5px\" data-line-height=\"s\">1x almofada para escada de formiga<\/p>\n<p><strong>Nota:<\/strong> As pe\u00e7as s\u00e3o fornecidas como um produto totalmente montado. Para fixar o suporte de parede, basta desapertar os parafusos de acr\u00edlico na parte superior e inferior e retirar a base. Volte a fixar as duas placas de acr\u00edlico com os parafusos 1x em cima e 1x em baixo.<\/p>\n<p><strong>Conex\u00e3o:<\/strong> 2x mangueira 20\/16 mm (exterior) ou mangueira 14\/10 mm (interior) ou 24\/20 (exterior 2\u00aa fase de liga\u00e7\u00e3o)<\/p>\n<p><strong>Aplica\u00e7\u00e3o:<\/strong> para a medi\u00e7\u00e3o das explora\u00e7\u00f5es de formigas <strong>20x20cm ou 40x20cm<\/strong><\/p>\n<p><span data-text-color=\"alert\"><strong>Importante para utiliza\u00e7\u00e3o com tubos de acr\u00edlico:<\/strong><\/span><br \/>\nA altura n\u00e3o \u00e9 adequada para o nosso <strong>tamanho XL das quintas de formigas.<\/strong><br \/>\nPara<strong> utiliza\u00e7\u00e3o com tubos de acr\u00edlico<\/strong> (por exemplo, tubo de formiga - cristalino 20mm - 1m art. n.\u00ba 1000320) em vez de mangueiras, \u00e9 necess\u00e1rio um total de<strong> 3x o \"Conector de tubo cristalino para 20mm - I\"<\/strong> (art. n.\u00ba 1005624). 1x para a tomada do viveiro de formigas e 2x para as duas tomadas das escadas. Al\u00e9m disso, para os viveiros de formigas antigos (todos comprados antes de 12\/2023), deve ser colocado um \"anel de veda\u00e7\u00e3o flex\u00edvel transparente\" (artigo n.\u00ba 1001437) na tomada do viveiro de formigas. Caso contr\u00e1rio, o \"conetor de tubo transparente para 20 mm - I\" (art. n.\u00ba 1005624) fica demasiado solto na tomada do viveiro de formigas. Al\u00e9m disso, se um <strong>almofada de formic\u00e1rio <\/strong>for utilizada para o formigueiro ou para o picadeiro, deve ser igualmente utilizada uma para a escada, caso contr\u00e1rio haver\u00e1 uma ligeira diferen\u00e7a de altura entre a tomada da escada e as liga\u00e7\u00f5es do formigueiro e do picadeiro.<\/p>","protected":false},"excerpt":{"rendered":"<p>Para explora\u00e7\u00f5es de formigas com 20x20cm ou 40x20cm<\/p>","protected":false},"featured_media":7570,"comment_status":"open","ping_status":"closed","template":"","meta":{"_acf_changed":false,"content-type":"","_monsterinsights_skip_tracking":false,"_monsterinsights_sitenote_active":false,"_monsterinsights_sitenote_note":"","_monsterinsights_sitenote_category":0},"product_brand":[],"product_cat":[345,119,121,120,239],"product_tag":[],"class_list":{"0":"post-6569","1":"product","2":"type-product","3":"status-publish","4":"has-post-thumbnail","6":"product_cat-pipe-connectors","7":"product_cat-formicarium-components","8":"product_cat-connectors","9":"product_cat-hoses","10":"product_cat-useful-additions","12":"first","13":"instock","14":"taxable","15":"shipping-taxable","16":"purchasable","17":"product-type-simple"},"acf":[],"aioseo_notices":[],"jetpack_sharing_enabled":true,"_links":{"self":[{"href":"https:\/\/antcube.shop\/pt\/wp-json\/wp\/v2\/product\/6569","targetHints":{"allow":["GET"]}}],"collection":[{"href":"https:\/\/antcube.shop\/pt\/wp-json\/wp\/v2\/product"}],"about":[{"href":"https:\/\/antcube.shop\/pt\/wp-json\/wp\/v2\/types\/product"}],"replies":[{"embeddable":true,"href":"https:\/\/antcube.shop\/pt\/wp-json\/wp\/v2\/comments?post=6569"}],"wp:featuredmedia":[{"embeddable":true,"href":"https:\/\/antcube.shop\/pt\/wp-json\/wp\/v2\/media\/7570"}],"wp:attachment":[{"href":"https:\/\/antcube.shop\/pt\/wp-json\/wp\/v2\/media?parent=6569"}],"wp:term":[{"taxonomy":"product_brand","embeddable":true,"href":"https:\/\/antcube.shop\/pt\/wp-json\/wp\/v2\/product_brand?post=6569"},{"taxonomy":"product_cat","embeddable":true,"href":"https:\/\/antcube.shop\/pt\/wp-json\/wp\/v2\/product_cat?post=6569"},{"taxonomy":"product_tag","embeddable":true,"href":"https:\/\/antcube.shop\/pt\/wp-json\/wp\/v2\/product_tag?post=6569"}],"curies":[{"name":"wp","href":"https:\/\/api.w.org\/{rel}","templated":true}]}}