{"id":6565,"date":"2023-12-04T11:34:02","date_gmt":"2023-12-04T10:34:02","guid":{"rendered":"https:\/\/antcube.shop\/product\/schraub-adapter-50-auf-32-mm-bohrung\/"},"modified":"2026-03-18T18:07:00","modified_gmt":"2026-03-18T17:07:00","slug":"adaptador-de-parafuso-50-a-32-mm-de-diametro","status":"publish","type":"product","link":"https:\/\/antcube.shop\/pt\/produto\/adaptador-de-parafuso-50-a-32-mm-de-diametro\/","title":{"rendered":"Adaptador de parafuso com furo de 50 a 32 mm"},"content":{"rendered":"<p><strong>Conte\u00fado:<\/strong><br \/>\n2x disco acr\u00edlico 59 x 2 mm com orif\u00edcio de 32 mm<br \/>\n1x disco acr\u00edlico 49 x 4 mm com orif\u00edcio de 32 mm<br \/>\n2x parafuso de pl\u00e1stico transparente com porca<\/p>\n<p><strong>Dimens\u00f5es do produto:<\/strong> 59 x 8 mm<\/p>\n<p><strong>Material:<\/strong> PMMA, PP<\/p>\n<p><strong>Cor:<\/strong> transparente \/ cristalino<\/p>\n<p><strong>Descri\u00e7\u00e3o:<\/strong> Adaptador para fixa\u00e7\u00e3o de elementos com 32 mm de di\u00e2metro em orif\u00edcios de 50 mm.<\/p>\n<p>Permite assim uma fixa\u00e7\u00e3o segura, firme e visualmente atractiva de tubos de 32 mm, mangueiras ou outros elementos de liga\u00e7\u00e3o.<\/p>\n<p><strong>Nota:<\/strong> Fornecido em pe\u00e7as individuais e deve ser fixado com uma chave de fendas Phillips.<\/p>","protected":false},"excerpt":{"rendered":"<p>Conte\u00fado: 2x disco acr\u00edlico 59 x 2mm com furo de 32 mm 1x disco acr\u00edlico 49 x 4mm com furo de 32 mm 2x parafuso de pl\u00e1stico transparente com porca Dimens\u00f5es do produto: 59 x 8 mm Material: PMMA, PP Cor: transparente \/ cristalina Descri\u00e7\u00e3o: Adaptador para fixar elementos com 32 mm de di\u00e2metro em orif\u00edcios de 50 mm. Permite","protected":false},"featured_media":6609,"comment_status":"open","ping_status":"closed","template":"","meta":{"_acf_changed":false,"content-type":"","_monsterinsights_skip_tracking":false,"_monsterinsights_sitenote_active":false,"_monsterinsights_sitenote_note":"","_monsterinsights_sitenote_category":0},"product_brand":[],"product_cat":[345,119,121,120],"product_tag":[],"class_list":{"0":"post-6565","1":"product","2":"type-product","3":"status-publish","4":"has-post-thumbnail","6":"product_cat-pipe-connectors","7":"product_cat-formicarium-components","8":"product_cat-connectors","9":"product_cat-hoses","11":"first","12":"instock","13":"taxable","14":"shipping-taxable","15":"purchasable","16":"product-type-simple"},"acf":[],"aioseo_notices":[],"jetpack_sharing_enabled":true,"_links":{"self":[{"href":"https:\/\/antcube.shop\/pt\/wp-json\/wp\/v2\/product\/6565","targetHints":{"allow":["GET"]}}],"collection":[{"href":"https:\/\/antcube.shop\/pt\/wp-json\/wp\/v2\/product"}],"about":[{"href":"https:\/\/antcube.shop\/pt\/wp-json\/wp\/v2\/types\/product"}],"replies":[{"embeddable":true,"href":"https:\/\/antcube.shop\/pt\/wp-json\/wp\/v2\/comments?post=6565"}],"wp:featuredmedia":[{"embeddable":true,"href":"https:\/\/antcube.shop\/pt\/wp-json\/wp\/v2\/media\/6609"}],"wp:attachment":[{"href":"https:\/\/antcube.shop\/pt\/wp-json\/wp\/v2\/media?parent=6565"}],"wp:term":[{"taxonomy":"product_brand","embeddable":true,"href":"https:\/\/antcube.shop\/pt\/wp-json\/wp\/v2\/product_brand?post=6565"},{"taxonomy":"product_cat","embeddable":true,"href":"https:\/\/antcube.shop\/pt\/wp-json\/wp\/v2\/product_cat?post=6565"},{"taxonomy":"product_tag","embeddable":true,"href":"https:\/\/antcube.shop\/pt\/wp-json\/wp\/v2\/product_tag?post=6565"}],"curies":[{"name":"wp","href":"https:\/\/api.w.org\/{rel}","templated":true}]}}