{"id":6562,"date":"2023-12-04T11:33:43","date_gmt":"2023-12-04T10:33:43","guid":{"rendered":"https:\/\/antcube.shop\/product\/bundle-offer-messor-structor\/"},"modified":"2026-04-13T09:34:33","modified_gmt":"2026-04-13T07:34:33","slug":"pacote-oferta-mensageiro-estruturante","status":"publish","type":"product","link":"https:\/\/antcube.shop\/pt\/produto\/pacote-oferta-mensageiro-estruturante\/","title":{"rendered":"Oferta de pacote - Messor structor"},"content":{"rendered":"<p><span data-text-color=\"secondary\"><strong>Pacote que inclui uma col\u00f3nia de formigas Messor structor (rainha com 11-25 oper\u00e1rias + ninhada), um conjunto inicial Habitat Desert M com uma segunda quinta de formigas 20\u00d720 M, 3x almofadas de formic\u00e1rio e um frasco dos nossos grilos inteiros escaldados especiais 10g (prote\u00edna h\u00famida).<\/strong><\/span><\/p>\n<p><span data-text-color=\"alert\"><strong>Apenas enquanto durarem os stocks.<\/strong><\/span><\/p>\n<p><strong>Tudo o que \u00e9 necess\u00e1rio para uma col\u00f3nia de formigas Messor structor<\/strong><br \/>\nEste pacote cont\u00e9m tudo o que \u00e9 necess\u00e1rio para que uma col\u00f3nia de Messor barbarus passe com sucesso os primeiros meses. \u00c9 flexivelmente expans\u00edvel e explicitamente adequado para principiantes na cria\u00e7\u00e3o de formigas.<\/p>\n<p><strong>Messor structor esp\u00e9cies de formigas<\/strong><br \/>\nO Messor structor \u00e9 uma esp\u00e9cie de formiga gran\u00edvora (que come gr\u00e3os). Encontra-se principalmente no Sul da Europa e na regi\u00e3o mediterr\u00e2nica, mas tamb\u00e9m na Europa Central e a sua \u00e1rea de distribui\u00e7\u00e3o estende-se at\u00e9 ao Ir\u00e3o e ao Sul da R\u00fassia. \u00c9 tamb\u00e9m a \u00fanica esp\u00e9cie de Messor encontrada na Alemanha. As obreiras s\u00e3o ligeiramente mais pequenas do que as do Messor barbarus, mas o Messor structor produz mais cedo as chamadas obreiras principais (maior casta de obreiras).<\/p>\n<p>Embora o Messor structor se encontre principalmente nas estepes, h\u00e1 popula\u00e7\u00f5es em alguns pa\u00edses que se sentem mais \u00e0 vontade em regi\u00f5es montanhosas ou mesmo em florestas mistas. Este facto demonstra a grande capacidade de adapta\u00e7\u00e3o desta esp\u00e9cie. O Messor structor forma normalmente col\u00f3nias polig\u00ednicas (v\u00e1rias rainhas numa col\u00f3nia), mas tamb\u00e9m ocorre monoginicamente (apenas uma rainha por col\u00f3nia).<\/p>\n<p>H\u00e1 j\u00e1 algum tempo que os cientistas tentam descobrir se o Messor structor pode ter desenvolvido v\u00e1rias subesp\u00e9cies que ocorrem em diferentes regi\u00f5es, analisando o material gen\u00e9tico de diferentes col\u00f3nias. No entanto, este facto ainda n\u00e3o foi esclarecido de forma conclusiva.<\/p>\n<p><strong>Ninho para Messor structor<\/strong><br \/>\nO Messor structor prefere nidificar em solos arenosos. No entanto, ao contr\u00e1rio da maioria das outras esp\u00e9cies de Messor, \u00e9 relativamente flex\u00edvel e pode por vezes ser encontrado a nidificar debaixo de pedras ou em locais sombrios em solos mais terrosos.<\/p>\n<p><strong>Alimentos para Messor structor<\/strong><br \/>\nTal como todas as esp\u00e9cies de Messor, o Messor structor alimenta-se principalmente de sementes que s\u00e3o recolhidas, armazenadas e transformadas no chamado p\u00e3o de formiga, que tem assim um prazo de validade mais longo e permite \u00e0s col\u00f3nias sobreviver aos per\u00edodos em que h\u00e1 menos sementes na natureza. A prote\u00edna \u00e9 aceite tanto morta como viva. Na natureza, as formigas matam pequenos insectos e utilizam-nos para alimentar as suas crias. A solu\u00e7\u00e3o a\u00e7ucarada ou o mel s\u00f3 s\u00e3o aceites se a col\u00f3nia n\u00e3o dispuser de \u00e1gua doce suficiente para cobrir as suas necessidades de humidade.<\/p>\n<p><strong>As condi\u00e7\u00f5es clim\u00e1ticas \u00f3ptimas para o Messor structor s\u00e3o as seguintes<\/strong><br \/>\n<strong>Humidade:<\/strong><br \/>\nArena: 30 - 50% \u00c1rea do ninho: 50 - 70%<br \/>\n<strong>Temperatura:<\/strong><br \/>\nArena: 22 - 30\u00b0C \u00c1rea do ninho: 21- 27\u00b0C<\/p>\n<p><strong>Conte\u00fado:<\/strong><\/p>\n<p>1x col\u00f3nia de formigas Messor structor (rainha + 11-25 oper\u00e1rias + cria\u00e7\u00e3o)<br \/>\n1x Cricket Jam 25g<br \/>\n1x alimento em gr\u00e3o menor 100g<br \/>\n1x bloco de Formicarium - 20x20cm<br \/>\n2x bloco de Formicarium - 20x6cm<\/p>\n<p>1x ANTCUBE - arena 20x20x10 - plano<br \/>\n1x arma\u00e7\u00e3o de arena de formigas 20\u00d720<br \/>\n1x cobertura de arena de formigas 20\u00d720<br \/>\n4x ponto de fixa\u00e7\u00e3o para cobertura de arena<br \/>\n2x ANTCUBE - fazenda de formigas - M - 20\u00d720 - em p\u00e9<\/p>\n<p>1x Tubo de 1m transparente 14\/10 mm<br \/>\n2x ANTCUBE - Folha vermelha 20\u00d720 - filtro<br \/>\n2x clips adesivos - transparentes 2 pcs.<br \/>\n1x substrato - deserto - 1kg<br \/>\n1x Gr\u00e2nulos de Formicarium 200ml - bege<\/p>\n<p>1x Grid cap &#8211; 10mm &#8211; stainless steel<br \/>\n2x Grid insert acrylic &#8211; 50 mm with sealing ring<br \/>\n1x Grid insert acrylic &#8211; 27 mm with sealing ring<\/p>\n<p>1x conetor para mangueira de dep\u00f3sito 27-14,16,20 mm - transparente<br \/>\n2x Foil thermometer &#8211; farm<br \/>\n1x Foil thermometer Display<br \/>\n1x drinking clear 5ml &#8211; sponge<br \/>\n1x Feeding dish white rectangle &#8211; 3 compartments<br \/>\n1x \u00d3leo de protec\u00e7\u00e3o contra a fuga de formigas 10ml<br \/>\n1x Pin\u00e7a a\u00e7o mola - larga - macia<br \/>\n1x Pin\u00e7a de pl\u00e1stico transparente<br \/>\n1 pipetas de pl\u00e1stico 3ml<br \/>\n1x lupa de m\u00e3o - 2x - 30mm<br \/>\n1x limpador de espuma 150x18x2,5mm<br \/>\n1x fundo fotogr\u00e1fico - deserto - 20\u00d710<\/p>\n<p>&nbsp;<\/p>\n<p><strong>Descri\u00e7\u00e3o:<\/strong><br \/>\nEste Starter Set Desert \u00e9 adequado para todas as esp\u00e9cies do g\u00e9nero Messor que vivem em desertos, estepes ou climas mediterr\u00e2nicos. Uma das duas quintas destina-se a armazenar as sementes e o p\u00e3o de formiga e deve, por isso, ser mantida completamente seca para evitar que as sementes\/gr\u00e3os a\u00ed armazenados pelas formigas germinem ou fiquem bolorentos.<\/p>\n<p>Na quinta totalmente transparente (ninho), o \"substrato - deserto\" \u00e9 utilizado para encher a quinta. Se necess\u00e1rio, podem ser ligados m\u00f3dulos adicionais atrav\u00e9s dos orif\u00edcios de 50 mm na cobertura, por exemplo, os nebulizadores, ventiladores ou luzes dispon\u00edveis separadamente. Em alternativa, est\u00e3o inclu\u00eddos tamp\u00f5es de formic\u00e1rio adequados para fechar as aberturas. Se desejar, o formic\u00e1rio tamb\u00e9m pode ser operado aberto, bastando colocar a estrutura amov\u00edvel no topo e aplicar o \u00f3leo de prote\u00e7\u00e3o contra a fuga de formigas na borda. O \"bebedouro transparente de 20 ml - esponja\" destina-se a \u00e1gua, o \"doseador de alimentos de 2 ml - dose\u00e1vel\" destina-se a alimentos em gr\u00e3o.<\/p>\n<p><strong>Importante:<\/strong> Humede\u00e7a o substrato antes de o utilizar, para que a mistura possa aderir e desenvolver uma fixa\u00e7\u00e3o firme no formigueiro. Al\u00e9m disso, se o substrato estiver demasiado seco e poeirento, as vias respirat\u00f3rias das formigas podem ficar bloqueadas e, no pior dos casos, os animais podem sufocar.<\/p>\n<p><strong>Recomenda\u00e7\u00e3o:<\/strong> Recomendamos uma camada de substrato de 2 mm de altura, para que os animais n\u00e3o possam enterrar-se na arena e, em vez disso, utilizar a quinta fornecida para o efeito. Recomendamos tamb\u00e9m que o material de nidifica\u00e7\u00e3o na fazenda (areia\/argila, Digfix, etc.) seja picado levemente em um s\u00f3 lugar para facilitar a escava\u00e7\u00e3o dos animais.<\/p>\n<p><strong>Notas sobre a produ\u00e7\u00e3o<\/strong><br \/>\nO vidro \u00e9 cortado \u00e0 medida, de acordo com a norma DIN 1249, com uma toler\u00e2ncia de +\/- 1 mm. Para esp\u00e9cies de formigas extremamente pequenas, \u00e9 essencial uma prote\u00e7\u00e3o adicional contra a fuga.<\/p>\n<p><strong>Notas sobre a fazenda<\/strong><br \/>\nAo anexar ou remover mangueiras, por favor note o seguinte:<br \/>\nSe o tubo for muito dif\u00edcil de encaixar na tomada de liga\u00e7\u00e3o, a tomada deve ser ligeiramente esfregada com uma gota do nosso \u00f3leo ou p\u00f3 de prote\u00e7\u00e3o contra fugas. O tubo deve ent\u00e3o ser empurrado para a tomada com movimentos de tor\u00e7\u00e3o ou de aparafusamento, sem for\u00e7ar a tomada com movimentos para cima e para baixo. O mesmo se aplica \u00e0 remo\u00e7\u00e3o das mangueiras da tomada de liga\u00e7\u00e3o agr\u00edcola. Por favor, n\u00e3o a puxe simplesmente!<\/p>\n<p><strong>Notas sobre o Cricket Jam:<\/strong><br \/>\nOs nossos grilos escaldados s\u00e3o uma forma f\u00e1cil de fornecer \u00e0s suas formigas alimentos proteicos acabados de conservar sem ter de alimentar insectos vivos. Os grilos contidos (Acheta domesticus) foram suavemente branqueados para garantir que os valores nutricionais, o sabor e o aroma s\u00e3o mantidos. Al\u00e9m disso, a casca quitinosa dos insectos \u00e9 amolecida desta forma, para que possa ser digerida mais facilmente. As liga\u00e7\u00f5es das prote\u00ednas de colag\u00e9nio s\u00e3o quebradas para que as formigas as possam utilizar melhor. A Acheta domesticus enlatada tem o mesmo valor nutricional que os grilos vivos, mas \u00e9 mais f\u00e1cil de digerir.<\/p>\n<p>O Cricket Jam n\u00e3o \u00e9 adequado para ca\u00e7ar esp\u00e9cies de formigas que necessitam de alimento vivo (por exemplo, ponerinas (formigas grandes) como Harpegnathos ou Odontomachus)<\/p>\n<p><strong>Outras vantagens:<\/strong><br \/>\nGarantia de aus\u00eancia de \u00e1caros<br \/>\nPode ser doseado e dilu\u00eddo em \u00e1gua<br \/>\nEsterilizado e embalado em v\u00e1cuo<br \/>\nSem aditivos<br \/>\nGrilos de cria\u00e7\u00e3o sustent\u00e1vel puramente org\u00e2nica, alimentados com res\u00edduos org\u00e2nicos<\/p>\n<p><strong>Nota:<\/strong><br \/>\nPode ser conservado no frigor\u00edfico durante cerca de quatro dias ap\u00f3s a abertura. A dura\u00e7\u00e3o de conserva\u00e7\u00e3o \u00e9 mais longa se for congelado.<br \/>\nAten\u00e7\u00e3o: Primeiro a por\u00e7\u00e3o, depois o congelamento.<\/p>","protected":false},"excerpt":{"rendered":"<p>O conjunto \u00e9 composto por 38 pe\u00e7as<\/p>\n<p>Tamanho: <strong>M<\/strong><\/p>","protected":false},"featured_media":7134,"comment_status":"open","ping_status":"closed","template":"","meta":{"_acf_changed":false,"content-type":"","_monsterinsights_skip_tracking":false,"_monsterinsights_sitenote_active":false,"_monsterinsights_sitenote_note":"","_monsterinsights_sitenote_category":0},"product_brand":[],"product_cat":[355,353,73],"product_tag":[],"class_list":{"0":"post-6562","1":"product","2":"type-product","3":"status-publish","4":"has-post-thumbnail","6":"product_cat-bundle-offers","7":"product_cat-starter-sets-for-harvester-ants","8":"product_cat-starter-sets","10":"first","11":"instock","12":"taxable","13":"shipping-taxable","14":"purchasable","15":"product-type-simple"},"acf":[],"aioseo_notices":[],"jetpack_sharing_enabled":true,"_links":{"self":[{"href":"https:\/\/antcube.shop\/pt\/wp-json\/wp\/v2\/product\/6562","targetHints":{"allow":["GET"]}}],"collection":[{"href":"https:\/\/antcube.shop\/pt\/wp-json\/wp\/v2\/product"}],"about":[{"href":"https:\/\/antcube.shop\/pt\/wp-json\/wp\/v2\/types\/product"}],"replies":[{"embeddable":true,"href":"https:\/\/antcube.shop\/pt\/wp-json\/wp\/v2\/comments?post=6562"}],"wp:featuredmedia":[{"embeddable":true,"href":"https:\/\/antcube.shop\/pt\/wp-json\/wp\/v2\/media\/7134"}],"wp:attachment":[{"href":"https:\/\/antcube.shop\/pt\/wp-json\/wp\/v2\/media?parent=6562"}],"wp:term":[{"taxonomy":"product_brand","embeddable":true,"href":"https:\/\/antcube.shop\/pt\/wp-json\/wp\/v2\/product_brand?post=6562"},{"taxonomy":"product_cat","embeddable":true,"href":"https:\/\/antcube.shop\/pt\/wp-json\/wp\/v2\/product_cat?post=6562"},{"taxonomy":"product_tag","embeddable":true,"href":"https:\/\/antcube.shop\/pt\/wp-json\/wp\/v2\/product_tag?post=6562"}],"curies":[{"name":"wp","href":"https:\/\/api.w.org\/{rel}","templated":true}]}}