{"id":6561,"date":"2023-12-04T11:33:36","date_gmt":"2023-12-04T10:33:36","guid":{"rendered":"https:\/\/antcube.shop\/product\/bundle-offer-camponotus-barbaricus\/"},"modified":"2026-03-30T10:28:01","modified_gmt":"2026-03-30T08:28:01","slug":"oferta-conjunta-camponotus-barbaricus","status":"publish","type":"product","link":"https:\/\/antcube.shop\/pt\/produto\/oferta-conjunta-camponotus-barbaricus\/","title":{"rendered":"Oferta de pacote - Camponotus barbaricus"},"content":{"rendered":"<p><span data-text-color=\"secondary\"><strong>Pacote que inclui uma col\u00f3nia de formigas Camponotus barbaricus (rainha com 5-10 oper\u00e1rias + ninhada), um conjunto inicial Habitat Desert L com 2x almofadas de formic\u00e1rio, um frasco dos nossos grilos inteiros escaldados especiais (prote\u00edna h\u00famida) e um pacote de recarga de mistura de melada 10ml<\/strong><\/span><\/p>\n<p><span data-text-color=\"alert\"><strong>Apenas enquanto durarem os stocks.<\/strong><\/span><\/p>\n<p><strong>Tudo o que \u00e9 necess\u00e1rio para uma col\u00f3nia de formigas Camponotus barbaricus<\/strong><br \/>\nEste pacote cont\u00e9m tudo o que \u00e9 necess\u00e1rio para conseguir criar uma col\u00f3nia de Camponotus barbaricus durante os primeiros meses. \u00c9 flexivelmente expans\u00edvel e explicitamente adequado para principiantes na cria\u00e7\u00e3o de formigas.<\/p>\n<p><strong>Esp\u00e9cie de formiga Camponotus barbaricus<\/strong><br \/>\nA Camponotus barbaricus \u00e9 uma das maiores esp\u00e9cies de formigas da Europa. Encontram-se em Portugal, Espanha, Sic\u00edlia e fora da Europa em Marrocos, Arg\u00e9lia, Tun\u00edsia e L\u00edbia. As suas col\u00f3nias s\u00e3o monog\u00ednicas (apenas uma rainha por col\u00f3nia) e, tal como a maioria das esp\u00e9cies de Camponotus, \u00e9 uma esp\u00e9cie de formiga altamente polim\u00f3rfica (formando as chamadas castas, ou seja, oper\u00e1rias mais pequenas e oper\u00e1rias maiores).<\/p>\n<p>Na natureza, podem formar col\u00f3nias de v\u00e1rios 10.000 indiv\u00edduos. O Camponotus barbaricus defende agressivamente o seu ninho e o seu terreno de ca\u00e7a e \u00e9 muito bem sucedido devido ao seu tamanho. As majors (a maior casta de oper\u00e1rias) atingem um tamanho de cerca de 17 mm.<\/p>\n<p><strong>Ninho para Camponotus barbaricus<\/strong><br \/>\nO Camponotus barbaricus prefere nidificar em solos arenosos. Ao contr\u00e1rio da maioria das esp\u00e9cies de Camponotus, raramente s\u00e3o encontrados em madeira podre. O Desert Starter Set inclu\u00eddo no pacote est\u00e1, portanto, perfeitamente adaptado \u00e0s necessidades desta esp\u00e9cie.<\/p>\n<p><strong>Alimentos para Camponotus barbaricus<\/strong><br \/>\nNa natureza, a Camponotus barbaricus alimenta-se principalmente de insectos e melada. Por esta raz\u00e3o, inclu\u00edmos neste pacote os nossos grilos escaldados como alimento proteico e a nossa mistura de melada, para que possa oferecer \u00e0s suas formigas uma dieta t\u00e3o adequada quanto poss\u00edvel \u00e0 esp\u00e9cie.<\/p>\n<p><strong>As condi\u00e7\u00f5es clim\u00e1ticas \u00f3ptimas para Camponotus barbaricus s\u00e3o as seguintes<\/strong><br \/>\n<strong>Humidade:<\/strong><br \/>\nArena: 30 - 50% \u00c1rea do ninho: 50 - 60%<br \/>\n<strong>Temperatura:<\/strong><br \/>\nArena: 18 - 28\u00b0C \u00c1rea do ninho: 21 - 26\u00b0C<\/p>\n<p><strong>Conte\u00fado:<\/strong><\/p>\n<p>1x Camponotus barbaricus (rainha com 1-4 oper\u00e1rias + ninhada)<br \/>\n1x Cricket Jam 25g<br \/>\n1x Honeydew mix (HT) - embalagem de recarga 10ml<br \/>\n1x Base de formic\u00e1rio - 20x20cm<br \/>\n1x Base de formic\u00e1rio - 20x6cm<\/p>\n<p>1x ANTCUBE - arena 20x20x10 - plano<br \/>\n1x arma\u00e7\u00e3o de arena de formigas 20\u00d720<br \/>\n1x cobertura de arena de formigas 20\u00d720<br \/>\n4x ponto de fixa\u00e7\u00e3o para cobertura de arena<br \/>\n1x ANTCUBE - Ant farm - L - 20\u00d720 - vertical<\/p>\n<p>1x tubo de 0,5m transparente 20\/16 mm<br \/>\n1x ANTCUBE - Folha vermelha 20\u00d720 - filtro<br \/>\n1x clips adesivos - transparentes 2 pcs.<br \/>\n1x substrato - deserto - 1kg<br \/>\n1x Gr\u00e2nulos de Formicarium 200ml - bege<\/p>\n<p>2x Grid insert acrylic &#8211; 50 mm with sealing ring<br \/>\n1x Grid insert acrylic &#8211; 27 mm with sealing ring<br \/>\n1x tampa da grelha - 16mm - a\u00e7o inoxid\u00e1vel<\/p>\n<p>1x conetor para mangueira de dep\u00f3sito 27-14,16,20 mm - transparente<br \/>\n1x Foil thermometer &#8211; farm<br \/>\n1x Foil thermometer Display<br \/>\n1x drinking clear 5ml &#8211; sponge<br \/>\n1x Feeding dish white rectangle &#8211; 3 compartments<br \/>\n1x Drinking trough 2ml &#8211; 360 Degrees<br \/>\n1x \u00d3leo de protec\u00e7\u00e3o contra a fuga de formigas 10ml<br \/>\n1x Pin\u00e7a a\u00e7o mola - larga - macia<br \/>\n1x Pin\u00e7a de pl\u00e1stico transparente<br \/>\n1 pipetas de pl\u00e1stico 3ml<br \/>\n1x lupa de m\u00e3o - 2x - 30mm<br \/>\n1x limpador de espuma 150x18x2,5mm<br \/>\n1x fundo fotogr\u00e1fico - deserto - 20\u00d710<\/p>\n<p><strong>Descri\u00e7\u00e3o:<\/strong><br \/>\nEste conjunto inicial de deserto \u00e9 adequado para todas as esp\u00e9cies de formigas que vivem em desertos, estepes ou clima mediterr\u00e2neo.<\/p>\n<p>Na quinta totalmente transparente (ninho), o \"Soil - Desert\" \u00e9 utilizado para encher a quinta. Se necess\u00e1rio, podem ser ligados m\u00f3dulos adicionais atrav\u00e9s dos orif\u00edcios de 50 mm na cobertura, por exemplo, os nebulizadores, ventiladores ou luzes dispon\u00edveis separadamente. Em alternativa, est\u00e3o inclu\u00eddos tamp\u00f5es de formic\u00e1rio adequados para fechar as aberturas. Se desejado, o formic\u00e1rio tamb\u00e9m pode ser operado aberto, bastando fixar a estrutura amov\u00edvel e aplicar o \u00f3leo de prote\u00e7\u00e3o contra a fuga de formigas na borda. O \"Drinker 2ml - 360 graus\" destina-se \u00e0 mistura de melada, o \"Drinker clear 20ml - esponja\" \u00e0 \u00e1gua e o \"Bowl clear 1\u00d720 - esponja\" ao alimento proteico. O \"Mini termo-higr\u00f3metro anal\u00f3gico - visor - suspenso\" pode ser fixado na estrutura ou na cobertura e apresenta os valores clim\u00e1ticos.<\/p>\n<p><strong>Importante:<\/strong> Humede\u00e7a o substrato antes de o utilizar para que a mistura se possa ligar e desenvolver uma fixa\u00e7\u00e3o firme no formigueiro. Al\u00e9m disso, se o substrato estiver demasiado seco e poeirento, as vias respirat\u00f3rias das formigas podem ficar bloqueadas e, no pior dos casos, os animais podem sufocar.<\/p>\n<p><strong>Recomenda\u00e7\u00e3o:<\/strong> Recomendamos uma camada de substrato de 2 mm de altura, para que os animais n\u00e3o possam enterrar-se na arena e, em vez disso, utilizar a quinta fornecida para o efeito. Recomendamos tamb\u00e9m que o material de nidifica\u00e7\u00e3o na fazenda (areia\/argila, Digfix, etc.) seja picado levemente em um s\u00f3 lugar para facilitar a escava\u00e7\u00e3o dos animais.<\/p>\n<p><strong>Notas sobre a produ\u00e7\u00e3o<\/strong><br \/>\nO vidro \u00e9 cortado \u00e0 medida, de acordo com a norma DIN 1249, com uma toler\u00e2ncia de +\/- 1 mm. Para esp\u00e9cies de formigas extremamente pequenas, \u00e9 essencial uma prote\u00e7\u00e3o adicional contra a fuga.<\/p>\n<p><strong>Notas sobre a fazenda<\/strong><br \/>\nAo anexar ou remover mangueiras, por favor note o seguinte:<br \/>\nSe o tubo for muito dif\u00edcil de encaixar na tomada de liga\u00e7\u00e3o, a tomada deve ser ligeiramente esfregada com uma gota do nosso \u00f3leo ou p\u00f3 de prote\u00e7\u00e3o contra fugas. O tubo deve ent\u00e3o ser empurrado para a tomada com movimentos de tor\u00e7\u00e3o ou de aparafusamento, sem for\u00e7ar a tomada com movimentos para cima e para baixo. O mesmo se aplica \u00e0 remo\u00e7\u00e3o das mangueiras da tomada de liga\u00e7\u00e3o agr\u00edcola. Por favor, n\u00e3o a puxe simplesmente!<\/p>\n<p><strong>Instru\u00e7\u00f5es:<\/strong> (Vers\u00e3o 2023, a vers\u00e3o actualizada para 2024 estar\u00e1 dispon\u00edvel, o mais tardar, em 04\/2024)<\/p>\n<p>- DE <a href=\"https:\/\/www.antstore.net\/shop\/images\/info\/de\/Gebrauchsanweisung%20Starter%20Set%20Habitat.pdf\">Gebrauchsanweisung Starter Set Habitat<\/a> (PDF 3,21 MB)<\/p>\n<p>- PT <a href=\"https:\/\/www.antstore.net\/shop\/images\/info\/en\/Instructions%20for%20use%20-%20Starter%20Set%20Habitat.pdf\">Instru\u00e7\u00f5es de utiliza\u00e7\u00e3o - Starter Set Habitat<\/a> (PDF 3,21 MB)<\/p>\n<p>- ES <a href=\"https:\/\/www.antstore.net\/shop\/images\/info\/es\/Manual%20de%20instrucciones%20-%20Set%20de%20inicio%20H%C3%A1bitat.pdf\">Manual de instru\u00e7\u00f5es - Set de inicio H\u00e1bitat<\/a> (PDF 3,21 MB)<\/p>\n<p>- FR <a href=\"https:\/\/www.antstore.net\/shop\/images\/info\/fr\/Manuel%20d'instruction%20-%20Kit%20de%20d%C3%A9marrage%20Habitat.pdf\">Manuel d'instruction - Kit de d\u00e9marrage Habitat<\/a> (PDF 3,21 MB)<\/p>\n<p><strong>Nota sobre o melado:<\/strong><br \/>\nConte\u00fado: 10 ml<br \/>\nEste \u00e9 um produto natural, que aperfei\u00e7o\u00e1mos ap\u00f3s extensos testes no nosso laborat\u00f3rio e desenvolvemos para ser um alimento muito bem aceite pelas formigas. A raz\u00e3o \u00e9 que o mel de melada n\u00e3o processado na sua forma original concentrada n\u00e3o \u00e9 bem aceite pelas formigas e o seu metabolismo.<br \/>\nO nosso melada foi recolhido nas florestas selvagens e n\u00e3o polu\u00eddas das montanhas da Bulg\u00e1ria. O melado s\u00f3 \u00e9 produzido durante um per\u00edodo muito limitado, cerca de dois meses no ver\u00e3o. Por conseguinte, \u00e9 muito raro. Devido \u00e0s caracter\u00edsticas espec\u00edficas do solo das florestas e do clima, os nutrientes essenciais s\u00e3o armazenados nas folhas das \u00e1rvores, que s\u00e3o absorvidos pelos pulg\u00f5es. \u00c9 isto que torna esta mistura de melada t\u00e3o apetec\u00edvel para as formigas.<\/p>\n<p><strong>Aplica\u00e7\u00e3o:<\/strong><br \/>\nA quantidade de alimentos deve ser consumida no prazo de cerca de 3 dias.<\/p>\n<p><strong>Descri\u00e7\u00e3o:<\/strong><br \/>\nA melada, ao contr\u00e1rio do mel das flores, \u00e9 obtida a partir das secre\u00e7\u00f5es de insectos que sugam as plantas, como os pulg\u00f5es. A melada \u00e9 uma fonte de alimenta\u00e7\u00e3o popular para muitos insectos, como as formigas, as abelhas e os zang\u00f5es. As abelhas e os zang\u00f5es lambem-no das folhas ou agulhas de v\u00e1rias \u00e1rvores. As formigas, como a Lasius niger, guardam literalmente os af\u00eddeos. Defendem-nos mesmo contra os predadores e transportam-nos para os rebentos frescos.<\/p>\n<p>O melado \u00e9 particularmente popular entre as formigas devido aos seus componentes algo diferentes. Os principais a\u00e7\u00facares do melado s\u00e3o a sacarose e a frutose, mas tamb\u00e9m se encontram pequenas quantidades de maltose, trealose, melezitose, rafinose e outros oligossac\u00e1ridos. Para al\u00e9m do a\u00e7\u00facar e da \u00e1gua, o melado cont\u00e9m tamb\u00e9m amino\u00e1cidos essenciais, minerais, oligoelementos, adenosinas, fosfatos e outros ingredientes como as vitaminas.<\/p>\n<p><strong>Utiliza\u00e7\u00e3o:<\/strong><br \/>\nPara esp\u00e9cies de formigas comedoras de mel (Meliphagidae)<br \/>\nTrata-se de um alimento complementar<br \/>\nPode ser oferecida aos animais como fornecida. Uma vez que a concentra\u00e7\u00e3o de a\u00e7\u00facar \u00e9 reduzida pela humidade e se inicia um processo de fermenta\u00e7\u00e3o, os alimentos deveriam ser substitu\u00eddos de 3 em 3 dias. Limpar bem o comedouro\/tubo antes de o voltar a utilizar.<br \/>\nDepois de aberta, a embalagem deve ser mantida bem fechada at\u00e9 ao fim do prazo de validade.<\/p>\n<p><strong>Informa\u00e7\u00e3o nutricional por 100 g:<\/strong><br \/>\naprox. 2,7 % gorduras<br \/>\ndos quais cerca de 0,45 % saturados<br \/>\ncerca de 95 hidratos de carbono %<br \/>\ndos quais cerca de 71<br \/>\naprox. 2.85% prote\u00edna<br \/>\nMinerais (pot\u00e1ssio, c\u00e1lcio, cobre, ferro, s\u00f3dio, magn\u00e9sio, f\u00f3sforo, zinco e outros oligoelementos) Amino\u00e1cidos (prolina, leucina, fenilalanina, alanina, histidina, isoleucina, \u00e1cido glut\u00e2mico, arginina, \u00e1cido asp\u00e1rtico, etc.) \u00c1cidos org\u00e2nicos Enzimas (fermentos)Aromas Inibidores (subst\u00e2ncias antibacterianas) Flores P\u00f3len<\/p>\n<p><strong>Armazenamento:<\/strong><br \/>\nPara garantir a qualidade dos alimentos para animais, estes devem ser armazenados num local escuro e seco.<\/p>\n<p><strong>Nota:<\/strong><br \/>\nInforma\u00e7\u00f5es sobre a utiliza\u00e7\u00e3o de tubos de alimenta\u00e7\u00e3o podem ser encontradas aqui: Liga\u00e7\u00e3o<br \/>\nAlimento suplementar para formigas comedoras de mel.<br \/>\nConsultar a bula para saber a composi\u00e7\u00e3o, os ingredientes anal\u00edticos, a data de validade e o n\u00famero do lote.<\/p>\n<p>Linha direta de informa\u00e7\u00f5es +49 30 439703870<\/p>\n<p>Inspec\u00e7\u00e3o veterin\u00e1ria e alimentar respons\u00e1vel:<br \/>\nEscrit\u00f3rio Veterin\u00e1rio Steglitz<br \/>\nK\u00f6nigin-Luise-Str. 92<br \/>\n14195 Berlim<\/p>\n<p><strong>Nota sobre os grilos escaldados:<\/strong><br \/>\nOs nossos grilos escaldados s\u00e3o uma forma f\u00e1cil de fornecer \u00e0s suas formigas alimentos proteicos acabados de conservar sem ter de alimentar insectos vivos. Os grilos contidos (Acheta domesticus) foram suavemente branqueados para garantir que os valores nutricionais, o sabor e o aroma s\u00e3o mantidos. Al\u00e9m disso, a casca quitinosa dos insectos \u00e9 amolecida desta forma, para que possa ser digerida mais facilmente. As liga\u00e7\u00f5es das prote\u00ednas de colag\u00e9nio s\u00e3o quebradas para que as formigas as possam utilizar melhor. A Acheta domesticus enlatada tem o mesmo valor nutricional que os grilos vivos, mas \u00e9 mais f\u00e1cil de digerir.<\/p>\n<p>Os grilos escaldados n\u00e3o s\u00e3o adequados para a ca\u00e7a de esp\u00e9cies de formigas que necessitam de alimento vivo (por exemplo, ponerinas (formigas grandes) como Harpegnathos ou Odontomachus)<\/p>\n<p><strong>Outras vantagens:<\/strong><br \/>\nGarantia de aus\u00eancia de \u00e1caros<br \/>\nPode ser doseado<br \/>\nEsterilizado e aspirado<br \/>\nSem aditivos<br \/>\nGrilos de cria\u00e7\u00e3o sustent\u00e1vel puramente org\u00e2nica, alimentados com res\u00edduos org\u00e2nicos<\/p>\n<p><strong>Aten\u00e7\u00e3o:<\/strong><br \/>\nPode ser conservado no frigor\u00edfico durante cerca de quatro dias ap\u00f3s a abertura. A dura\u00e7\u00e3o de conserva\u00e7\u00e3o \u00e9 mais longa se for congelado.<\/p>","protected":false},"excerpt":{"rendered":"<p>O conjunto \u00e9 composto por 34 pe\u00e7as<\/p>\n<p>Tamanho: <span style=\"color: #0000ff;\"><strong>L<\/strong><\/span><\/p>","protected":false},"featured_media":7132,"comment_status":"open","ping_status":"closed","template":"","meta":{"_acf_changed":false,"content-type":"","_monsterinsights_skip_tracking":false,"_monsterinsights_sitenote_active":false,"_monsterinsights_sitenote_note":"","_monsterinsights_sitenote_category":0},"product_brand":[],"product_cat":[355,73,74],"product_tag":[],"class_list":{"0":"post-6561","1":"product","2":"type-product","3":"status-publish","4":"has-post-thumbnail","6":"product_cat-bundle-offers","7":"product_cat-starter-sets","8":"product_cat-starter-sets-habitat","10":"first","11":"instock","12":"taxable","13":"shipping-taxable","14":"purchasable","15":"product-type-simple"},"acf":[],"aioseo_notices":[],"jetpack_sharing_enabled":true,"_links":{"self":[{"href":"https:\/\/antcube.shop\/pt\/wp-json\/wp\/v2\/product\/6561","targetHints":{"allow":["GET"]}}],"collection":[{"href":"https:\/\/antcube.shop\/pt\/wp-json\/wp\/v2\/product"}],"about":[{"href":"https:\/\/antcube.shop\/pt\/wp-json\/wp\/v2\/types\/product"}],"replies":[{"embeddable":true,"href":"https:\/\/antcube.shop\/pt\/wp-json\/wp\/v2\/comments?post=6561"}],"wp:featuredmedia":[{"embeddable":true,"href":"https:\/\/antcube.shop\/pt\/wp-json\/wp\/v2\/media\/7132"}],"wp:attachment":[{"href":"https:\/\/antcube.shop\/pt\/wp-json\/wp\/v2\/media?parent=6561"}],"wp:term":[{"taxonomy":"product_brand","embeddable":true,"href":"https:\/\/antcube.shop\/pt\/wp-json\/wp\/v2\/product_brand?post=6561"},{"taxonomy":"product_cat","embeddable":true,"href":"https:\/\/antcube.shop\/pt\/wp-json\/wp\/v2\/product_cat?post=6561"},{"taxonomy":"product_tag","embeddable":true,"href":"https:\/\/antcube.shop\/pt\/wp-json\/wp\/v2\/product_tag?post=6561"}],"curies":[{"name":"wp","href":"https:\/\/api.w.org\/{rel}","templated":true}]}}