{"id":6557,"date":"2023-12-04T11:33:10","date_gmt":"2023-12-04T10:33:10","guid":{"rendered":"https:\/\/antcube.shop\/product\/heizmatte-13x10cm-3w\/"},"modified":"2026-04-14T09:35:30","modified_gmt":"2026-04-14T07:35:30","slug":"tapete-de-aquecimento-13x10cm-3w","status":"publish","type":"product","link":"https:\/\/antcube.shop\/pt\/produto\/tapete-de-aquecimento-13x10cm-3w\/","title":{"rendered":"Tapete de aquecimento 13x10cm - 3W"},"content":{"rendered":"<p><strong>Dimens\u00f5es:<\/strong> 10 x 12,5 cm<br \/>\n<strong>Pot\u00eancia:<\/strong> 3 watts<br \/>\n<strong>Temperatura da superf\u00edcie:<\/strong> 28-32 \u00b0C<\/p>\n<p><strong>Descri\u00e7\u00e3o:<\/strong> Tapete de aquecimento para o formic\u00e1rio - particularmente adequado para esp\u00e9cies de pa\u00edses mais quentes. Os tapetes de aquecimento emitem calor radiante por infravermelhos, semelhante aos aquecedores radiantes de cer\u00e2mica. Os raios aquecem objectos e animais sem aumentar significativamente a temperatura do ar. Por conseguinte, s\u00e3o ideais para proporcionar locais para \"banhos de sol\". Qualquer gradiente de temperatura necess\u00e1rio no formic\u00e1rio pode assim ser melhor alcan\u00e7ado e controlado. Estes tapetes de aquecimento s\u00e3o autocolantes e podem, portanto, ser facilmente fixados ao formic\u00e1rio.<\/p>\n<p><strong>Nota:<\/strong> Nunca coloque elementos de aquecimento diretamente sob um formic\u00e1rio, deve sempre assegurar-se que o calor pode ser dissipado para evitar a acumula\u00e7\u00e3o de calor ou danos no formic\u00e1rio.<\/p>","protected":false},"excerpt":{"rendered":"<p><strong>Dimens\u00f5es:<\/strong> 10 x 12,5 cm \/ Ficha Euro para 230 volts<\/p>","protected":false},"featured_media":6619,"comment_status":"open","ping_status":"closed","template":"","meta":{"_acf_changed":false,"content-type":"","_monsterinsights_skip_tracking":false,"_monsterinsights_sitenote_active":false,"_monsterinsights_sitenote_note":"","_monsterinsights_sitenote_category":0},"product_brand":[],"product_cat":[359,119],"product_tag":[],"class_list":{"0":"post-6557","1":"product","2":"type-product","3":"status-publish","4":"has-post-thumbnail","6":"product_cat-light-heat-humidity","7":"product_cat-formicarium-components","9":"first","10":"instock","11":"taxable","12":"shipping-taxable","13":"purchasable","14":"product-type-simple"},"acf":[],"aioseo_notices":[],"jetpack_sharing_enabled":true,"_links":{"self":[{"href":"https:\/\/antcube.shop\/pt\/wp-json\/wp\/v2\/product\/6557","targetHints":{"allow":["GET"]}}],"collection":[{"href":"https:\/\/antcube.shop\/pt\/wp-json\/wp\/v2\/product"}],"about":[{"href":"https:\/\/antcube.shop\/pt\/wp-json\/wp\/v2\/types\/product"}],"replies":[{"embeddable":true,"href":"https:\/\/antcube.shop\/pt\/wp-json\/wp\/v2\/comments?post=6557"}],"wp:featuredmedia":[{"embeddable":true,"href":"https:\/\/antcube.shop\/pt\/wp-json\/wp\/v2\/media\/6619"}],"wp:attachment":[{"href":"https:\/\/antcube.shop\/pt\/wp-json\/wp\/v2\/media?parent=6557"}],"wp:term":[{"taxonomy":"product_brand","embeddable":true,"href":"https:\/\/antcube.shop\/pt\/wp-json\/wp\/v2\/product_brand?post=6557"},{"taxonomy":"product_cat","embeddable":true,"href":"https:\/\/antcube.shop\/pt\/wp-json\/wp\/v2\/product_cat?post=6557"},{"taxonomy":"product_tag","embeddable":true,"href":"https:\/\/antcube.shop\/pt\/wp-json\/wp\/v2\/product_tag?post=6557"}],"curies":[{"name":"wp","href":"https:\/\/api.w.org\/{rel}","templated":true}]}}