{"id":6555,"date":"2023-12-04T11:27:26","date_gmt":"2023-12-04T10:27:26","guid":{"rendered":"https:\/\/antcube.shop\/product\/ameisenarena-lampenfassung-e27\/"},"modified":"2026-03-31T09:51:44","modified_gmt":"2026-03-31T07:51:44","slug":"soquete-para-lampada-ant-arena-e27","status":"publish","type":"product","link":"https:\/\/antcube.shop\/pt\/produto\/soquete-para-lampada-ant-arena-e27\/","title":{"rendered":"Ant Arena - Casquilho de l\u00e2mpada - E27"},"content":{"rendered":"<p><strong>Conte\u00fado:<\/strong><br \/>\n- Suporte de l\u00e2mpada em pl\u00e1stico E27 com cabo de alimenta\u00e7\u00e3o e interrutor<br \/>\n- anel acr\u00edlico transparente para fixa\u00e7\u00e3o em orif\u00edcios de 50 mm<\/p>\n<p><strong>Material:<\/strong> tomada (pl\u00e1stico); suporte (pl\u00e1stico); cabo (cobre com bainha de pl\u00e1stico); anel PMMA (para fixa\u00e7\u00e3o em orif\u00edcios de 50 mm)<\/p>\n<p><strong>Cor:<\/strong> cinzento claro<\/p>\n<p><strong>Especifica\u00e7\u00f5es t\u00e9cnicas:<\/strong><br \/>\nDimens\u00f5es da tomada: 4,5\u00d74,5\u00d76 cm<br \/>\nComprimento do cabo: 3,5 m<br \/>\nPot\u00eancia: m\u00e1x. 60W<br \/>\nTomada: E27<\/p>\n<p><strong>ATEN\u00c7\u00c3O: <\/strong>Quando utilizado com as nossas coberturas h\u00edbridas e com as arma\u00e7\u00f5es Arena de 5 cm de largura, este suporte para l\u00e2mpadas n\u00e3o se adapta. Para uma cobertura h\u00edbrida, \u00e9 necess\u00e1ria uma moldura com 3 cm de largura.<\/p>\n<p><strong>Descri\u00e7\u00e3o:<\/strong><br \/>\nPara iluminar um formigueiro, esta tomada pode ser ligada diretamente \u00e0 tampa do formigueiro.<\/p>\n<p>&nbsp;<\/p>","protected":false},"excerpt":{"rendered":"<p>Conte\u00fado: - casquilho de pl\u00e1stico E27 com cabo de alimenta\u00e7\u00e3o e interrutor - anel acr\u00edlico transparente para fixa\u00e7\u00e3o em orif\u00edcios de 50 mm Material: casquilho (pl\u00e1stico); casquilho (pl\u00e1stico); cabo (cobre com bainha de pl\u00e1stico); anel PMMA (para fixa\u00e7\u00e3o em orif\u00edcios de 50 mm) Cor: cinzento claro Especifica\u00e7\u00f5es t\u00e9cnicas: Dimens\u00f5es da tomada: 4,5\u00d74,5\u00d76 cm Comprimento do cabo: 3,5 m Pot\u00eancia: m\u00e1x. 60W [...]","protected":false},"featured_media":7574,"comment_status":"open","ping_status":"closed","template":"","meta":{"_acf_changed":false,"content-type":"","_monsterinsights_skip_tracking":false,"_monsterinsights_sitenote_active":false,"_monsterinsights_sitenote_note":"","_monsterinsights_sitenote_category":0},"product_brand":[],"product_cat":[359,119],"product_tag":[],"class_list":{"0":"post-6555","1":"product","2":"type-product","3":"status-publish","4":"has-post-thumbnail","6":"product_cat-light-heat-humidity","7":"product_cat-formicarium-components","9":"first","10":"instock","11":"taxable","12":"shipping-taxable","13":"purchasable","14":"product-type-simple"},"acf":[],"aioseo_notices":[],"jetpack_sharing_enabled":true,"_links":{"self":[{"href":"https:\/\/antcube.shop\/pt\/wp-json\/wp\/v2\/product\/6555","targetHints":{"allow":["GET"]}}],"collection":[{"href":"https:\/\/antcube.shop\/pt\/wp-json\/wp\/v2\/product"}],"about":[{"href":"https:\/\/antcube.shop\/pt\/wp-json\/wp\/v2\/types\/product"}],"replies":[{"embeddable":true,"href":"https:\/\/antcube.shop\/pt\/wp-json\/wp\/v2\/comments?post=6555"}],"wp:featuredmedia":[{"embeddable":true,"href":"https:\/\/antcube.shop\/pt\/wp-json\/wp\/v2\/media\/7574"}],"wp:attachment":[{"href":"https:\/\/antcube.shop\/pt\/wp-json\/wp\/v2\/media?parent=6555"}],"wp:term":[{"taxonomy":"product_brand","embeddable":true,"href":"https:\/\/antcube.shop\/pt\/wp-json\/wp\/v2\/product_brand?post=6555"},{"taxonomy":"product_cat","embeddable":true,"href":"https:\/\/antcube.shop\/pt\/wp-json\/wp\/v2\/product_cat?post=6555"},{"taxonomy":"product_tag","embeddable":true,"href":"https:\/\/antcube.shop\/pt\/wp-json\/wp\/v2\/product_tag?post=6555"}],"curies":[{"name":"wp","href":"https:\/\/api.w.org\/{rel}","templated":true}]}}