{"id":6377,"date":"2023-10-06T18:09:26","date_gmt":"2023-10-06T16:09:26","guid":{"rendered":"https:\/\/antcube.shop\/product\/bundle-offer-polyrhachis-dives\/"},"modified":"2026-04-13T09:34:29","modified_gmt":"2026-04-13T07:34:29","slug":"oferta-de-pacotes-de-mergulhos-em-polirraquetas","status":"publish","type":"product","link":"https:\/\/antcube.shop\/pt\/produto\/oferta-de-pacotes-de-mergulhos-em-polirraquetas\/","title":{"rendered":"Oferta de pacote - Mergulhos Polyrhachis"},"content":{"rendered":"<p dir=\"ltr\"><span data-text-color=\"alert\"><strong><span data-text-color=\"secondary\">Pacote de oferta que inclui uma col\u00f3nia de formigas Polyrhachis dives (rainha com 26-50 oper\u00e1rias + ninhada), um conjunto inicial para formigas tecel\u00e3s com 1x base de formic\u00e1rio, 1x arbusto ornamental e 1x bola de ninho como local de nidifica\u00e7\u00e3o e 1x plataforma magn\u00e9tica para facilitar a alimenta\u00e7\u00e3o.<\/span><br \/>\n<\/strong><\/span><\/p>\n<p><span data-text-color=\"alert\"><strong>Apenas enquanto durarem os stocks.<\/strong><\/span><\/p>\n<p><strong>Tudo o que \u00e9 necess\u00e1rio para uma col\u00f3nia de formigas Polyrhachis dives<\/strong><br \/>\nEste pacote cont\u00e9m tudo o que \u00e9 necess\u00e1rio para levar a bom porto uma col\u00f3nia de Polyrhachis dives durante os seus primeiros meses. \u00c9 flexivelmente expans\u00edvel e explicitamente adequado para principiantes na cria\u00e7\u00e3o de formigas.<\/p>\n<p><strong>A esp\u00e9cie de formiga Polyrhachis mergulha:<\/strong><br \/>\nA Polyrhachis dives \u00e9 origin\u00e1ria da \u00c1sia e da Austr\u00e1lia e tem uma \u00e1rea de distribui\u00e7\u00e3o ligeiramente maior. A carater\u00edstica desta esp\u00e9cie \u00e9 a colora\u00e7\u00e3o prateada a dourada no corpo castanho-escuro dos animais. S\u00e3o um pouco mais pequenas do que a Oecophylla, vivem frequentemente perto do solo e gostam de construir os seus ninhos em pedras ou cascas de \u00e1rvores. Utilizam as suas larvas para fiar o ninho, mas de um ponto de vista cient\u00edfico n\u00e3o pertencem \u00e0s \"verdadeiras formigas tecedeiras\" como a Oecophylla, embora utilizem basicamente quase a mesma t\u00e9cnica de tecelagem. As esp\u00e9cies do g\u00e9nero Polyrhachis t\u00eam por vezes col\u00f3nias bastante pequenas, com alguns milhares de animais no m\u00e1ximo. Segundo os relatos, as Polyrhachis dives podem mesmo formar col\u00f3nias com v\u00e1rias centenas de rainhas e at\u00e9 v\u00e1rias centenas de milhares de oper\u00e1rias em condi\u00e7\u00f5es perfeitas. No entanto, n\u00e3o \u00e9 este o caso quando se trata de uma cria\u00e7\u00e3o dom\u00e9stica.<\/p>\n<p>A Polyrhachis dives \u00e9 polig\u00ednica, o que significa que pode ter v\u00e1rias rainhas ao mesmo tempo. Isto significa que o tamanho da col\u00f3nia pode crescer muito rapidamente e que necessita de muita comida e espa\u00e7o. O formic\u00e1rio deve, portanto, ser expans\u00edvel. Devido ao tamanho da sua col\u00f3nia, s\u00e3o bastante \u00e1geis e verdadeiros especialistas em fugas. Por conseguinte, \u00e9 necess\u00e1rio ter cuidado para garantir uma boa prote\u00e7\u00e3o contra as fugas.<\/p>\n<p><strong>Ninho para Polyrhachis dives<\/strong><br \/>\nNo formic\u00e1rio, o Polyrhachis dives aceita quase todos os materiais de constru\u00e7\u00e3o que lhe oferecer. Desde areia, pequenos dejectos de animais ou folhas at\u00e9 \u00e0 corti\u00e7a e peda\u00e7os de madeira e pequenas pedras, eles tecem nos seus ninhos tudo o que a natureza \u00e0 volta da sua casa lhes oferece. H\u00e1 muitos anos que mantemos as nossas col\u00f3nias de Polyrhachis com as chamadas bolas de nidifica\u00e7\u00e3o. Neste conjunto inclu\u00edmos tamb\u00e9m um arbusto ornamental para que a bola de ninho possa ser colocada um pouco acima do solo, como \u00e9 habitual na natureza.<\/p>\n<p><strong>Alimentos para os mergulh\u00f5es Polyrhachis<\/strong><br \/>\nComo alimento, inclu\u00edmos neste conjunto os nossos grilos inteiros escaldados e melada. Ambos s\u00e3o muito bem aceites pelos Polyrhachis dives e apoiam um desenvolvimento natural e positivo da col\u00f3nia devido aos nutrientes contidos.<\/p>\n<p><strong>As condi\u00e7\u00f5es clim\u00e1ticas \u00f3ptimas para os mergulhos com Polyrhachis s\u00e3o as seguintes<\/strong><br \/>\nHumidade:<br \/>\nArena: 50 - 70% \u00c1rea do ninho: 60 - 80%<br \/>\nTemperatura:<br \/>\nArena: Durante o dia: 28 - 30\u00b0C Durante a noite: 24 - 28\u00b0C \u00c1rea do ninho: 28- 30\u00b0C<\/p>\n<p><strong>Conte\u00fado:<\/strong><\/p>\n<p>1x Polyrhachis dives (2 queens + 26-50 workers + brood)<br \/>\n1x bola de ninho natural 10 cm - grossa<br \/>\n1x ANTCUBE plataforma de canto 8\u00d78 - \u00edman<br \/>\n1x arbusto do deserto decorativo 30x15cm - castanho escuro<br \/>\n1x embalagem de recarga de mistura de melada 10ml<br \/>\n1x Cricket Jam 25g<br \/>\n1x Base Formicarium 20\u00d720<\/p>\n<p>1x ANTCUBE - Arena 20x20x40 - Alta<br \/>\n1x arma\u00e7\u00e3o de arena de formigas 20\u00d720<br \/>\n1x cobertura de arena de formigas 20\u00d720<br \/>\n4x ponto de fixa\u00e7\u00e3o para cobertura de arena<\/p>\n<p>1x substrato - floresta tropical - 1 kg<br \/>\n1x mural de fotos - floresta tropical - 20\u00d740 - alto<br \/>\nPulverizador de garrafa 0,5 litro - bico de lat\u00e3o<\/p>\n<p>2x Grid insert acrylic &#8211; 50 mm with sealing ring<br \/>\n2x Grid insert acrylic &#8211; 27 mm with sealing ring<\/p>\n<p>1x pin\u00e7a de a\u00e7o para molas de largura - macia<br \/>\n1x pin\u00e7a de pl\u00e1stico standard<br \/>\n1x Pipeta pl\u00e1stica 3ml<br \/>\n1x \u00d3leo de prote\u00e7\u00e3o contra surtos de formigas 10ml<br \/>\n1x drinking clear 5ml &#8211; sponge<br \/>\n1x Feeding dish white rectangle &#8211; 3 compartments<br \/>\n1x Drinking trough 2ml &#8211; 360 Degrees<br \/>\n1x Lupa de m\u00e3o - 2x - 30mm<br \/>\n1x limpador de espuma 150x18x2,5mm<\/p>\n<p>&nbsp;<\/p>\n<p><strong>Descri\u00e7\u00e3o Conjunto inicial de formigas tecel\u00e3s:<\/strong><br \/>\nEste conjunto inicial expans\u00edvel para v\u00e1rias esp\u00e9cies de formigas tecel\u00e3s, tais como Polyrhachis spec. ou Oecophylla spec. inclui n\u00e3o s\u00f3 o formic\u00e1rio otimamente adaptado, mas tamb\u00e9m os acess\u00f3rios apropriados para manter esta esp\u00e9cie de formiga. Adequado para col\u00f3nias at\u00e9 aprox. 500-1000 animais. Para col\u00f3nias maiores, recomendamos um formic\u00e1rio de 30x30x60cm. O bebedouro \"clear 20ml - esponja\" destina-se \u00e0 \u00e1gua, o bebedouro \"2ml - 360 graus\" \u00e0 mistura de melada.<\/p>\n<p><strong>Importante:<\/strong> Humede\u00e7a o substrato do deserto antes de o utilizar, para que a mistura possa aderir e desenvolver uma fixa\u00e7\u00e3o firme no formigueiro. Al\u00e9m disso, um substrato seco e poeirento pode levar \u00e0 obstru\u00e7\u00e3o das vias respirat\u00f3rias das formigas e, no pior dos casos, \u00e0 asfixia dos animais.<\/p>\n<p><strong>Notas sobre a produ\u00e7\u00e3o<\/strong><br \/>\nO vidro \u00e9 cortado \u00e0 medida, de acordo com a norma DIN 1249, com uma toler\u00e2ncia de +\/- 1 mm. \u00c9 indispens\u00e1vel uma prote\u00e7\u00e3o adicional contra a fuga para esp\u00e9cies de formigas extremamente pequenas.<\/p>\n<p><strong>Nota sobre os grilos escaldados:<\/strong><br \/>\nOs nossos grilos escaldados s\u00e3o uma forma f\u00e1cil de fornecer \u00e0s suas formigas alimentos proteicos acabados de conservar sem ter de alimentar insectos vivos. Os grilos contidos (Acheta domesticus) foram suavemente branqueados para garantir que os valores nutricionais, o sabor e o aroma s\u00e3o mantidos. Al\u00e9m disso, a casca quitinosa dos insectos \u00e9 amolecida desta forma, para que possa ser digerida mais facilmente. As liga\u00e7\u00f5es das prote\u00ednas de colag\u00e9nio s\u00e3o quebradas para que as formigas as possam utilizar melhor. A Acheta domesticus enlatada tem o mesmo valor nutricional que os grilos vivos, mas \u00e9 mais f\u00e1cil de digerir.<\/p>\n<p>Os grilos escaldados n\u00e3o s\u00e3o adequados para a ca\u00e7a de esp\u00e9cies de formigas que necessitam de alimento vivo (por exemplo, ponerinas (formigas grandes) como Harpegnathos ou Odontomachus)<\/p>\n<p>Outras vantagens:<br \/>\nGarantia de aus\u00eancia de \u00e1caros<br \/>\nPode ser doseado<br \/>\nEsterilizado e aspirado<br \/>\nSem aditivos<br \/>\nGrilos de cria\u00e7\u00e3o sustent\u00e1vel puramente org\u00e2nica, alimentados com res\u00edduos org\u00e2nicos<\/p>\n<p><strong>Aten\u00e7\u00e3o:<\/strong><br \/>\nPode ser conservado no frigor\u00edfico durante cerca de quatro dias ap\u00f3s a abertura. A dura\u00e7\u00e3o de conserva\u00e7\u00e3o \u00e9 mais longa se for congelado.<\/p>\n<p><strong>Nota sobre o melado:<\/strong><br \/>\nConte\u00fado: 10 ml<br \/>\nEste \u00e9 um produto natural, que aperfei\u00e7o\u00e1mos ap\u00f3s extensos testes no nosso laborat\u00f3rio e desenvolvemos para ser um alimento muito bem aceite pelas formigas. A raz\u00e3o \u00e9 que o mel de melada n\u00e3o processado na sua forma original concentrada n\u00e3o \u00e9 bem aceite pelas formigas e o seu metabolismo.<br \/>\nO nosso melada foi recolhido nas florestas selvagens e n\u00e3o polu\u00eddas das montanhas da Bulg\u00e1ria. O melado s\u00f3 \u00e9 produzido durante um per\u00edodo muito limitado, cerca de dois meses no ver\u00e3o. Por conseguinte, \u00e9 muito raro. Devido \u00e0s caracter\u00edsticas espec\u00edficas do solo das florestas e do clima, os nutrientes essenciais s\u00e3o armazenados nas folhas das \u00e1rvores, que s\u00e3o absorvidos pelos pulg\u00f5es. \u00c9 isto que torna esta mistura de melada t\u00e3o apetec\u00edvel para as formigas.<\/p>\n<p><strong>Aplica\u00e7\u00e3o:<\/strong><br \/>\nA quantidade de alimentos deve ser consumida no prazo de cerca de 3 dias.<\/p>\n<p><strong>Descri\u00e7\u00e3o:<\/strong><br \/>\nA melada, ao contr\u00e1rio do mel das flores, \u00e9 obtida a partir das secre\u00e7\u00f5es de insectos que sugam as plantas, como os pulg\u00f5es. A melada \u00e9 uma fonte de alimenta\u00e7\u00e3o popular para muitos insectos, como as formigas, as abelhas e os zang\u00f5es. As abelhas e os zang\u00f5es lambem-no das folhas ou agulhas de v\u00e1rias \u00e1rvores. As formigas, como a Lasius niger, guardam literalmente os af\u00eddeos. Defendem-nos mesmo contra os predadores e transportam-nos para os rebentos frescos.<\/p>\n<p>O melado \u00e9 particularmente popular entre as formigas devido aos seus componentes algo diferentes. Os principais a\u00e7\u00facares do melado s\u00e3o a sacarose e a frutose, mas tamb\u00e9m se encontram pequenas quantidades de maltose, trealose, melezitose, rafinose e outros oligossac\u00e1ridos. Para al\u00e9m do a\u00e7\u00facar e da \u00e1gua, o melado cont\u00e9m tamb\u00e9m amino\u00e1cidos essenciais, minerais, oligoelementos, adenosinas, fosfatos e outros ingredientes como as vitaminas.<\/p>\n<p><strong>Utiliza\u00e7\u00e3o:<\/strong><br \/>\nPara esp\u00e9cies de formigas comedoras de mel (Meliphagidae)<br \/>\nTrata-se de um alimento complementar<br \/>\nPode ser oferecida aos animais como fornecida. Uma vez que a concentra\u00e7\u00e3o de a\u00e7\u00facar \u00e9 reduzida pela humidade e se inicia um processo de fermenta\u00e7\u00e3o, os alimentos deveriam ser substitu\u00eddos de 3 em 3 dias. Limpar bem o comedouro\/tubo antes de o voltar a utilizar.<br \/>\nUma vez aberta a embalagem, esta deve ser mantida bem fechada at\u00e9 ao fim do prazo de validade.<br \/>\nInforma\u00e7\u00e3o nutricional por 100 g:<br \/>\naprox. 2,7 % gorduras<br \/>\ndos quais cerca de 0,45 % saturados<br \/>\ncerca de 95 hidratos de carbono %<br \/>\ndos quais cerca de 71<br \/>\naprox. 2.85% prote\u00edna<\/p>\n<p>Minerais (pot\u00e1ssio, c\u00e1lcio, cobre, ferro, s\u00f3dio, magn\u00e9sio, f\u00f3sforo, zinco e outros oligoelementos) Amino\u00e1cidos (prolina, leucina, fenilalanina, alanina, histidina, isoleucina, \u00e1cido glut\u00e2mico, arginina, \u00e1cido asp\u00e1rtico, etc.) \u00c1cidos org\u00e2nicos Enzimas (fermentos)Aromas Inibidores (subst\u00e2ncias antibacterianas) Flores P\u00f3len<\/p>\n<p><strong>Armazenamento:<\/strong><br \/>\nPara garantir a qualidade dos alimentos para animais, estes devem ser armazenados num local escuro e seco.<\/p>\n<p><strong>Nota:<\/strong><br \/>\nInforma\u00e7\u00f5es sobre a utiliza\u00e7\u00e3o de tubos de alimenta\u00e7\u00e3o podem ser encontradas aqui: Liga\u00e7\u00e3o<br \/>\nAlimento suplementar para formigas comedoras de mel.<br \/>\nConsultar a bula para saber a composi\u00e7\u00e3o, os ingredientes anal\u00edticos, a data de validade e o n\u00famero do lote.<\/p>\n<p>Linha direta de informa\u00e7\u00f5es +49 30 439703870<\/p>\n<p>Inspec\u00e7\u00e3o veterin\u00e1ria e alimentar respons\u00e1vel:<br \/>\nEscrit\u00f3rio Veterin\u00e1rio Steglitz<br \/>\nK\u00f6nigin-Luise-Str. 92<br \/>\n14195 Berlim<\/p>\n<p><strong>Descri\u00e7\u00e3o Arbusto ornamental<\/strong><\/p>\n<p>Tamanho \/ altura 17 cm a 19 cm, di\u00e2metro ~ 10 cm -12 cm, ideal para arenas 30x30x30 cm e superiores.<br \/>\nO peso varia entre 50 e 80 gramas<\/p>\n<p>Artigo decorativo composto por um arbusto de madeira seca naturalmente e uma base de resina sint\u00e9tica (placa de base).<br \/>\nEste arbusto ornamental foi fabricado \u00e0 m\u00e3o na Alemanha e \u00e9, por isso, caracterizado pela sustentabilidade.<\/p>\n<p><strong>ATEN\u00c7\u00c3O:<\/strong> N\u00e3o colocar em formic\u00e1rios muito h\u00famidos (humidade superior a 60%). O arbusto pode come\u00e7ar a mofar. Com uma boa ventila\u00e7\u00e3o, o arbusto pode tamb\u00e9m ser colocado em formic\u00e1rios mais h\u00famidos.<\/p>\n<p>Alguns arbustos ornamentais n\u00e3o se aguentam sozinhos no formic\u00e1rio devido \u00e0 sua altura. Neste caso, \u00e9 \u00fatil cobrir um pouco a base com substrato ou colocar o produto perto dos pain\u00e9is exteriores.<\/p>\n<p><span data-text-color=\"alert\"><strong>NOTA IMPORTANTE SOBRE O ARTIGO:<\/strong><\/span><br \/>\nComo se trata de um produto natural \/ artigo \u00fanico, as ilustra\u00e7\u00f5es aqui apresentadas n\u00e3o s\u00e3o completamente id\u00eanticas ao artigo que recebe. Pode haver desvios no tamanho, forma e cor da mini \u00e1rvore e da placa de base em ard\u00f3sia. Garantimos apenas a altura m\u00e1xima do objeto.<\/p>\n<p>Ao encomendar este artigo, o utilizador concorda e consente com os poss\u00edveis desvios acima mencionados do produto em termos de tamanho, forma e cor no momento da compra.<\/p>","protected":false},"excerpt":{"rendered":"<p>O conjunto \u00e9 composto por 31 pe\u00e7as.<br \/>\nTamanho: <strong>XL<\/strong><\/p>","protected":false},"featured_media":7116,"comment_status":"open","ping_status":"closed","template":"","meta":{"_acf_changed":false,"content-type":"","_monsterinsights_skip_tracking":false,"_monsterinsights_sitenote_active":false,"_monsterinsights_sitenote_note":"","_monsterinsights_sitenote_category":0},"product_brand":[],"product_cat":[355,354,73],"product_tag":[],"class_list":{"0":"post-6377","1":"product","2":"type-product","3":"status-publish","4":"has-post-thumbnail","6":"product_cat-bundle-offers","7":"product_cat-starter-sets-for-weaver-ants","8":"product_cat-starter-sets","10":"first","11":"instock","12":"taxable","13":"shipping-taxable","14":"purchasable","15":"product-type-simple"},"acf":[],"aioseo_notices":[],"jetpack_sharing_enabled":true,"_links":{"self":[{"href":"https:\/\/antcube.shop\/pt\/wp-json\/wp\/v2\/product\/6377","targetHints":{"allow":["GET"]}}],"collection":[{"href":"https:\/\/antcube.shop\/pt\/wp-json\/wp\/v2\/product"}],"about":[{"href":"https:\/\/antcube.shop\/pt\/wp-json\/wp\/v2\/types\/product"}],"replies":[{"embeddable":true,"href":"https:\/\/antcube.shop\/pt\/wp-json\/wp\/v2\/comments?post=6377"}],"wp:featuredmedia":[{"embeddable":true,"href":"https:\/\/antcube.shop\/pt\/wp-json\/wp\/v2\/media\/7116"}],"wp:attachment":[{"href":"https:\/\/antcube.shop\/pt\/wp-json\/wp\/v2\/media?parent=6377"}],"wp:term":[{"taxonomy":"product_brand","embeddable":true,"href":"https:\/\/antcube.shop\/pt\/wp-json\/wp\/v2\/product_brand?post=6377"},{"taxonomy":"product_cat","embeddable":true,"href":"https:\/\/antcube.shop\/pt\/wp-json\/wp\/v2\/product_cat?post=6377"},{"taxonomy":"product_tag","embeddable":true,"href":"https:\/\/antcube.shop\/pt\/wp-json\/wp\/v2\/product_tag?post=6377"}],"curies":[{"name":"wp","href":"https:\/\/api.w.org\/{rel}","templated":true}]}}