{"id":5935,"date":"2023-06-24T12:30:33","date_gmt":"2023-06-24T10:30:33","guid":{"rendered":"https:\/\/antcube.shop\/product\/bundle-offer-messor-angularis\/"},"modified":"2025-10-19T06:01:04","modified_gmt":"2025-10-19T04:01:04","slug":"pacote-de-oferta-messor-angularis-2","status":"publish","type":"product","link":"https:\/\/antcube.shop\/pt\/produto\/pacote-de-oferta-messor-angularis-2\/","title":{"rendered":"Oferta de pacote - Messor arenarius"},"content":{"rendered":"<div class=\"tab-body active\">\n<p><span data-text-color=\"secondary\"><strong>Oferta de pacote que inclui uma col\u00f3nia de formigas Messor arenarius (rainha + 5-10 oper\u00e1rias + cria\u00e7\u00e3o), um conjunto inicial para formigas colhedoras L Popcorn com 3x almofadas de formic\u00e1rio e um frasco dos nossos grilos escaldados especiais (prote\u00edna h\u00famida).<\/strong><\/span><\/p>\n<p><span data-text-color=\"alert\"><strong>Apenas enquanto durarem os stocks.<\/strong><\/span><\/p>\n<p><strong>Tudo o que \u00e9 necess\u00e1rio para manter o Messor arenarius com sucesso<\/strong><br \/>\nEste pacote cont\u00e9m tudo o que \u00e9 necess\u00e1rio para manter com sucesso uma col\u00f3nia de Messor arenarius durante os primeiros meses. Pode ser expandido de forma flex\u00edvel e \u00e9 ideal para se iniciar na cria\u00e7\u00e3o de formigas.<\/p>\n<p><strong>A esp\u00e9cie de formiga: Messor arenarius<\/strong><br \/>\nA Messor arenarius, tamb\u00e9m conhecida como \"formiga ceifeira das dunas\", \u00e9 uma esp\u00e9cie de formiga gran\u00edvora muito grande em compara\u00e7\u00e3o com outras esp\u00e9cies de Messor e encontra-se principalmente nas regi\u00f5es secas e quentes do Norte de \u00c1frica. As suas principais obreiras podem atingir um tamanho surpreendente de 18 mm. \u00c9 conhecida pela sua adaptabilidade a habitats secos e pertence \u00e0s chamadas formigas ceifeiras, que s\u00e3o conhecidas pelo seu interessante modo de vida e pelas impressionantes estruturas dos seus ninhos.<\/p>\n<p>Visualmente, o Messor arenarius destaca-se pelo seu corpo preto brilhante e pelas suas formigas oper\u00e1rias de grande porte, que s\u00e3o particularmente impressionantes. Devido \u00e0 sua natureza robusta e aos seus requisitos de manuten\u00e7\u00e3o simples, \u00e9 uma esp\u00e9cie ideal para principiantes, mas devido ao seu tamanho impressionante \u00e9 tamb\u00e9m interessante para os criadores avan\u00e7ados de formigas.<\/p>\n<p><strong>Alimentos para Messor arenarius<\/strong><br \/>\nA Messor arenarius alimenta-se principalmente de gr\u00e3os, que utiliza para fazer o chamado \"p\u00e3o de formiga\". Al\u00e9m disso, a col\u00f3nia tamb\u00e9m aceita frutos doces, pequenos insectos e alimentos proteicos. A maior parte das suas necessidades de humidade \u00e9 coberta por gr\u00e3os, enquanto o resto \u00e9 coberto por insectos e quaisquer l\u00edquidos oferecidos, como a \u00e1gua de mel.<\/p>\n<p><strong>No formic\u00e1rio devem ser fornecidos os seguintes alimentos<\/strong><br \/>\nMisturas de gr\u00e3os<br \/>\nPequenos insectos (por exemplo, moscas da fruta)<br \/>\nFornecer sempre \u00e1gua fresca<br \/>\n\u00c1gua com mel, se necess\u00e1rio (nota: tapar sempre os l\u00edquidos abertos para evitar que as formigas caiam dentro).<\/p>\n<p><strong>O formic\u00e1rio adequado para Messor arenarius<\/strong><br \/>\nComo todas as formigas ceifeiras, a Messor arenarius tamb\u00e9m precisa de um ninho que ofere\u00e7a \u00e1reas secas e ligeiramente h\u00famidas. A zona h\u00famida serve para cuidar da ninhada, enquanto a parte seca \u00e9 ideal para armazenar gr\u00e3os para evitar o crescimento de bolor. O nosso conjunto inicial cont\u00e9m, portanto, dois viveiros de formigas (ninhos), que s\u00e3o suficientes para os primeiros 1-2 anos. Depois disso, o formic\u00e1rio deve ser alargado para criar espa\u00e7o para o crescimento da col\u00f3nia.<\/p>\n<p><strong>As condi\u00e7\u00f5es clim\u00e1ticas \u00f3ptimas para Messor arenarius:<\/strong><br \/>\n<strong>Humidade:<\/strong><br \/>\nArena: 30-50 %<br \/>\n\u00c1rea de nidifica\u00e7\u00e3o: 50-70 %<\/p>\n<p><strong>Temperatura:<\/strong><br \/>\nArena: 25-30 \u00b0C<br \/>\n\u00c1rea do ninho: 22-28 \u00b0C<\/p>\n<p><strong>Material de nidifica\u00e7\u00e3o para Messor arenarius<\/strong><br \/>\nDigfix \u00e9 particularmente adequado para a cria\u00e7\u00e3o de Messor arenarius. \u00c9 resistente \u00e0 humidade e permite uma vis\u00e3o clara das estruturas dos ninhos, sem que os res\u00edduos do substrato prejudiquem a vis\u00e3o, como acontece com as misturas de areia e argila.<\/p>\n<p>Uma vez que as obreiras Major tamb\u00e9m podem roer materiais mais duros como o Ytong ao longo do tempo, recomendamos ninhos de vidro com uma inser\u00e7\u00e3o Digfix. Esta combina\u00e7\u00e3o oferece n\u00e3o s\u00f3 longevidade, mas tamb\u00e9m condi\u00e7\u00f5es \u00f3ptimas para observar e cuidar da col\u00f3nia.<\/p>\n<p>Com esta configura\u00e7\u00e3o, cria-se uma base ideal para manter Messor arenarius e pode-se observar e cuidar destas formigas fascinantes durante muitos anos.<\/p>\n<p><strong>Conte\u00fado:<\/strong><br \/>\n1x Messor arenarius (rainha + 1-4 oper\u00e1rias + ninhada)<br \/>\n1x grilo escaldado 10g<br \/>\n1x alimento em gr\u00e3o menor 100g<br \/>\n1x almofada de formic\u00e1rio - 20x20cm<br \/>\n2x almofada de formic\u00e1rio - 20x6cm<\/p>\n<p>1x ANTCUBE - arena 20x20x10 - plano<br \/>\n1x arma\u00e7\u00e3o de arena de formigas 20\u00d720<br \/>\n1x cobertura de arena de formigas 20\u00d720<br \/>\n1x pontos de fixa\u00e7\u00e3o para a cobertura da arena 4pcs.<br \/>\n2x ANTCUBE - Ant farm - L - 20\u00d720 - vertical<\/p>\n<p>2x ANTCUBE - Digfix Terra nidum 20\u00d720 - L - bege<br \/>\n1x Ninho de pipocas 20\u00d720 - L<br \/>\n1x tubo de 1m transparente 20\/16 mm<br \/>\n2x ANTCUBE - Folha vermelha 20\u00d720 - filtro<br \/>\n2x clips adesivos - transparentes 2 pcs.<br \/>\n1x substrato - deserto - 1 kg<\/p>\n<p>2x inser\u00e7\u00e3o da grelha - 50mm - a\u00e7o inoxid\u00e1vel<br \/>\n1x inser\u00e7\u00e3o de grade - 27mm - a\u00e7o inoxid\u00e1vel<br \/>\n1x tampa da grelha - 16mm - a\u00e7o inoxid\u00e1vel<\/p>\n<p>1x conetor para mangueira de dep\u00f3sito 27-14,16,20 mm - transparente<br \/>\n1 doseador de alimenta\u00e7\u00e3o 2ml - dose\u00e1vel<br \/>\n1x bebedouro transparente 20ml - esponja<br \/>\n1x tigela transparente 1\u00d720 - esponja<br \/>\nMini higr\u00f3metro anal\u00f3gico - display - pendurado<br \/>\n1x \u00d3leo de protec\u00e7\u00e3o contra a fuga de formigas 10ml<br \/>\n1x Pin\u00e7a a\u00e7o mola - larga - macia<br \/>\n1x Pin\u00e7a de pl\u00e1stico transparente<br \/>\n1 pipetas de pl\u00e1stico 3ml<br \/>\n1x lupa de m\u00e3o - 2x - 30mm<br \/>\n1x limpador de espuma 150x18x2,5mm<br \/>\n1x fundo fotogr\u00e1fico - deserto - 20\u00d710<\/p>\n<p><strong>Descri\u00e7\u00e3o Conjunto inicial:<\/strong><br \/>\nEste conjunto de inicia\u00e7\u00e3o \u00e9 especialmente adequado para as esp\u00e9cies de formigas que recolhem gr\u00e3os do g\u00e9nero Messor ou Pogonomyrmex. A quinta com o prato de pipocas destina-se a armazenar as sementes e o p\u00e3o de formiga e deve, portanto, permanecer completamente seca para evitar que as sementes\/gr\u00e3os a\u00ed armazenados pelas formigas germinem ou ganhem bolor.<br \/>\nA segunda quinta com a placa \"Terra nidum\" destina-se a servir de zona de nidifica\u00e7\u00e3o e de reprodu\u00e7\u00e3o para a col\u00f3nia de formigas. Esta deve ser sempre mantida ligeiramente h\u00famida.<br \/>\nPara lhe dar mais flexibilidade na montagem do seu formic\u00e1rio, inclu\u00edmos uma segunda placa \"Terra nidum\" que pode ser utilizada em vez do ninho de pipocas.<\/p>\n<p><strong>Descri\u00e7\u00e3o da placa Terra nidum:<\/strong> A placa Terra nidum (latim para ninho de terra) feita de material escav\u00e1vel \u00e9 perfeita para as nossas col\u00f3nias de formigas ANTCUBE. Pode ser utilizado tanto seco como h\u00famido. Tamb\u00e9m \u00e9 adequado para muitas esp\u00e9cies de formigas, especialmente para esp\u00e9cies que fazem ninhos na areia e na madeira (morta). Pode ser utilizado em vez de misturas de areia\/argila ou ninhos de corti\u00e7a. A vantagem deste ninho \u00e9 que a humidade da placa \u00e9 mais f\u00e1cil de controlar devido a uma descolora\u00e7\u00e3o claramente vis\u00edvel e a colora\u00e7\u00e3o da placa oferece um super contraste com as esp\u00e9cies de formigas normalmente mais escuras. Al\u00e9m disso, os pain\u00e9is interiores do formigueiro n\u00e3o podem ser sujos com substrato, como \u00e9 o caso das misturas de areia\/argila, por exemplo, o que permite uma vis\u00e3o perfeita do ninho. O nosso material de nidifica\u00e7\u00e3o tem tamb\u00e9m uma estrutura muito mais firme para que os t\u00faneis e c\u00e2maras escavados pelas formigas n\u00e3o se desmoronem.<\/p>\n<p><strong>Descri\u00e7\u00e3o do ninho de pipocas:<\/strong> Este ninho de pipocas com passagens e c\u00e2maras pr\u00e9-fabricadas \u00e9 perfeitamente adequado como celeiro para as formigas Messor, por exemplo, mas tamb\u00e9m para outras esp\u00e9cies de formigas colectoras de gr\u00e3os. Possui um orif\u00edcio de acesso ao ninho. O ninho de pipocas absorve a humidade e pode expandir-se, pelo que deve ser mantido sempre seco. O Messor barbarus aceita muito bem o nosso ninho de pipocas ANTCUBE como celeiro. Com o tempo, as formigas come\u00e7am a expandir o ninho de pipocas e a comer o material de nidifica\u00e7\u00e3o. Cheira a mel caramelizado e \u00e9 por isso muito atrativo.<\/p>\n<p>O ninho de pipocas s\u00f3 deve ser utilizado para esp\u00e9cies de formigas que requerem muito pouca ou nenhuma humidade na zona do ninho.<\/p>\n<p><strong>Importante:<\/strong> Humede\u00e7a o substrato do deserto antes de o utilizar, para que a mistura possa aderir e desenvolver uma fixa\u00e7\u00e3o firme no formigueiro. Al\u00e9m disso, um substrato seco e poeirento pode levar \u00e0 obstru\u00e7\u00e3o das vias respirat\u00f3rias das formigas e, no pior dos casos, \u00e0 asfixia dos animais.<\/p>\n<p><strong>Recomenda\u00e7\u00e3o:<\/strong> Recomendamos uma camada de substrato de 2 mm de altura, para que os animais n\u00e3o possam enterrar-se na arena e, em vez disso, utilizar a quinta fornecida para o efeito. Recomendamos tamb\u00e9m que o material de nidifica\u00e7\u00e3o na fazenda (areia\/argila, Digfix, etc.) seja picado levemente em um s\u00f3 lugar para facilitar a escava\u00e7\u00e3o dos animais.<\/p>\n<p><strong>Notas sobre a produ\u00e7\u00e3o<\/strong><br \/>\nO vidro \u00e9 cortado de acordo com a norma DIN 1249 com uma toler\u00e2ncia de +\/;- 1mm. Para esp\u00e9cies de formigas extremamente pequenas, \u00e9 essencial uma protec\u00e7\u00e3o adicional contra a fuga de formigas.<\/p>\n<p><strong>Notas sobre a fazenda<\/strong><br \/>\nAo anexar ou remover mangueiras, por favor note o seguinte:<br \/>\nSe o tubo for muito dif\u00edcil de encaixar na tomada de liga\u00e7\u00e3o, a tomada deve ser ligeiramente esfregada com uma gota do nosso \u00f3leo ou p\u00f3 de prote\u00e7\u00e3o contra fugas. O tubo deve ent\u00e3o ser empurrado para a tomada com movimentos de tor\u00e7\u00e3o ou de aparafusamento, sem for\u00e7ar a tomada com movimentos para cima e para baixo. O mesmo se aplica \u00e0 remo\u00e7\u00e3o das mangueiras da tomada de liga\u00e7\u00e3o agr\u00edcola. Por favor, n\u00e3o a puxe simplesmente!<\/p>\n<p><strong>Nota sobre a Terra nidum:<\/strong> A cor natural pode variar entre o bege \/ cor de areia e o castanho claro. A cor n\u00e3o tem qualquer influ\u00eancia na qualidade.<br \/>\nDevido ao processo de produ\u00e7\u00e3o, as dimens\u00f5es podem variar em +\/- 1 mm<\/p>\n<p><strong>Nota sobre os grilos escaldados:<\/strong><br \/>\nOs nossos grilos escaldados s\u00e3o uma forma f\u00e1cil de fornecer \u00e0s suas formigas alimentos proteicos acabados de conservar sem ter de alimentar insectos vivos. Os grilos contidos (Acheta domesticus) foram suavemente branqueados para garantir que os valores nutricionais, o sabor e o aroma s\u00e3o mantidos. Al\u00e9m disso, a casca quitinosa dos insectos \u00e9 amolecida desta forma, para que possa ser digerida mais facilmente. As liga\u00e7\u00f5es das prote\u00ednas de colag\u00e9nio s\u00e3o quebradas para que as formigas as possam utilizar melhor. A Acheta domesticus enlatada tem o mesmo valor nutricional que os grilos vivos, mas \u00e9 mais f\u00e1cil de digerir.<\/p>\n<p>Os grilos escaldados n\u00e3o s\u00e3o adequados para a ca\u00e7a de esp\u00e9cies de formigas que necessitam de alimento vivo (por exemplo, ponerinas (formigas grandes) como Harpegnathos ou Odontomachus)<\/p>\n<p><strong>Outras vantagens:<\/strong><br \/>\nGarantia de aus\u00eancia de \u00e1caros<br \/>\nPode ser doseado<br \/>\nEsterilizado e aspirado<br \/>\nSem aditivos<br \/>\nGrilos de cria\u00e7\u00e3o sustent\u00e1vel puramente org\u00e2nica, alimentados com res\u00edduos org\u00e2nicos<\/p>\n<p><strong>Aten\u00e7\u00e3o:<\/strong><br \/>\nPode ser conservado no frigor\u00edfico durante cerca de quatro dias ap\u00f3s a abertura. A dura\u00e7\u00e3o de conserva\u00e7\u00e3o \u00e9 mais longa se for congelado.<\/p>\n<\/div>","protected":false},"excerpt":{"rendered":"<p>Oferta de pacote que inclui uma col\u00f3nia de formigas Messor arenarius (rainha + 5-10 oper\u00e1rias + cria\u00e7\u00e3o), um conjunto inicial para formigas colhedoras L Popcorn com 3x almofadas de formic\u00e1rio e um frasco dos nossos grilos escaldados especiais (prote\u00edna h\u00famida). Apenas enquanto durarem os stocks. Tudo o que precisa para manter com sucesso o Messor arenarius Este pacote cont\u00e9m tudo o que precisa para","protected":false},"featured_media":10873,"comment_status":"open","ping_status":"closed","template":"","meta":{"_acf_changed":false,"content-type":"","_monsterinsights_skip_tracking":false,"_monsterinsights_sitenote_active":false,"_monsterinsights_sitenote_note":"","_monsterinsights_sitenote_category":0},"product_brand":[],"product_cat":[355,344,353,73],"product_tag":[],"class_list":{"0":"post-5935","1":"product","2":"type-product","3":"status-publish","4":"has-post-thumbnail","6":"product_cat-bundle-offers","7":"product_cat-popcorn","8":"product_cat-starter-sets-for-harvester-ants","9":"product_cat-starter-sets","11":"first","12":"outofstock","13":"taxable","14":"shipping-taxable","15":"purchasable","16":"product-type-simple"},"acf":[],"aioseo_notices":[],"jetpack_sharing_enabled":true,"_links":{"self":[{"href":"https:\/\/antcube.shop\/pt\/wp-json\/wp\/v2\/product\/5935","targetHints":{"allow":["GET"]}}],"collection":[{"href":"https:\/\/antcube.shop\/pt\/wp-json\/wp\/v2\/product"}],"about":[{"href":"https:\/\/antcube.shop\/pt\/wp-json\/wp\/v2\/types\/product"}],"replies":[{"embeddable":true,"href":"https:\/\/antcube.shop\/pt\/wp-json\/wp\/v2\/comments?post=5935"}],"wp:featuredmedia":[{"embeddable":true,"href":"https:\/\/antcube.shop\/pt\/wp-json\/wp\/v2\/media\/10873"}],"wp:attachment":[{"href":"https:\/\/antcube.shop\/pt\/wp-json\/wp\/v2\/media?parent=5935"}],"wp:term":[{"taxonomy":"product_brand","embeddable":true,"href":"https:\/\/antcube.shop\/pt\/wp-json\/wp\/v2\/product_brand?post=5935"},{"taxonomy":"product_cat","embeddable":true,"href":"https:\/\/antcube.shop\/pt\/wp-json\/wp\/v2\/product_cat?post=5935"},{"taxonomy":"product_tag","embeddable":true,"href":"https:\/\/antcube.shop\/pt\/wp-json\/wp\/v2\/product_tag?post=5935"}],"curies":[{"name":"wp","href":"https:\/\/api.w.org\/{rel}","templated":true}]}}