{"id":5934,"date":"2023-06-24T12:30:09","date_gmt":"2023-06-24T10:30:09","guid":{"rendered":"https:\/\/antcube.shop\/product\/antcube-terra-nidum-20x20-l-beige\/"},"modified":"2026-04-30T21:58:25","modified_gmt":"2026-04-30T19:58:25","slug":"antcube-terra-nidum-20x20-l-beige","status":"publish","type":"product","link":"https:\/\/antcube.shop\/pt\/produto\/antcube-terra-nidum-20x20-l-beige\/","title":{"rendered":"ANTCUBE - Digfix Terra nidum 20\u00d720 - L - bege"},"content":{"rendered":"<p><strong>Dimens\u00f5es:<\/strong> 183x160x20 mm<\/p>\n<p><strong>Material:<\/strong> material diger\u00edvel \u00e0 base de resina.<\/p>\n<p><strong>Descri\u00e7\u00e3o:<\/strong> A placa Terra nidum (lat. ninho de terra) feita de material escav\u00e1vel \u00e9 perfeita para os nossos viveiros de formigas ANTCUBE. Pode ser utilizado tanto seco como h\u00famido. \u00c9 tamb\u00e9m adequado para muitas esp\u00e9cies de formigas, especialmente as que nidificam na areia e em madeira (morta). Pode ser utilizado em vez das misturas de areia e espuma ou dos ninhos de corti\u00e7a. A vantagem deste ninho \u00e9 que o humedecimento da placa \u00e9 mais f\u00e1cil de controlar devido a uma descolora\u00e7\u00e3o bem vis\u00edvel e a cor da placa oferece um grande contraste com as esp\u00e9cies de formigas normalmente de cor mais escura. Al\u00e9m disso, os pain\u00e9is interiores do formigueiro n\u00e3o podem ser sujos com substrato, como \u00e9 o caso, por exemplo, das misturas de areia e argila, o que permite uma vis\u00e3o perfeita do ninho. O nosso material de ninho tamb\u00e9m tem uma estrutura muito mais firme, de modo que as passagens e c\u00e2maras escavadas pelas formigas n\u00e3o se desmoronam.<\/p>\n<p><strong>Nota:<\/strong> A tonalidade da cor natural pode variar entre o bege \/ areia e o castanho claro. A tonalidade da cor n\u00e3o afecta a qualidade.<br \/>\nDevido ao fabrico, as dimens\u00f5es podem variar em +\/- 1 mm<\/p>","protected":false},"excerpt":{"rendered":"<p>Gr\u00f6\u00dfe: <strong>L<\/strong><\/p>","protected":false},"featured_media":5928,"comment_status":"open","ping_status":"closed","template":"","meta":{"_acf_changed":false,"content-type":"","_monsterinsights_skip_tracking":false,"_monsterinsights_sitenote_active":false,"_monsterinsights_sitenote_note":"","_monsterinsights_sitenote_category":0},"product_brand":[],"product_cat":[257,87,88],"product_tag":[],"class_list":{"0":"post-5934","1":"product","2":"type-product","3":"status-publish","4":"has-post-thumbnail","6":"product_cat-new-innovatve-products","7":"product_cat-nest-insets","8":"product_cat-digfix","10":"first","11":"instock","12":"taxable","13":"shipping-taxable","14":"purchasable","15":"product-type-simple"},"acf":[],"aioseo_notices":[],"jetpack_sharing_enabled":true,"_links":{"self":[{"href":"https:\/\/antcube.shop\/pt\/wp-json\/wp\/v2\/product\/5934","targetHints":{"allow":["GET"]}}],"collection":[{"href":"https:\/\/antcube.shop\/pt\/wp-json\/wp\/v2\/product"}],"about":[{"href":"https:\/\/antcube.shop\/pt\/wp-json\/wp\/v2\/types\/product"}],"replies":[{"embeddable":true,"href":"https:\/\/antcube.shop\/pt\/wp-json\/wp\/v2\/comments?post=5934"}],"wp:featuredmedia":[{"embeddable":true,"href":"https:\/\/antcube.shop\/pt\/wp-json\/wp\/v2\/media\/5928"}],"wp:attachment":[{"href":"https:\/\/antcube.shop\/pt\/wp-json\/wp\/v2\/media?parent=5934"}],"wp:term":[{"taxonomy":"product_brand","embeddable":true,"href":"https:\/\/antcube.shop\/pt\/wp-json\/wp\/v2\/product_brand?post=5934"},{"taxonomy":"product_cat","embeddable":true,"href":"https:\/\/antcube.shop\/pt\/wp-json\/wp\/v2\/product_cat?post=5934"},{"taxonomy":"product_tag","embeddable":true,"href":"https:\/\/antcube.shop\/pt\/wp-json\/wp\/v2\/product_tag?post=5934"}],"curies":[{"name":"wp","href":"https:\/\/api.w.org\/{rel}","templated":true}]}}